{"id":16,"date":"2025-09-08T21:50:23","date_gmt":"2025-09-08T14:50:23","guid":{"rendered":"https:\/\/smpn3bogor.com\/?page_id=16"},"modified":"2025-09-30T14:03:36","modified_gmt":"2025-09-30T07:03:36","slug":"gioi-thieu-ax88","status":"publish","type":"page","link":"https:\/\/smpn3bogor.com\/vi-vn\/gioi-thieu-ax88\/","title":{"rendered":"Gi\u1edbi Thi\u1ec7u AX88 \u2013 Camera Th\u00f4ng Minh T\u00edch H\u1ee3p AI &#038; Gi\u1ea3i Tr\u00ed"},"content":{"rendered":"<div id=\"ez-toc-container\" class=\"ez-toc-v2_0_82_2 counter-hierarchy ez-toc-counter ez-toc-grey ez-toc-container-direction\">\n<div class=\"ez-toc-title-container\">\n<p class=\"ez-toc-title\" style=\"cursor:inherit\">N\u1ed9i dung<\/p>\n<span class=\"ez-toc-title-toggle\"><a href=\"#\" class=\"ez-toc-pull-right ez-toc-btn ez-toc-btn-xs ez-toc-btn-default ez-toc-toggle\" aria-label=\"Toggle Table of Content\"><span class=\"ez-toc-js-icon-con\"><span class=\"\"><span class=\"eztoc-hide\" style=\"display:none;\">Toggle<\/span><span class=\"ez-toc-icon-toggle-span\"><svg style=\"fill: #999;color:#999\" xmlns=\"http:\/\/www.w3.org\/2000\/svg\" class=\"list-377408\" width=\"20px\" height=\"20px\" viewBox=\"0 0 24 24\" fill=\"none\"><path d=\"M6 6H4v2h2V6zm14 0H8v2h12V6zM4 11h2v2H4v-2zm16 0H8v2h12v-2zM4 16h2v2H4v-2zm16 0H8v2h12v-2z\" fill=\"currentColor\"><\/path><\/svg><svg style=\"fill: #999;color:#999\" class=\"arrow-unsorted-368013\" xmlns=\"http:\/\/www.w3.org\/2000\/svg\" width=\"10px\" height=\"10px\" viewBox=\"0 0 24 24\" version=\"1.2\" baseProfile=\"tiny\"><path d=\"M18.2 9.3l-6.2-6.3-6.2 6.3c-.2.2-.3.4-.3.7s.1.5.3.7c.2.2.4.3.7.3h11c.3 0 .5-.1.7-.3.2-.2.3-.5.3-.7s-.1-.5-.3-.7zM5.8 14.7l6.2 6.3 6.2-6.3c.2-.2.3-.5.3-.7s-.1-.5-.3-.7c-.2-.2-.4-.3-.7-.3h-11c-.3 0-.5.1-.7.3-.2.2-.3.5-.3.7s.1.5.3.7z\"\/><\/svg><\/span><\/span><\/span><\/a><\/span><\/div>\n<nav><ul class='ez-toc-list ez-toc-list-level-1 ' ><li class='ez-toc-page-1 ez-toc-heading-level-1'><a class=\"ez-toc-link ez-toc-heading-1\" href=\"https:\/\/smpn3bogor.com\/vi-vn\/gioi-thieu-ax88\/#Gioi_thieu_AX88_Camera_Dinh_Nghia_Moi_Ve_Cong_Nghe_Giam_Sat_An_Ninh\" >Gi\u1edbi thi\u1ec7u AX88 Camera: \u0110\u1ecbnh Ngh\u0129a M\u1edbi V\u1ec1 C\u00f4ng Ngh\u1ec7 Gi\u00e1m S\u00e1t An Ninh<\/a><ul class='ez-toc-list-level-2' ><li class='ez-toc-heading-level-2'><a class=\"ez-toc-link ez-toc-heading-2\" href=\"https:\/\/smpn3bogor.com\/vi-vn\/gioi-thieu-ax88\/#Gioi_thieu_AX88_Camera_Tong_Quan_Ve_Mot_Sieu_Pham\" >Gi\u1edbi thi\u1ec7u AX88 Camera: T\u1ed5ng Quan V\u1ec1 M\u1ed9t Si\u00eau Ph\u1ea9m<\/a><\/li><li class='ez-toc-page-1 ez-toc-heading-level-2'><a class=\"ez-toc-link ez-toc-heading-3\" href=\"https:\/\/smpn3bogor.com\/vi-vn\/gioi-thieu-ax88\/#Nhung_Tinh_Nang_Cong_Nghe_Noi_Bat_Cua_AX88_Camera\" >Nh\u1eefng T\u00ednh N\u0103ng C\u00f4ng Ngh\u1ec7 N\u1ed5i B\u1eadt C\u1ee7a AX88 Camera<\/a><\/li><li class='ez-toc-page-1 ez-toc-heading-level-2'><a class=\"ez-toc-link ez-toc-heading-4\" href=\"https:\/\/smpn3bogor.com\/vi-vn\/gioi-thieu-ax88\/#Danh_Gia_Hieu_Suat_Hoat_Dong_Thuc_Te\" >\u0110\u00e1nh Gi\u00e1 Hi\u1ec7u Su\u1ea5t Ho\u1ea1t \u0110\u1ed9ng Th\u1ef1c T\u1ebf<\/a><ul class='ez-toc-list-level-3' ><li class='ez-toc-heading-level-3'><a class=\"ez-toc-link ez-toc-heading-5\" href=\"https:\/\/smpn3bogor.com\/vi-vn\/gioi-thieu-ax88\/#So_Sanh_AX88_Camera_Voi_Cac_Dong_Camera_Khac\" >So S\u00e1nh AX88 Camera V\u1edbi C\u00e1c D\u00f2ng Camera Kh\u00e1c<\/a><\/li><li class='ez-toc-page-1 ez-toc-heading-level-3'><a class=\"ez-toc-link ez-toc-heading-6\" href=\"https:\/\/smpn3bogor.com\/vi-vn\/gioi-thieu-ax88\/#Loi_Ich_Khong_The_Bo_Qua_Khi_Su_Dung_AX88\" >L\u1ee3i \u00cdch Kh\u00f4ng Th\u1ec3 B\u1ecf Qua Khi S\u1eed D\u1ee5ng AX88<\/a><\/li><\/ul><\/li><li class='ez-toc-page-1 ez-toc-heading-level-2'><a class=\"ez-toc-link ez-toc-heading-7\" href=\"https:\/\/smpn3bogor.com\/vi-vn\/gioi-thieu-ax88\/#Giai_Dap_Cac_Thac_Mac_Thuong_Gap_Ve_AX88\" >Gi\u1ea3i \u0110\u00e1p C\u00e1c Th\u1eafc M\u1eafc Th\u01b0\u1eddng G\u1eb7p V\u1ec1 AX88<\/a><\/li><li class='ez-toc-page-1 ez-toc-heading-level-2'><a class=\"ez-toc-link ez-toc-heading-8\" href=\"https:\/\/smpn3bogor.com\/vi-vn\/gioi-thieu-ax88\/#Tong_Ket\" >T\u1ed5ng K\u1ebft<\/a><\/li><\/ul><\/li><\/ul><\/nav><\/div>\n<h1 style=\"text-align: center;\"><span class=\"ez-toc-section\" id=\"Gioi_thieu_AX88_Camera_Dinh_Nghia_Moi_Ve_Cong_Nghe_Giam_Sat_An_Ninh\"><\/span><b>Gi\u1edbi thi\u1ec7u AX88 Camera: \u0110\u1ecbnh Ngh\u0129a M\u1edbi V\u1ec1 C\u00f4ng Ngh\u1ec7 Gi\u00e1m S\u00e1t An Ninh<\/b><span class=\"ez-toc-section-end\"><\/span><\/h1>\n<p><span style=\"font-weight: 400;\">Trong b\u1ed1i c\u1ea3nh c\u00f4ng ngh\u1ec7 an ninh ng\u00e0y c\u00e0ng tr\u1edf n\u00ean thi\u1ebft y\u1ebfu, b\u00e0i vi\u1ebft <\/span><b><a href=\"https:\/\/smpn3bogor.com\/gioi-thieu-ax88\/\">gi\u1edbi thi\u1ec7u AX88<\/a> camera<\/b><span style=\"font-weight: 400;\"> n\u00e0y s\u1ebd cung c\u1ea5p m\u1ed9t c\u00e1i nh\u00ecn to\u00e0n di\u1ec7n v\u1ec1 m\u1ed9t b\u01b0\u1edbc ti\u1ebfn \u0111\u1ed9t ph\u00e1 trong ng\u00e0nh gi\u00e1m s\u00e1t. V\u1edbi s\u1ef1 t\u00edch h\u1ee3p c\u1ee7a h\u00e0ng lo\u1ea1t c\u00f4ng ngh\u1ec7 ti\u00ean ti\u1ebfn, d\u00f2ng s\u1ea3n ph\u1ea9m AX88 \u0111ang nhanh ch\u00f3ng tr\u1edf th\u00e0nh l\u1ef1a ch\u1ecdn \u01b0u ti\u00ean cho c\u00e1c doanh nghi\u1ec7p, gia \u0111\u00ecnh v\u00e0 t\u1ed5 ch\u1ee9c \u0111\u00f2i h\u1ecfi m\u1ee9c \u0111\u1ed9 an to\u00e0n tuy\u1ec7t \u0111\u1ed1i. B\u00e0i ph\u00e2n t\u00edch n\u00e0y kh\u00f4ng ch\u1ec9 \u0111\u01a1n thu\u1ea7n l\u00e0 m\u1ed9t b\u00e0i <\/span><b>gi\u1edbi thi\u1ec7u AX88<\/b><span style=\"font-weight: 400;\">, m\u00e0 c\u00f2n \u0111i s\u00e2u v\u00e0o nh\u1eefng l\u00fd do c\u1ed1t l\u00f5i \u0111\u00e3 t\u1ea1o n\u00ean s\u1ee9c h\u00fat m\u1ea1nh m\u1ebd c\u1ee7a d\u00f2ng camera ch\u00ednh h\u00e3ng n\u00e0y tr\u00ean th\u1ecb tr\u01b0\u1eddng.<\/span><\/p>\n<h2><span class=\"ez-toc-section\" id=\"Gioi_thieu_AX88_Camera_Tong_Quan_Ve_Mot_Sieu_Pham\"><\/span><b>Gi\u1edbi thi\u1ec7u AX88 Camera: T\u1ed5ng Quan V\u1ec1 M\u1ed9t Si\u00eau Ph\u1ea9m<\/b><span class=\"ez-toc-section-end\"><\/span><\/h2>\n<p><span style=\"font-weight: 400;\">Khi b\u1eaft \u0111\u1ea7u <\/span><b>gi\u1edbi thi\u1ec7u AX88<\/b><span style=\"font-weight: 400;\">, ch\u00fang ta \u0111ang n\u00f3i v\u1ec1 m\u1ed9t d\u00f2ng camera gi\u00e1m s\u00e1t cao c\u1ea5p v\u1edbi thi\u1ebft k\u1ebf hi\u1ec7n \u0111\u1ea1i, d\u1ec5 d\u00e0ng h\u00f2a h\u1ee3p v\u1edbi nhi\u1ec1u kh\u00f4ng gian ki\u1ebfn tr\u00fac kh\u00e1c nhau. \u0110i\u1ec3m nh\u1ea5n c\u00f4ng ngh\u1ec7 t\u1ea1o n\u00ean s\u1ef1 kh\u00e1c bi\u1ec7t cho<a href=\"https:\/\/smpn3bogor.com\/\"><strong> AX88<\/strong><\/a> ch\u00ednh l\u00e0 vi\u1ec7c t\u00edch h\u1ee3p \u1ed1ng k\u00ednh m\u1eaft c\u00e1 (fisheye) 360 \u0111\u1ed9. T\u00ednh n\u0103ng \u0111\u1ed9c \u0111\u00e1o n\u00e0y cho ph\u00e9p thi\u1ebft b\u1ecb bao qu\u00e1t to\u00e0n b\u1ed9 kh\u00f4ng gian ch\u1ec9 v\u1edbi m\u1ed9t camera duy nh\u1ea5t, x\u00f3a b\u1ecf ho\u00e0n to\u00e0n c\u00e1c \u0111i\u1ec3m m\u00f9 m\u00e0 h\u1ec7 th\u1ed1ng camera truy\u1ec1n th\u1ed1ng th\u01b0\u1eddng kh\u00f4ng th\u1ec3 kh\u1eafc ph\u1ee5c.<\/span><\/p>\n<p><span style=\"font-weight: 400;\">B\u00ean c\u1ea1nh \u0111\u00f3, kh\u1ea3 n\u0103ng k\u1ebft n\u1ed1i IP \u1ed5n \u0111\u1ecbnh c\u00f9ng \u0111\u1ed9 ph\u00e2n gi\u1ea3i \u1ea5n t\u01b0\u1ee3ng l\u00ean \u0111\u1ebfn 12 Megapixel (12MP) \u0111\u1ea3m b\u1ea3o m\u1ed7i khung h\u00ecnh \u0111\u01b0\u1ee3c ghi l\u1ea1i \u0111\u1ec1u \u0111\u1ea1t \u0111\u1ed9 s\u1eafc n\u00e9t v\u00e0 ch\u00e2n th\u1ef1c t\u1ed1i \u0111a. H\u00ecnh \u1ea3nh chi ti\u1ebft n\u00e0y \u0111\u00f3ng vai tr\u00f2 c\u1ef1c k\u1ef3 quan tr\u1ecdng trong vi\u1ec7c gi\u00e1m s\u00e1t chuy\u00ean s\u00e2u v\u00e0 ph\u00e2n t\u00edch d\u1eef li\u1ec7u. \u0110\u01b0\u1ee3c ph\u00e1t tri\u1ec3n d\u1ef1a tr\u00ean n\u1ec1n t\u1ea3ng c\u00f4ng ngh\u1ec7 cao, AX88 cam k\u1ebft mang \u0111\u1ebfn tr\u1ea3i nghi\u1ec7m quan s\u00e1t m\u01b0\u1ee3t m\u00e0 v\u00e0 ch\u00ednh x\u00e1c.<\/span><\/p>\n<figure id=\"attachment_116\" aria-describedby=\"caption-attachment-116\" style=\"width: 800px\" class=\"wp-caption aligncenter\"><img loading=\"lazy\" decoding=\"async\" class=\"wp-image-116 size-full\" src=\"https:\/\/smpn3bogor.com\/wp-content\/uploads\/2025\/09\/tong-quan-ve-ax88.jpg\" alt=\"Gi\u1edbi thi\u1ec7u AX88, t\u1ed5ng quan v\u1ec1 camera hi\u1ec7n \u0111\u1ea1i\" width=\"800\" height=\"400\" title=\"\" srcset=\"https:\/\/smpn3bogor.com\/wp-content\/uploads\/2025\/09\/tong-quan-ve-ax88.jpg 800w, https:\/\/smpn3bogor.com\/wp-content\/uploads\/2025\/09\/tong-quan-ve-ax88-300x150.jpg 300w, https:\/\/smpn3bogor.com\/wp-content\/uploads\/2025\/09\/tong-quan-ve-ax88-768x384.jpg 768w\" sizes=\"auto, (max-width: 800px) 100vw, 800px\" \/><figcaption id=\"caption-attachment-116\" class=\"wp-caption-text\">Gi\u1edbi thi\u1ec7u AX88, t\u1ed5ng quan v\u1ec1 camera hi\u1ec7n \u0111\u1ea1i<\/figcaption><\/figure>\n<p><span style=\"font-weight: 400;\">H\u01a1n n\u1eefa, m\u1ed9t ph\u1ea7n kh\u00f4ng th\u1ec3 thi\u1ebfu khi <\/span><b>gi\u1edbi thi\u1ec7u AX88<\/b><span style=\"font-weight: 400;\"> l\u00e0 nh\u1ea5n m\u1ea1nh kh\u1ea3 n\u0103ng qu\u1ea3n l\u00fd th\u00f4ng minh v\u00e0 ti\u1ec7n l\u1ee3i qua \u1ee9ng d\u1ee5ng di \u0111\u1ed9ng. Ng\u01b0\u1eddi d\u00f9ng c\u00f3 th\u1ec3 d\u1ec5 d\u00e0ng truy c\u1eadp, xem tr\u1ef1c ti\u1ebfp v\u00e0 \u0111i\u1ec1u khi\u1ec3n camera t\u1eeb b\u1ea5t k\u1ef3 \u0111\u00e2u, ch\u1ec9 c\u1ea7n c\u00f3 k\u1ebft n\u1ed1i internet. \u0110i\u1ec1u n\u00e0y trao quy\u1ec1n cho ch\u1ee7 s\u1edf h\u1eefu v\u00e0 c\u00e1c nh\u00e0 qu\u1ea3n l\u00fd kh\u1ea3 n\u0103ng ph\u1ea3n \u1ee9ng t\u1ee9c th\u1eddi tr\u01b0\u1edbc m\u1ecdi t\u00ecnh hu\u1ed1ng.<\/span><\/p>\n<h2><span class=\"ez-toc-section\" id=\"Nhung_Tinh_Nang_Cong_Nghe_Noi_Bat_Cua_AX88_Camera\"><\/span><b>Nh\u1eefng T\u00ednh N\u0103ng C\u00f4ng Ngh\u1ec7 N\u1ed5i B\u1eadt C\u1ee7a AX88 Camera<\/b><span class=\"ez-toc-section-end\"><\/span><\/h2>\n<p><span style=\"font-weight: 400;\">\u0110\u1ec3 ti\u1ebfp t\u1ee5c ph\u1ea7n <\/span><b>gi\u1edbi thi\u1ec7u AX88<\/b><span style=\"font-weight: 400;\">, ch\u00fang ta s\u1ebd \u0111i s\u00e2u v\u00e0o nh\u1eefng t\u00ednh n\u0103ng c\u00f4ng ngh\u1ec7 \u0111\u00e3 l\u00e0m n\u00ean t\u00ean tu\u1ed5i c\u1ee7a n\u00f3. L\u00fd do s\u1ea3n ph\u1ea9m n\u00e0y lu\u00f4n thu h\u00fat s\u1ef1 quan t\u00e2m l\u00e0 nh\u1edd kh\u1ea3 n\u0103ng t\u00edch h\u1ee3p \u0111a ch\u1ee9c n\u0103ng trong m\u1ed9t thi\u1ebft b\u1ecb nh\u1ecf g\u1ecdn:<\/span><\/p>\n<ul>\n<li style=\"font-weight: 400;\" aria-level=\"1\"><b>Quan S\u00e1t To\u00e0n C\u1ea3nh 360 \u0110\u1ed9:<\/b><span style=\"font-weight: 400;\"> \u1ed0ng k\u00ednh fisheye kh\u00f4ng ch\u1ec9 cung c\u1ea5p g\u00f3c nh\u00ecn to\u00e0n c\u1ea3nh m\u00e0 c\u00f2n cho ph\u00e9p ng\u01b0\u1eddi d\u00f9ng t\u00f9y bi\u1ebfn nhi\u1ec1u ch\u1ebf \u0111\u1ed9 xem kh\u00e1c nhau (panorama, chia 4 g\u00f3c,&#8230;) ngay tr\u00ean ph\u1ea7n m\u1ec1m, mang l\u1ea1i s\u1ef1 linh ho\u1ea1t t\u1ed1i \u0111a.<\/span><\/li>\n<li style=\"font-weight: 400;\" aria-level=\"1\"><b>T\u1ea7m Nh\u00ecn \u0110\u00eam V\u01b0\u1ee3t Tr\u1ed9i:<\/b><span style=\"font-weight: 400;\"> AX88 \u0111\u01b0\u1ee3c trang b\u1ecb h\u1ec7 th\u1ed1ng h\u1ed3ng ngo\u1ea1i th\u00f4ng minh, cho ph\u00e9p ghi h\u00ecnh r\u00f5 n\u00e9t trong b\u00f3ng t\u1ed1i ho\u00e0n to\u00e0n. H\u00ecnh \u1ea3nh ban \u0111\u00eam kh\u00f4ng b\u1ecb nhi\u1ec5u, \u0111\u1ea3m b\u1ea3o m\u1ecdi chi ti\u1ebft v\u1eabn \u0111\u01b0\u1ee3c hi\u1ec3n th\u1ecb r\u00f5 r\u00e0ng.<\/span><\/li>\n<li style=\"font-weight: 400;\" aria-level=\"1\"><b>\u0110\u1ed9 Ph\u00e2n Gi\u1ea3i Si\u00eau N\u00e9t 12MP:<\/b><span style=\"font-weight: 400;\"> \u0110\u1ed9 ph\u00e2n gi\u1ea3i cao cho ph\u00e9p ng\u01b0\u1eddi d\u00f9ng ph\u00f3ng to v\u00e0o m\u1ed9t khu v\u1ef1c c\u1ee5 th\u1ec3 m\u00e0 kh\u00f4ng l\u00e0m v\u1ee1 h\u00ecnh, gi\u00fap nh\u1eadn di\u1ec7n c\u00e1c chi ti\u1ebft quan tr\u1ecdng nh\u01b0 khu\u00f4n m\u1eb7t, bi\u1ec3n s\u1ed1 xe.<\/span><\/li>\n<li style=\"font-weight: 400;\" aria-level=\"1\"><b>K\u1ebft N\u1ed1i IP \u1ed4n \u0110\u1ecbnh:<\/b><span style=\"font-weight: 400;\"> T\u00ednh n\u0103ng k\u1ebft n\u1ed1i IP gi\u00fap AX88 d\u1ec5 d\u00e0ng t\u00edch h\u1ee3p v\u00e0o h\u1ec7 th\u1ed1ng m\u1ea1ng c\u1ee7a doanh nghi\u1ec7p ho\u1eb7c gia \u0111\u00ecnh, \u0111\u1ea3m b\u1ea3o lu\u1ed3ng video \u0111\u01b0\u1ee3c truy\u1ec1n t\u1ea3i \u1ed5n \u0111\u1ecbnh v\u00e0 an to\u00e0n.<\/span><\/li>\n<li style=\"font-weight: 400;\" aria-level=\"1\"><b>Thi\u1ebft K\u1ebf B\u1ec1n B\u1ec9:<\/b><span style=\"font-weight: 400;\"> S\u1ea3n ph\u1ea9m \u0111\u01b0\u1ee3c ch\u1ebf t\u1ea1o t\u1eeb v\u1eadt li\u1ec7u cao c\u1ea5p, c\u00f3 kh\u1ea3 n\u0103ng ch\u1ed1ng rung, ch\u1ed1ng nhi\u1ec5u v\u00e0 ho\u1ea1t \u0111\u1ed9ng \u1ed5n \u0111\u1ecbnh trong c\u00e1c \u0111i\u1ec1u ki\u1ec7n m\u00f4i tr\u01b0\u1eddng kh\u1eafc nghi\u1ec7t, k\u1ec3 c\u1ea3 khi l\u1eafp \u0111\u1eb7t ngo\u00e0i tr\u1eddi.<\/span><\/li>\n<li style=\"font-weight: 400;\" aria-level=\"1\"><b>App qu\u1ea3n l\u00fd camera:<\/b><span style=\"font-weight: 400;\"> Trong \u1ee9ng d\u1ee5ng qu\u1ea3n l\u00fd nh\u00e0 s\u1ea3n xu\u1ea5t c\u00f2n k\u1ebft v\u1ee3i v\u1edbi team dev \u0111\u1ec3 t\u00edch h\u1ee3p m\u1ed9t v\u00e0i t\u00ednh n\u0103ng gi\u1ea3i tr\u00ed,gi\u00fap ng\u01b0\u1eddi s\u1eed d\u1ee5ng c\u00f3 th\u1ec3 gi\u1ea3i tr\u00ed l\u00fac r\u00e3nh r\u1ed7i. \u0110\u00e2y l\u00e0 m\u1ed9t ph\u1ea7n \u0111\u01b0\u1ee3c \u0111\u00e1nh gi\u00e1 cao v\u00e0 duy nh\u1ea5t ch\u1ec9 c\u00f3 camera AX88 c\u00f3.<\/span><\/li>\n<\/ul>\n<figure id=\"attachment_117\" aria-describedby=\"caption-attachment-117\" style=\"width: 800px\" class=\"wp-caption aligncenter\"><img loading=\"lazy\" decoding=\"async\" class=\"wp-image-117 size-full\" src=\"https:\/\/smpn3bogor.com\/wp-content\/uploads\/2025\/09\/uu-diem-cong-nghe-noi-bat.jpg\" alt=\"Nh\u01b0ng t\u00ednh n\u0103ng n\u1ed5i b\u1eadt c\u1ee7a camera AX88\" width=\"800\" height=\"400\" title=\"\" srcset=\"https:\/\/smpn3bogor.com\/wp-content\/uploads\/2025\/09\/uu-diem-cong-nghe-noi-bat.jpg 800w, https:\/\/smpn3bogor.com\/wp-content\/uploads\/2025\/09\/uu-diem-cong-nghe-noi-bat-300x150.jpg 300w, https:\/\/smpn3bogor.com\/wp-content\/uploads\/2025\/09\/uu-diem-cong-nghe-noi-bat-768x384.jpg 768w\" sizes=\"auto, (max-width: 800px) 100vw, 800px\" \/><figcaption id=\"caption-attachment-117\" class=\"wp-caption-text\">Nh\u01b0ng t\u00ednh n\u0103ng n\u1ed5i b\u1eadt c\u1ee7a camera AX88<\/figcaption><\/figure>\n<h2><span class=\"ez-toc-section\" id=\"Danh_Gia_Hieu_Suat_Hoat_Dong_Thuc_Te\"><\/span><b>\u0110\u00e1nh Gi\u00e1 Hi\u1ec7u Su\u1ea5t Ho\u1ea1t \u0110\u1ed9ng Th\u1ef1c T\u1ebf<\/b><span class=\"ez-toc-section-end\"><\/span><\/h2>\n<p><span style=\"font-weight: 400;\">M\u1ee5c ti\u00eau c\u1ee7a vi\u1ec7c <\/span><b>gi\u1edbi thi\u1ec7u AX88<\/b><span style=\"font-weight: 400;\"> kh\u00f4ng ch\u1ec9 d\u1eebng l\u1ea1i \u1edf th\u00f4ng s\u1ed1 k\u1ef9 thu\u1eadt, m\u00e0 c\u00f2n l\u00e0 hi\u1ec7u su\u1ea5t th\u1ef1c t\u1ebf v\u01b0\u1ee3t tr\u1ed9i c\u1ee7a n\u00f3. V\u1edbi c\u1ea3m bi\u1ebfn h\u00ecnh \u1ea3nh th\u1ebf h\u1ec7 m\u1edbi v\u00e0 chip x\u1eed l\u00fd th\u00f4ng minh, AX88 mang l\u1ea1i hi\u1ec7u su\u1ea5t ho\u1ea1t \u0111\u1ed9ng \u0111\u00e1ng kinh ng\u1ea1c. C\u00f4ng ngh\u1ec7 Ch\u1ed1ng ng\u01b0\u1ee3c s\u00e1ng th\u1ef1c (True WDR) gi\u00fap camera t\u1ef1 \u0111\u1ed9ng c\u00e2n b\u1eb1ng \u00e1nh s\u00e1ng trong c\u00e1c khung h\u00ecnh c\u00f3 \u0111\u1ed9 t\u01b0\u01a1ng ph\u1ea3n cao, \u0111\u1ea3m b\u1ea3o m\u1ecdi v\u00f9ng \u0111\u1ec1u hi\u1ec3n th\u1ecb r\u00f5 n\u00e9t.<\/span><\/p>\n<p><span style=\"font-weight: 400;\">Nh\u1edd chu\u1ea9n IP, AX88 c\u00f3 kh\u1ea3 n\u0103ng truy\u1ec1n t\u1ea3i d\u1eef li\u1ec7u v\u1edbi \u0111\u1ed9 tr\u1ec5 g\u1ea7n nh\u01b0 b\u1eb1ng kh\u00f4ng, r\u1ea5t ph\u00f9 h\u1ee3p cho c\u00e1c \u1ee9ng d\u1ee5ng c\u1ea7n gi\u00e1m s\u00e1t th\u1eddi gian th\u1ef1c. Th\u00eam v\u00e0o \u0111\u00f3, kh\u1ea3 n\u0103ng x\u1eed l\u00fd m\u1ea1nh m\u1ebd cho ph\u00e9p thi\u1ebft b\u1ecb ho\u1ea1t \u0111\u1ed9ng li\u00ean t\u1ee5c 24\/7 m\u00e0 kh\u00f4ng b\u1ecb qu\u00e1 nhi\u1ec7t hay suy gi\u1ea3m hi\u1ec7u su\u1ea5t. Vi\u1ec7c <\/span><b>gi\u1edbi thi\u1ec7u AX88<\/b><span style=\"font-weight: 400;\"> s\u1ebd kh\u00f4ng ho\u00e0n ch\u1ec9nh n\u1ebfu kh\u00f4ng nh\u1eafc \u0111\u1ebfn kh\u1ea3 n\u0103ng t\u00edch h\u1ee3p s\u00e2u r\u1ed9ng v\u1edbi c\u00e1c h\u1ec7 th\u1ed1ng qu\u1ea3n l\u00fd video (VMS) kh\u00e1c, mang l\u1ea1i s\u1ef1 ti\u1ec7n l\u1ee3i v\u01b0\u1ee3t tr\u1ed9i cho c\u00e1c doanh nghi\u1ec7p l\u1edbn.<\/span><\/p>\n<h3><span class=\"ez-toc-section\" id=\"So_Sanh_AX88_Camera_Voi_Cac_Dong_Camera_Khac\"><\/span><b>So S\u00e1nh AX88 Camera V\u1edbi C\u00e1c D\u00f2ng Camera Kh\u00e1c<\/b><span class=\"ez-toc-section-end\"><\/span><\/h3>\n<p><span style=\"font-weight: 400;\">Trong b\u1ea5t k\u1ef3 b\u00e0i <\/span><b>gi\u1edbi thi\u1ec7u AX88<\/b><span style=\"font-weight: 400;\"> n\u00e0o, vi\u1ec7c so s\u00e1nh s\u1ea3n ph\u1ea9m v\u1edbi c\u00e1c \u0111\u1ed1i th\u1ee7 c\u1ea1nh tranh l\u00e0 c\u1ea7n thi\u1ebft \u0111\u1ec3 ng\u01b0\u1eddi d\u00f9ng th\u1ea5y r\u00f5 s\u1ef1 kh\u00e1c bi\u1ec7t v\u00e0 gi\u00e1 tr\u1ecb \u0111\u1ed9c nh\u1ea5t m\u00e0 n\u00f3 mang l\u1ea1i:<\/span><\/p>\n<ul>\n<li style=\"font-weight: 400;\" aria-level=\"1\"><b>So v\u1edbi Camera C\u1ed1 \u0110\u1ecbnh:<\/b><span style=\"font-weight: 400;\"> Thay v\u00ec ph\u1ea3i l\u1eafp \u0111\u1eb7t 4-6 camera th\u00f4ng th\u01b0\u1eddng \u0111\u1ec3 bao qu\u00e1t m\u1ed9t kh\u00f4ng gian, ch\u1ec9 m\u1ed9t camera AX88 duy nh\u1ea5t l\u00e0 \u0111\u1ee7. \u0110i\u1ec1u n\u00e0y gi\u00fap t\u1ed1i \u01b0u h\u00f3a tri\u1ec7t \u0111\u1ec3 chi ph\u00ed thi\u1ebft b\u1ecb, l\u1eafp \u0111\u1eb7t v\u00e0 b\u1ea3o tr\u00ec.<\/span><\/li>\n<li style=\"font-weight: 400;\" aria-level=\"1\"><b>So v\u1edbi Camera PTZ (Quay Qu\u00e9t):<\/b><span style=\"font-weight: 400;\"> Camera PTZ ch\u1ec9 c\u00f3 th\u1ec3 quan s\u00e1t m\u1ed9t h\u01b0\u1edbng t\u1ea1i m\u1ed9t th\u1eddi \u0111i\u1ec3m, d\u1ec5 d\u00e0ng b\u1ecf l\u1ee1 s\u1ef1 ki\u1ec7n \u1edf c\u00e1c h\u01b0\u1edbng kh\u00e1c. Ng\u01b0\u1ee3c l\u1ea1i, AX88 ghi l\u1ea1i to\u00e0n b\u1ed9 360 \u0111\u1ed9 c\u00f9ng m\u1ed9t l\u00fac, \u0111\u1ea3m b\u1ea3o kh\u00f4ng b\u1ecf s\u00f3t b\u1ea5t k\u1ef3 kho\u1ea3nh kh\u1eafc n\u00e0o.<\/span><\/li>\n<li style=\"font-weight: 400;\" aria-level=\"1\"><b>So v\u1edbi c\u00e1c camera Fisheye kh\u00e1c:<\/b><span style=\"font-weight: 400;\"> AX88 v\u01b0\u1ee3t tr\u1ed9i h\u01a1n h\u1eb3n nh\u1edd \u0111\u1ed9 ph\u00e2n gi\u1ea3i 12MP si\u00eau cao, trong khi nhi\u1ec1u \u0111\u1ed1i th\u1ee7 v\u1eabn ch\u1ec9 d\u1eebng l\u1ea1i \u1edf m\u1ee9c th\u1ea5p h\u01a1n, t\u1ea1o ra s\u1ef1 kh\u00e1c bi\u1ec7t l\u1edbn v\u1ec1 \u0111\u1ed9 chi ti\u1ebft h\u00ecnh \u1ea3nh khi c\u1ea7n ph\u00e2n t\u00edch.<\/span><\/li>\n<\/ul>\n<h3><span class=\"ez-toc-section\" id=\"Loi_Ich_Khong_The_Bo_Qua_Khi_Su_Dung_AX88\"><\/span><b>L\u1ee3i \u00cdch Kh\u00f4ng Th\u1ec3 B\u1ecf Qua Khi S\u1eed D\u1ee5ng AX88<\/b><span class=\"ez-toc-section-end\"><\/span><\/h3>\n<p><span style=\"font-weight: 400;\">Nh\u1eefng l\u1ee3i \u00edch sau \u0111\u00e2y ch\u00ednh l\u00e0 l\u00fd do t\u1ea1i sao ch\u00fang t\u00f4i mu\u1ed1n <\/span><b>gi\u1edbi thi\u1ec7u AX88<\/b><span style=\"font-weight: 400;\"> \u0111\u1ebfn v\u1edbi b\u1ea1n nh\u01b0 m\u1ed9t gi\u1ea3i ph\u00e1p an ninh t\u1ed1i \u01b0u:<\/span><\/p>\n<ol>\n<li style=\"font-weight: 400;\" aria-level=\"1\"><b>An Ninh To\u00e0n Di\u1ec7n:<\/b><span style=\"font-weight: 400;\"> Kh\u1ea3 n\u0103ng quan s\u00e1t 360 \u0111\u1ed9 lo\u1ea1i b\u1ecf ho\u00e0n to\u00e0n \u0111i\u1ec3m m\u00f9, gi\u1ea3m thi\u1ec3u t\u1ed1i \u0111a r\u1ee7i ro an ninh.<\/span><\/li>\n<li style=\"font-weight: 400;\" aria-level=\"1\"><b>B\u1eb1ng Ch\u1ee9ng S\u1eafc N\u00e9t:<\/b><span style=\"font-weight: 400;\"> \u0110\u1ed9 ph\u00e2n gi\u1ea3i 12MP cung c\u1ea5p b\u1eb1ng ch\u1ee9ng video r\u00f5 r\u00e0ng, \u0111\u00e1ng tin c\u1eady cho vi\u1ec7c \u0111i\u1ec1u tra s\u1ef1 c\u1ed1.<\/span><\/li>\n<li style=\"font-weight: 400;\" aria-level=\"1\"><b>Ti\u1ebft Ki\u1ec7m Chi Ph\u00ed T\u1ed1i \u01afu:<\/b><span style=\"font-weight: 400;\"> Gi\u1ea3m s\u1ed1 l\u01b0\u1ee3ng camera c\u1ea7n thi\u1ebft, t\u1eeb \u0111\u00f3 ti\u1ebft ki\u1ec7m chi ph\u00ed mua s\u1eafm, l\u1eafp \u0111\u1eb7t v\u00e0 v\u1eadn h\u00e0nh h\u1ec7 th\u1ed1ng.<\/span><\/li>\n<li style=\"font-weight: 400;\" aria-level=\"1\"><b>Qu\u1ea3n L\u00fd Linh Ho\u1ea1t:<\/b><span style=\"font-weight: 400;\"> Gi\u00e1m s\u00e1t t\u1eeb xa qua c\u00e1c thi\u1ebft b\u1ecb di \u0111\u1ed9ng gi\u00fap b\u1ea1n lu\u00f4n n\u1eafm b\u1eaft t\u00ecnh h\u00ecnh m\u1ecdi l\u00fac, m\u1ecdi n\u01a1i.<\/span><\/li>\n<li style=\"font-weight: 400;\" aria-level=\"1\"><b>An T\u00e2m Tuy\u1ec7t \u0110\u1ed1i:<\/b><span style=\"font-weight: 400;\"> AX88 mang l\u1ea1i s\u1ef1 y\u00ean t\u00e2m v\u00f4 gi\u00e1, gi\u00fap b\u1ea1n b\u1ea3o v\u1ec7 t\u00e0i s\u1ea3n v\u00e0 con ng\u01b0\u1eddi m\u1ed9t c\u00e1ch hi\u1ec7u qu\u1ea3 nh\u1ea5t.<\/span><\/li>\n<\/ol>\n<figure id=\"attachment_118\" aria-describedby=\"caption-attachment-118\" style=\"width: 800px\" class=\"wp-caption aligncenter\"><img loading=\"lazy\" decoding=\"async\" class=\"size-full wp-image-118\" src=\"https:\/\/smpn3bogor.com\/wp-content\/uploads\/2025\/09\/loi-ich-khi-su-dung-ax88.jpg\" alt=\"L\u1ee3i \u00edch khi l\u1ef1a ch\u1ecdn s\u1eed d\u1ee5ng AX88\" width=\"800\" height=\"400\" title=\"\" srcset=\"https:\/\/smpn3bogor.com\/wp-content\/uploads\/2025\/09\/loi-ich-khi-su-dung-ax88.jpg 800w, https:\/\/smpn3bogor.com\/wp-content\/uploads\/2025\/09\/loi-ich-khi-su-dung-ax88-300x150.jpg 300w, https:\/\/smpn3bogor.com\/wp-content\/uploads\/2025\/09\/loi-ich-khi-su-dung-ax88-768x384.jpg 768w\" sizes=\"auto, (max-width: 800px) 100vw, 800px\" \/><figcaption id=\"caption-attachment-118\" class=\"wp-caption-text\">L\u1ee3i \u00edch khi l\u1ef1a ch\u1ecdn s\u1eed d\u1ee5ng AX88<\/figcaption><\/figure>\n<h2><span class=\"ez-toc-section\" id=\"Giai_Dap_Cac_Thac_Mac_Thuong_Gap_Ve_AX88\"><\/span><b>Gi\u1ea3i \u0110\u00e1p C\u00e1c Th\u1eafc M\u1eafc Th\u01b0\u1eddng G\u1eb7p V\u1ec1 AX88<\/b><span class=\"ez-toc-section-end\"><\/span><\/h2>\n<ul>\n<li style=\"font-weight: 400;\" aria-level=\"1\"><b>AX88 c\u00f3 b\u1ec1n v\u00e0 l\u1eafp ngo\u00e0i tr\u1eddi \u0111\u01b0\u1ee3c kh\u00f4ng?<\/b>\n<ul>\n<li style=\"font-weight: 400;\" aria-level=\"2\"><span style=\"font-weight: 400;\">C\u00f3. Nhi\u1ec1u model c\u1ee7a AX88 \u0111\u01b0\u1ee3c thi\u1ebft k\u1ebf v\u1edbi ti\u00eau chu\u1ea9n ch\u1ed1ng n\u01b0\u1edbc, b\u1ee5i (IP67), ho\u00e0n to\u00e0n ph\u00f9 h\u1ee3p \u0111\u1ec3 l\u1eafp \u0111\u1eb7t ngo\u00e0i tr\u1eddi v\u00e0 ho\u1ea1t \u0111\u1ed9ng \u1ed5n \u0111\u1ecbnh trong c\u00e1c \u0111i\u1ec1u ki\u1ec7n th\u1eddi ti\u1ebft kh\u1eafc nghi\u1ec7t.<\/span><\/li>\n<\/ul>\n<\/li>\n<li style=\"font-weight: 400;\" aria-level=\"1\"><b>Vi\u1ec7c c\u00e0i \u0111\u1eb7t v\u00e0 s\u1eed d\u1ee5ng c\u00f3 kh\u00f3 kh\u00f4ng?<\/b>\n<ul>\n<li style=\"font-weight: 400;\" aria-level=\"2\"><span style=\"font-weight: 400;\">Kh\u00f4ng. AX88 \u0111\u01b0\u1ee3c thi\u1ebft k\u1ebf \u0111\u1ec3 vi\u1ec7c l\u1eafp \u0111\u1eb7t tr\u1edf n\u00ean \u0111\u01a1n gi\u1ea3n. Giao di\u1ec7n ph\u1ea7n m\u1ec1m v\u00e0 \u1ee9ng d\u1ee5ng di \u0111\u1ed9ng r\u1ea5t tr\u1ef1c quan, th\u00e2n thi\u1ec7n v\u1edbi ng\u01b0\u1eddi d\u00f9ng.<\/span><\/li>\n<\/ul>\n<\/li>\n<li style=\"font-weight: 400;\" aria-level=\"1\"><b>Chi ph\u00ed \u0111\u1ea7u t\u01b0 cho AX88 c\u00f3 cao kh\u00f4ng?<\/b>\n<ul>\n<li style=\"font-weight: 400;\" aria-level=\"2\"><span style=\"font-weight: 400;\">M\u1eb7c d\u00f9 chi ph\u00ed ban \u0111\u1ea7u c\u00f3 th\u1ec3 cao h\u01a1n camera th\u01b0\u1eddng, nh\u01b0ng x\u00e9t v\u1ec1 t\u1ed5ng chi ph\u00ed s\u1edf h\u1eefu (\u00edt camera h\u01a1n, l\u1eafp \u0111\u1eb7t \u0111\u01a1n gi\u1ea3n h\u01a1n), AX88 l\u00e0 m\u1ed9t l\u1ef1a ch\u1ecdn kinh t\u1ebf v\u00e0 x\u1ee9ng \u0111\u00e1ng trong d\u00e0i h\u1ea1n.<\/span><\/li>\n<\/ul>\n<\/li>\n<\/ul>\n<h2><span class=\"ez-toc-section\" id=\"Tong_Ket\"><\/span><b>T\u1ed5ng K\u1ebft<\/b><span class=\"ez-toc-section-end\"><\/span><\/h2>\n<p><span style=\"font-weight: 400;\">T\u00f3m l\u1ea1i, to\u00e0n b\u1ed9 b\u00e0i <\/span><b>gi\u1edbi thi\u1ec7u AX88 camera<\/b><span style=\"font-weight: 400;\"> n\u00e0y \u0111\u00e3 kh\u1eb3ng \u0111\u1ecbnh \u0111\u00e2y kh\u00f4ng ch\u1ec9 l\u00e0 m\u1ed9t thi\u1ebft b\u1ecb gi\u00e1m s\u00e1t th\u00f4ng th\u01b0\u1eddng, m\u00e0 l\u00e0 m\u1ed9t gi\u1ea3i ph\u00e1p an ninh to\u00e0n di\u1ec7n v\u00e0 cao c\u1ea5p. S\u1ef1 k\u1ebft h\u1ee3p ho\u00e0n h\u1ea3o gi\u1eefa c\u00f4ng ngh\u1ec7 fisheye 360 \u0111\u1ed9, \u0111\u1ed9 ph\u00e2n gi\u1ea3i 12MP si\u00eau n\u00e9t v\u00e0 kh\u1ea3 n\u0103ng qu\u1ea3n l\u00fd t\u1eeb xa th\u00f4ng minh \u0111\u00e3 gi\u00fap AX88 kh\u1eb3ng \u0111\u1ecbnh v\u1ecb th\u1ebf d\u1eabn \u0111\u1ea7u. L\u1ef1a ch\u1ecdn AX88 kh\u00f4ng ch\u1ec9 l\u00e0 \u0111\u1ea7u t\u01b0 v\u00e0o c\u00f4ng ngh\u1ec7, m\u00e0 c\u00f2n l\u00e0 \u0111\u1ea7u t\u01b0 v\u00e0o s\u1ef1 an t\u00e2m v\u00e0 b\u1ea3o v\u1ec7 to\u00e0n di\u1ec7n cho nh\u1eefng gi\u00e1 tr\u1ecb quan tr\u1ecdng nh\u1ea5t c\u1ee7a b\u1ea1n.<\/span><\/p>\n","protected":false},"excerpt":{"rendered":"<p>Gi\u1edbi thi\u1ec7u AX88 Camera: \u0110\u1ecbnh Ngh\u0129a M\u1edbi V\u1ec1 C\u00f4ng Ngh\u1ec7 Gi\u00e1m S\u00e1t An Ninh Trong b\u1ed1i c\u1ea3nh c\u00f4ng ngh\u1ec7 an ninh ng\u00e0y c\u00e0ng tr\u1edf n\u00ean thi\u1ebft y\u1ebfu, b\u00e0i vi\u1ebft gi\u1edbi thi\u1ec7u AX88 camera n\u00e0y s\u1ebd cung c\u1ea5p m\u1ed9t c\u00e1i nh\u00ecn to\u00e0n di\u1ec7n v\u1ec1 m\u1ed9t b\u01b0\u1edbc ti\u1ebfn \u0111\u1ed9t ph\u00e1 trong ng\u00e0nh gi\u00e1m s\u00e1t. V\u1edbi s\u1ef1 t\u00edch [&#8230;]\n","protected":false},"author":1,"featured_media":119,"parent":0,"menu_order":0,"comment_status":"closed","ping_status":"closed","template":"","meta":{"footnotes":""},"class_list":["post-16","page","type-page","status-publish","has-post-thumbnail","hentry"],"_links":{"self":[{"href":"https:\/\/smpn3bogor.com\/vi-vn\/wp-json\/wp\/v2\/pages\/16","targetHints":{"allow":["GET"]}}],"collection":[{"href":"https:\/\/smpn3bogor.com\/vi-vn\/wp-json\/wp\/v2\/pages"}],"about":[{"href":"https:\/\/smpn3bogor.com\/vi-vn\/wp-json\/wp\/v2\/types\/page"}],"author":[{"embeddable":true,"href":"https:\/\/smpn3bogor.com\/vi-vn\/wp-json\/wp\/v2\/users\/1"}],"replies":[{"embeddable":true,"href":"https:\/\/smpn3bogor.com\/vi-vn\/wp-json\/wp\/v2\/comments?post=16"}],"version-history":[{"count":3,"href":"https:\/\/smpn3bogor.com\/vi-vn\/wp-json\/wp\/v2\/pages\/16\/revisions"}],"predecessor-version":[{"id":120,"href":"https:\/\/smpn3bogor.com\/vi-vn\/wp-json\/wp\/v2\/pages\/16\/revisions\/120"}],"wp:featuredmedia":[{"embeddable":true,"href":"https:\/\/smpn3bogor.com\/vi-vn\/wp-json\/wp\/v2\/media\/119"}],"wp:attachment":[{"href":"https:\/\/smpn3bogor.com\/vi-vn\/wp-json\/wp\/v2\/media?parent=16"}],"curies":[{"name":"wp","href":"https:\/\/api.w.org\/{rel}","templated":true}]}}