{"id":191,"date":"2025-10-05T16:37:10","date_gmt":"2025-10-05T09:37:10","guid":{"rendered":"https:\/\/smpn3bogor.com\/?page_id=191"},"modified":"2025-10-05T16:38:53","modified_gmt":"2025-10-05T09:38:53","slug":"chinh-sach-bao-mat-ax88","status":"publish","type":"page","link":"https:\/\/smpn3bogor.com\/vi-vn\/chinh-sach-bao-mat-ax88\/","title":{"rendered":"Ch\u00ednh s\u00e1ch b\u1ea3o m\u1eadt AX88 &#8211; \u0110\u1ea3m b\u1ea3o s\u1ef1 b\u1ea3o m\u1eadt t\u1eeb ax88.tv"},"content":{"rendered":"<div id=\"ez-toc-container\" class=\"ez-toc-v2_0_82_2 counter-hierarchy ez-toc-counter ez-toc-grey ez-toc-container-direction\">\n<div class=\"ez-toc-title-container\">\n<p class=\"ez-toc-title\" style=\"cursor:inherit\">N\u1ed9i dung<\/p>\n<span class=\"ez-toc-title-toggle\"><a href=\"#\" class=\"ez-toc-pull-right ez-toc-btn ez-toc-btn-xs ez-toc-btn-default ez-toc-toggle\" aria-label=\"Toggle Table of Content\"><span class=\"ez-toc-js-icon-con\"><span class=\"\"><span class=\"eztoc-hide\" style=\"display:none;\">Toggle<\/span><span class=\"ez-toc-icon-toggle-span\"><svg style=\"fill: #999;color:#999\" xmlns=\"http:\/\/www.w3.org\/2000\/svg\" class=\"list-377408\" width=\"20px\" height=\"20px\" viewBox=\"0 0 24 24\" fill=\"none\"><path d=\"M6 6H4v2h2V6zm14 0H8v2h12V6zM4 11h2v2H4v-2zm16 0H8v2h12v-2zM4 16h2v2H4v-2zm16 0H8v2h12v-2z\" fill=\"currentColor\"><\/path><\/svg><svg style=\"fill: #999;color:#999\" class=\"arrow-unsorted-368013\" xmlns=\"http:\/\/www.w3.org\/2000\/svg\" width=\"10px\" height=\"10px\" viewBox=\"0 0 24 24\" version=\"1.2\" baseProfile=\"tiny\"><path d=\"M18.2 9.3l-6.2-6.3-6.2 6.3c-.2.2-.3.4-.3.7s.1.5.3.7c.2.2.4.3.7.3h11c.3 0 .5-.1.7-.3.2-.2.3-.5.3-.7s-.1-.5-.3-.7zM5.8 14.7l6.2 6.3 6.2-6.3c.2-.2.3-.5.3-.7s-.1-.5-.3-.7c-.2-.2-.4-.3-.7-.3h-11c-.3 0-.5.1-.7.3-.2.2-.3.5-.3.7s.1.5.3.7z\"\/><\/svg><\/span><\/span><\/span><\/a><\/span><\/div>\n<nav><ul class='ez-toc-list ez-toc-list-level-1 ' ><li class='ez-toc-page-1 ez-toc-heading-level-1'><a class=\"ez-toc-link ez-toc-heading-1\" href=\"https:\/\/smpn3bogor.com\/vi-vn\/chinh-sach-bao-mat-ax88\/#Chinh_sach_bao_mat_AX88_%E2%80%93_Dam_bao_su_bao_mat_tu_ax88tv\" >Ch\u00ednh s\u00e1ch b\u1ea3o m\u1eadt AX88 &#8211; \u0110\u1ea3m b\u1ea3o s\u1ef1 b\u1ea3o m\u1eadt t\u1eeb ax88.tv<\/a><ul class='ez-toc-list-level-2' ><li class='ez-toc-heading-level-2'><a class=\"ez-toc-link ez-toc-heading-2\" href=\"https:\/\/smpn3bogor.com\/vi-vn\/chinh-sach-bao-mat-ax88\/#Dinh_nghia_ve_chinh_sach_bao_mat\" >\u0110\u1ecbnh ngh\u0129a v\u1ec1 ch\u00ednh s\u00e1ch b\u1ea3o m\u1eadt<\/a><ul class='ez-toc-list-level-3' ><li class='ez-toc-heading-level-3'><a class=\"ez-toc-link ez-toc-heading-3\" href=\"https:\/\/smpn3bogor.com\/vi-vn\/chinh-sach-bao-mat-ax88\/#Tam_quan_trong_cua_viec_thiet_lap_chinh_sach_bao_mat_vung_chac\" >T\u1ea7m quan tr\u1ecdng c\u1ee7a vi\u1ec7c thi\u1ebft l\u1eadp ch\u00ednh s\u00e1ch b\u1ea3o m\u1eadt v\u1eefng ch\u1eafc<\/a><\/li><\/ul><\/li><li class='ez-toc-page-1 ez-toc-heading-level-2'><a class=\"ez-toc-link ez-toc-heading-4\" href=\"https:\/\/smpn3bogor.com\/vi-vn\/chinh-sach-bao-mat-ax88\/#Chinh_sach_bao_mat_cu_the_cua_AX88\" >Ch\u00ednh s\u00e1ch b\u1ea3o m\u1eadt c\u1ee5 th\u1ec3 c\u1ee7a AX88<\/a><ul class='ez-toc-list-level-3' ><li class='ez-toc-heading-level-3'><a class=\"ez-toc-link ez-toc-heading-5\" href=\"https:\/\/smpn3bogor.com\/vi-vn\/chinh-sach-bao-mat-ax88\/#Cac_loai_du_lieu_ma_chung_toi_da_thu_thap\" >C\u00e1c lo\u1ea1i d\u1eef li\u1ec7u m\u00e0 ch\u00fang t\u00f4i \u0111\u00e3 thu th\u1eadp<\/a><\/li><li class='ez-toc-page-1 ez-toc-heading-level-3'><a class=\"ez-toc-link ez-toc-heading-6\" href=\"https:\/\/smpn3bogor.com\/vi-vn\/chinh-sach-bao-mat-ax88\/#Cac_bien_phap_bao_mat_can_thiet_va_quan_trong\" >C\u00e1c bi\u1ec7n ph\u00e1p b\u1ea3o m\u1eadt c\u1ea7n thi\u1ebft v\u00e0 quan tr\u1ecdng<\/a><\/li><\/ul><\/li><li class='ez-toc-page-1 ez-toc-heading-level-2'><a class=\"ez-toc-link ez-toc-heading-7\" href=\"https:\/\/smpn3bogor.com\/vi-vn\/chinh-sach-bao-mat-ax88\/#Loi_ich_cua_cac_chinh_sach_bao_mat_an_toan\" >L\u1ee3i \u00edch c\u1ee7a c\u00e1c ch\u00ednh s\u00e1ch b\u1ea3o m\u1eadt an to\u00e0n<\/a><ul class='ez-toc-list-level-3' ><li class='ez-toc-heading-level-3'><a class=\"ez-toc-link ez-toc-heading-8\" href=\"https:\/\/smpn3bogor.com\/vi-vn\/chinh-sach-bao-mat-ax88\/#Xay_dung_cung_co_long_tin_vung_chac_voi_nguoi_dung\" >X\u00e2y d\u1ef1ng c\u1ee7ng c\u1ed1 l\u00f2ng tin v\u1eefng ch\u1eafc v\u1edbi ng\u01b0\u1eddi d\u00f9ng<\/a><\/li><li class='ez-toc-page-1 ez-toc-heading-level-3'><a class=\"ez-toc-link ez-toc-heading-9\" href=\"https:\/\/smpn3bogor.com\/vi-vn\/chinh-sach-bao-mat-ax88\/#Nang_cao_muc_do_an_toan_va_dam_bao_tuan_thu_theo_cac_quy_dinh_phap_ly\" >N\u00e2ng cao m\u1ee9c \u0111\u1ed9 an to\u00e0n v\u00e0 \u0111\u1ea3m b\u1ea3o tu\u00e2n th\u1ee7 theo c\u00e1c quy \u0111\u1ecbnh ph\u00e1p l\u00fd<\/a><\/li><\/ul><\/li><li class='ez-toc-page-1 ez-toc-heading-level-2'><a class=\"ez-toc-link ez-toc-heading-10\" href=\"https:\/\/smpn3bogor.com\/vi-vn\/chinh-sach-bao-mat-ax88\/#Ket_luan\" >K\u1ebft lu\u1eadn<\/a><\/li><\/ul><\/li><\/ul><\/nav><\/div>\n<h1 style=\"text-align: center;\"><span class=\"ez-toc-section\" id=\"Chinh_sach_bao_mat_AX88_%E2%80%93_Dam_bao_su_bao_mat_tu_ax88tv\"><\/span><strong>Ch\u00ednh s\u00e1ch b\u1ea3o m\u1eadt AX88 &#8211; \u0110\u1ea3m b\u1ea3o s\u1ef1 b\u1ea3o m\u1eadt t\u1eeb ax88.tv<\/strong><span class=\"ez-toc-section-end\"><\/span><\/h1>\n<p><span style=\"font-weight: 400;\">Trong th\u1ebf gi\u1edbi s\u1ed1 h\u00f3a ng\u00e0y nay, <a href=\"https:\/\/smpn3bogor.com\/chinh-sach-bao-mat-ax88\"><strong>ch\u00ednh s\u00e1ch b\u1ea3o m\u1eadt AX88<\/strong><\/a> \u0111\u00f3ng vai tr\u00f2 quan tr\u1ecdng trong vi\u1ec7c b\u1ea3o v\u1ec7 th\u00f4ng tin c\u00e1 nh\u00e2n c\u1ee7a ng\u01b0\u1eddi d\u00f9ng. L\u00e0 m\u1ed9t trong nh\u1eefng nh\u00e0 cung c\u1ea5p camera gi\u00e1m s\u00e1t h\u00e0ng \u0111\u1ea7u t\u1ea1i Vi\u1ec7t Nam, AX88 cam k\u1ebft x\u00e2y d\u1ef1ng m\u1ed9t m\u00f4i tr\u01b0\u1eddng an to\u00e0n, minh b\u1ea1ch khi x\u1eed l\u00fd d\u1eef li\u1ec7u.\u00a0<\/span><\/p>\n<p><span style=\"font-weight: 400;\">B\u00e0i vi\u1ebft n\u00e0y s\u1ebd kh\u00e1m ph\u00e1 s\u00e2u v\u1ec1 kh\u00e1i ni\u1ec7m ch\u00ednh s\u00e1ch b\u1ea3o m\u1eadt, t\u1eadp trung v\u00e0o c\u00e1ch <a href=\"https:\/\/smpn3bogor.com\/\"><strong>AX88<\/strong><\/a> \u00e1p d\u1ee5ng n\u00f3 \u0111\u1ec3 b\u1ea3o v\u1ec7 quy\u1ec1n l\u1ee3i c\u1ee7a kh\u00e1ch h\u00e0ng. T\u1eeb \u0111\u1ecbnh ngh\u0129a c\u01a1 b\u1ea3n \u0111\u1ebfn c\u00e1c y\u1ebfu t\u1ed1 c\u1ee5 th\u1ec3, ch\u00fang ta s\u1ebd c\u00f9ng l\u00e0m r\u00f5 l\u00fd do t\u1ea1i sao ch\u00ednh s\u00e1ch n\u00e0y kh\u00f4ng ch\u1ec9 l\u00e0 ngh\u0129a v\u1ee5 ph\u00e1p l\u00fd m\u00e0 c\u00f2n l\u00e0 n\u1ec1n t\u1ea3ng x\u00e2y d\u1ef1ng l\u00f2ng tin.<\/span><\/p>\n<h2><span class=\"ez-toc-section\" id=\"Dinh_nghia_ve_chinh_sach_bao_mat\"><\/span><b>\u0110\u1ecbnh ngh\u0129a v\u1ec1 ch\u00ednh s\u00e1ch b\u1ea3o m\u1eadt<\/b><span class=\"ez-toc-section-end\"><\/span><\/h2>\n<p><span style=\"font-weight: 400;\">Ch\u00ednh s\u00e1ch b\u1ea3o m\u1eadt l\u00e0 m\u1ed9t t\u00e0i li\u1ec7u quan tr\u1ecdng m\u00e0 c\u00e1c c\u00f4ng ty nh\u01b0 AX88 s\u1eed d\u1ee5ng \u0111\u1ec3 m\u00f4 t\u1ea3 c\u00e1ch h\u1ecd thu th\u1eadp, l\u01b0u tr\u1eef v\u00e0 s\u1eed d\u1ee5ng d\u1eef li\u1ec7u c\u00e1 nh\u00e2n c\u1ee7a ng\u01b0\u1eddi d\u00f9ng. N\u00f3 ho\u1ea1t \u0111\u1ed9ng nh\u01b0 m\u1ed9t b\u1ea3n cam k\u1ebft, \u0111\u1ea3m b\u1ea3o r\u1eb1ng th\u00f4ng tin nh\u1ea1y c\u1ea3m, ch\u1eb3ng h\u1ea1n nh\u01b0 \u0111\u1ecba ch\u1ec9 email, l\u1ecbch s\u1eed truy c\u1eadp ho\u1eb7c d\u1eef li\u1ec7u t\u1eeb thi\u1ebft b\u1ecb, \u0111\u01b0\u1ee3c x\u1eed l\u00fd m\u1ed9t c\u00e1ch an to\u00e0n v\u00e0 c\u00f3 tr\u00e1ch nhi\u1ec7m.\u00a0<\/span><\/p>\n<figure id=\"attachment_252\" aria-describedby=\"caption-attachment-252\" style=\"width: 800px\" class=\"wp-caption aligncenter\"><img loading=\"lazy\" decoding=\"async\" class=\"size-full wp-image-252\" src=\"https:\/\/smpn3bogor.com\/wp-content\/uploads\/2025\/10\/chinh-sach-bao-mat-2.jpg\" alt=\"Ch\u00ednh s\u00e1ch b\u1ea3o m\u1eadt c\u1ee7a trang ax88.tv\" width=\"800\" height=\"400\" title=\"\" srcset=\"https:\/\/smpn3bogor.com\/wp-content\/uploads\/2025\/10\/chinh-sach-bao-mat-2.jpg 800w, https:\/\/smpn3bogor.com\/wp-content\/uploads\/2025\/10\/chinh-sach-bao-mat-2-300x150.jpg 300w, https:\/\/smpn3bogor.com\/wp-content\/uploads\/2025\/10\/chinh-sach-bao-mat-2-768x384.jpg 768w\" sizes=\"auto, (max-width: 800px) 100vw, 800px\" \/><figcaption id=\"caption-attachment-252\" class=\"wp-caption-text\">Ch\u00ednh s\u00e1ch b\u1ea3o m\u1eadt c\u1ee7a trang ax88.tv<\/figcaption><\/figure>\n<p>&nbsp;<\/p>\n<p><span style=\"font-weight: 400;\">Trong b\u1ed1i c\u1ea3nh c\u00f4ng ngh\u1ec7 gi\u00e1m s\u00e1t, ch\u00ednh s\u00e1ch b\u1ea3o m\u1eadt gi\u00fap ng\u01b0\u1eddi d\u00f9ng hi\u1ec3u r\u00f5 quy\u1ec1n l\u1ee3i c\u1ee7a m\u00ecnh, tr\u00e1nh c\u00e1c r\u1ee7i ro nh\u01b0 l\u1ed9 th\u00f4ng tin ho\u1eb7c l\u1ea1m d\u1ee5ng d\u1eef li\u1ec7u.<\/span><\/p>\n<h3><span class=\"ez-toc-section\" id=\"Tam_quan_trong_cua_viec_thiet_lap_chinh_sach_bao_mat_vung_chac\"><\/span><b>T\u1ea7m quan tr\u1ecdng c\u1ee7a vi\u1ec7c thi\u1ebft l\u1eadp ch\u00ednh s\u00e1ch b\u1ea3o m\u1eadt v\u1eefng ch\u1eafc<\/b><span class=\"ez-toc-section-end\"><\/span><\/h3>\n<p><span style=\"font-weight: 400;\">Ch\u00ednh s\u00e1ch b\u1ea3o m\u1eadt kh\u00f4ng ch\u1ec9 l\u00e0 m\u1ed9t y\u00eau c\u1ea7u ph\u00e1p l\u00fd theo c\u00e1c quy \u0111\u1ecbnh nh\u01b0 Lu\u1eadt An ninh M\u1ea1ng t\u1ea1i Vi\u1ec7t Nam, m\u00e0 c\u00f2n l\u00e0 y\u1ebfu t\u1ed1 then ch\u1ed1t \u0111\u1ec3 x\u00e2y d\u1ef1ng m\u1ed1i quan h\u1ec7 l\u00e2u d\u00e0i gi\u1eefa c\u00f4ng ty v\u00e0 kh\u00e1ch h\u00e0ng. N\u00f3 gi\u00fap ng\u0103n ch\u1eb7n c\u00e1c v\u1ea5n \u0111\u1ec1 nh\u01b0 hack d\u1eef li\u1ec7u ho\u1eb7c gian l\u1eadn, \u0111\u1ed3ng th\u1eddi t\u0103ng c\u01b0\u1eddng s\u1ef1 tin c\u1eady c\u1ee7a th\u01b0\u01a1ng hi\u1ec7u.\u00a0<\/span><\/p>\n<p><span style=\"font-weight: 400;\">V\u00ed d\u1ee5, v\u1edbi s\u1ef1 gia t\u0103ng c\u1ee7a c\u00e1c thi\u1ebft b\u1ecb IoT nh\u01b0 camera gi\u00e1m s\u00e1t, ng\u01b0\u1eddi d\u00f9ng c\u1ea7n bi\u1ebft r\u1eb1ng d\u1eef li\u1ec7u c\u1ee7a h\u1ecd \u0111\u01b0\u1ee3c b\u1ea3o v\u1ec7, tr\u00e1nh t\u00ecnh tr\u1ea1ng b\u1ecb khai th\u00e1c cho m\u1ee5c \u0111\u00edch th\u01b0\u01a1ng m\u1ea1i kh\u00f4ng mong mu\u1ed1n.<\/span><\/p>\n<p><span style=\"font-weight: 400;\">H\u01a1n n\u1eefa, m\u1ed9t ch\u00ednh s\u00e1ch b\u1ea3o m\u1eadt t\u1ed1t c\u00f2n ph\u1ea3n \u00e1nh cam k\u1ebft \u0111\u1ea1o \u0111\u1ee9c c\u1ee7a doanh nghi\u1ec7p. N\u00f3 khuy\u1ebfn kh\u00edch ng\u01b0\u1eddi d\u00f9ng chia s\u1ebb th\u00f4ng tin m\u1ed9t c\u00e1ch t\u1ef1 tin, t\u1eeb \u0111\u00f3 th\u00fac \u0111\u1ea9y s\u1ef1 ph\u00e1t tri\u1ec3n c\u1ee7a c\u00e1c s\u1ea3n ph\u1ea9m c\u00f4ng ngh\u1ec7 an to\u00e0n. T\u1ea1i Vi\u1ec7t Nam, n\u01a1i m\u00e0 nh\u1eadn th\u1ee9c v\u1ec1 b\u1ea3o m\u1eadt d\u1eef li\u1ec7u \u0111ang ng\u00e0y c\u00e0ng t\u0103ng, c\u00e1c c\u00f4ng ty nh\u01b0 AX88 ph\u1ea3i tu\u00e2n th\u1ee7 nghi\u00eam ng\u1eb7t \u0111\u1ec3 tr\u00e1nh c\u00e1c \u00e1n ph\u1ea1t v\u00e0 m\u1ea5t uy t\u00edn.<\/span><\/p>\n<h2><span class=\"ez-toc-section\" id=\"Chinh_sach_bao_mat_cu_the_cua_AX88\"><\/span><b>Ch\u00ednh s\u00e1ch b\u1ea3o m\u1eadt c\u1ee5 th\u1ec3 c\u1ee7a AX88<\/b><span class=\"ez-toc-section-end\"><\/span><\/h2>\n<p><span style=\"font-weight: 400;\">AX88, v\u1edbi vai tr\u00f2 l\u00e0 nh\u00e0 ph\u00e2n ph\u1ed1i ch\u00ednh h\u00e3ng camera gi\u00e1m s\u00e1t t\u1ea1i Vi\u1ec7t Nam, \u0111\u00e3 x\u00e2y d\u1ef1ng m\u1ed9t ch\u00ednh s\u00e1ch b\u1ea3o m\u1eadt to\u00e0n di\u1ec7n nh\u1eb1m b\u1ea3o v\u1ec7 d\u1eef li\u1ec7u ng\u01b0\u1eddi d\u00f9ng. Ch\u00ednh s\u00e1ch n\u00e0y \u0111\u01b0\u1ee3c c\u00f4ng b\u1ed1 c\u00f4ng khai tr\u00ean trang web ch\u00ednh th\u1ee9c, gi\u00fap kh\u00e1ch h\u00e0ng d\u1ec5 d\u00e0ng ti\u1ebfp c\u1eadn v\u00e0 hi\u1ec3u r\u00f5.\u00a0<\/span><\/p>\n<p><span style=\"font-weight: 400;\">N\u00f3 bao g\u1ed3m c\u00e1c nguy\u00ean t\u1eafc r\u00f5 r\u00e0ng v\u1ec1 vi\u1ec7c thu th\u1eadp d\u1eef li\u1ec7u, s\u1eed d\u1ee5ng v\u00e0 b\u1ea3o m\u1eadt, \u0111\u1ed3ng th\u1eddi tu\u00e2n th\u1ee7 c\u00e1c ti\u00eau chu\u1ea9n qu\u1ed1c t\u1ebf nh\u01b0 GDPR ho\u1eb7c quy \u0111\u1ecbnh c\u1ee7a Vi\u1ec7t Nam.<\/span><\/p>\n<figure id=\"attachment_253\" aria-describedby=\"caption-attachment-253\" style=\"width: 800px\" class=\"wp-caption aligncenter\"><img loading=\"lazy\" decoding=\"async\" class=\"size-full wp-image-253\" src=\"https:\/\/smpn3bogor.com\/wp-content\/uploads\/2025\/10\/chinh-sach-bao-mat-3.jpg\" alt=\"C\u00e1c ch\u00ednh s\u00e1ch b\u1ea3o m\u1eadt c\u1ee5 th\u1ec3\" width=\"800\" height=\"400\" title=\"\" srcset=\"https:\/\/smpn3bogor.com\/wp-content\/uploads\/2025\/10\/chinh-sach-bao-mat-3.jpg 800w, https:\/\/smpn3bogor.com\/wp-content\/uploads\/2025\/10\/chinh-sach-bao-mat-3-300x150.jpg 300w, https:\/\/smpn3bogor.com\/wp-content\/uploads\/2025\/10\/chinh-sach-bao-mat-3-768x384.jpg 768w\" sizes=\"auto, (max-width: 800px) 100vw, 800px\" \/><figcaption id=\"caption-attachment-253\" class=\"wp-caption-text\">C\u00e1c ch\u00ednh s\u00e1ch b\u1ea3o m\u1eadt c\u1ee5 th\u1ec3<\/figcaption><\/figure>\n<h3><span class=\"ez-toc-section\" id=\"Cac_loai_du_lieu_ma_chung_toi_da_thu_thap\"><\/span><b>C\u00e1c lo\u1ea1i d\u1eef li\u1ec7u m\u00e0 ch\u00fang t\u00f4i \u0111\u00e3 thu th\u1eadp<\/b><span class=\"ez-toc-section-end\"><\/span><\/h3>\n<p><span style=\"font-weight: 400;\">Khi ng\u01b0\u1eddi d\u00f9ng t\u01b0\u01a1ng t\u00e1c v\u1edbi s\u1ea3n ph\u1ea9m c\u1ee7a AX88, ch\u1eb3ng h\u1ea1n nh\u01b0 qua \u1ee9ng d\u1ee5ng di \u0111\u1ed9ng \u0111\u1ec3 qu\u1ea3n l\u00fd camera, c\u00e1c lo\u1ea1i d\u1eef li\u1ec7u \u0111\u01b0\u1ee3c thu th\u1eadp bao g\u1ed3m th\u00f4ng tin c\u00e1 nh\u00e2n c\u01a1 b\u1ea3n nh\u01b0 t\u00ean, email v\u00e0 \u0111\u1ecba ch\u1ec9 IP, c\u0169ng nh\u01b0 d\u1eef li\u1ec7u t\u1eeb thi\u1ebft b\u1ecb nh\u01b0 v\u1ecb tr\u00ed ho\u1eb7c l\u1ecbch s\u1eed truy c\u1eadp.\u00a0<\/span><\/p>\n<p><span style=\"font-weight: 400;\">\u0110i\u1ec1u n\u00e0y gi\u00fap AX88 c\u1ea3i thi\u1ec7n t\u00ednh n\u0103ng s\u1ea3n ph\u1ea9m, ch\u1eb3ng h\u1ea1n nh\u01b0 t\u1ed1i \u01b0u h\u00f3a h\u00ecnh \u1ea3nh gi\u00e1m s\u00e1t. Tuy nhi\u00ean, c\u00f4ng ty ch\u1ec9 thu th\u1eadp d\u1eef li\u1ec7u c\u1ea7n thi\u1ebft v\u00e0 lu\u00f4n y\u00eau c\u1ea7u s\u1ef1 \u0111\u1ed3ng \u00fd r\u00f5 r\u00e0ng t\u1eeb ng\u01b0\u1eddi d\u00f9ng tr\u01b0\u1edbc khi l\u01b0u tr\u1eef.<\/span><\/p>\n<p><span style=\"font-weight: 400;\">Ngo\u00e0i ra, AX88 cam k\u1ebft kh\u00f4ng chia s\u1ebb d\u1eef li\u1ec7u v\u1edbi b\u00ean th\u1ee9 ba m\u00e0 kh\u00f4ng c\u00f3 l\u00fd do ch\u00ednh \u0111\u00e1ng, ch\u1eb3ng h\u1ea1n nh\u01b0 y\u00eau c\u1ea7u ph\u00e1p l\u00fd ho\u1eb7c \u0111\u1ec3 n\u00e2ng cao d\u1ecbch v\u1ee5. V\u00ed d\u1ee5, n\u1ebfu b\u1ea1n s\u1eed d\u1ee5ng camera AX88 AX88 \u0111\u1ec3 gi\u00e1m s\u00e1t nh\u00e0 c\u1eeda, ch\u00ednh s\u00e1ch b\u1ea3o m\u1eadt \u0111\u1ea3m b\u1ea3o r\u1eb1ng video v\u00e0 d\u1eef li\u1ec7u \u0111\u01b0\u1ee3c m\u00e3 h\u00f3a, gi\u1ea3m thi\u1ec3u r\u1ee7i ro l\u1ed9 th\u00f4ng tin. \u0110i\u1ec1u n\u00e0y kh\u00f4ng ch\u1ec9 b\u1ea3o v\u1ec7 quy\u1ec1n ri\u00eang t\u01b0 m\u00e0 c\u00f2n gi\u00fap ng\u01b0\u1eddi d\u00f9ng y\u00ean t\u00e2m s\u1eed d\u1ee5ng s\u1ea3n ph\u1ea9m trong c\u00e1c t\u00ecnh hu\u1ed1ng nh\u1ea1y c\u1ea3m.<\/span><\/p>\n<h3><span class=\"ez-toc-section\" id=\"Cac_bien_phap_bao_mat_can_thiet_va_quan_trong\"><\/span><b>C\u00e1c bi\u1ec7n ph\u00e1p b\u1ea3o m\u1eadt c\u1ea7n thi\u1ebft v\u00e0 quan tr\u1ecdng<\/b><span class=\"ez-toc-section-end\"><\/span><\/h3>\n<p><span style=\"font-weight: 400;\">\u0110\u1ec3 b\u1ea3o v\u1ec7 d\u1eef li\u1ec7u, AX88 \u00e1p d\u1ee5ng c\u00e1c c\u00f4ng ngh\u1ec7 ti\u00ean ti\u1ebfn nh\u01b0 m\u00e3 h\u00f3a d\u1eef li\u1ec7u v\u00e0 h\u1ec7 th\u1ed1ng firewall, \u0111\u1ea3m b\u1ea3o r\u1eb1ng th\u00f4ng tin \u0111\u01b0\u1ee3c truy\u1ec1n t\u1ea3i an to\u00e0n qua m\u1ea1ng. C\u00f4ng ty c\u0169ng th\u1ef1c hi\u1ec7n c\u00e1c bi\u1ec7n ph\u00e1p ki\u1ec3m tra \u0111\u1ecbnh k\u1ef3 \u0111\u1ec3 ph\u00e1t hi\u1ec7n v\u00e0 kh\u1eafc ph\u1ee5c l\u1ed7 h\u1ed5ng b\u1ea3o m\u1eadt. H\u01a1n n\u1eefa, AX88 tu\u00e2n th\u1ee7 c\u00e1c ti\u00eau chu\u1ea9n b\u1ea3o m\u1eadt qu\u1ed1c t\u1ebf, gi\u00fap gi\u1ea3m thi\u1ec3u r\u1ee7i ro t\u1eeb c\u00e1c m\u1ed1i \u0111e d\u1ecda m\u1ea1ng.<\/span><\/p>\n<p><span style=\"font-weight: 400;\">Trong tr\u01b0\u1eddng h\u1ee3p x\u1ea3y ra vi ph\u1ea1m, AX88 cam k\u1ebft th\u00f4ng b\u00e1o k\u1ecbp th\u1eddi cho ng\u01b0\u1eddi d\u00f9ng v\u00e0 c\u01a1 quan ch\u1ee9c n\u0103ng, \u0111\u1ed3ng th\u1eddi cung c\u1ea5p h\u01b0\u1edbng d\u1eabn \u0111\u1ec3 gi\u1ea3m thi\u1ec3u thi\u1ec7t h\u1ea1i. V\u00ed d\u1ee5, n\u1ebfu c\u00f3 s\u1ef1 c\u1ed1 li\u00ean quan \u0111\u1ebfn \u1ee9ng d\u1ee5ng di \u0111\u1ed9ng c\u1ee7a camera AX88 AX88, ch\u00ednh s\u00e1ch b\u1ea3o m\u1eadt quy \u0111\u1ecbnh r\u1eb1ng ng\u01b0\u1eddi d\u00f9ng s\u1ebd \u0111\u01b0\u1ee3c h\u1ed7 tr\u1ee3 tr\u1ef1c ti\u1ebfp qua trang li\u00ean h\u1ec7 Li\u00ean h\u1ec7 AX88. \u0110i\u1ec1u n\u00e0y th\u1ec3 hi\u1ec7n s\u1ef1 minh b\u1ea1ch v\u00e0 tr\u00e1ch nhi\u1ec7m, gi\u00fap x\u00e2y d\u1ef1ng l\u00f2ng tin l\u00e2u d\u00e0i v\u1edbi kh\u00e1ch h\u00e0ng.<\/span><\/p>\n<h2><span class=\"ez-toc-section\" id=\"Loi_ich_cua_cac_chinh_sach_bao_mat_an_toan\"><\/span><b>L\u1ee3i \u00edch c\u1ee7a c\u00e1c ch\u00ednh s\u00e1ch b\u1ea3o m\u1eadt an to\u00e0n<\/b><span class=\"ez-toc-section-end\"><\/span><\/h2>\n<p><span style=\"font-weight: 400;\">Ch\u00ednh s\u00e1ch b\u1ea3o m\u1eadt c\u1ee7a AX88 mang l\u1ea1i nhi\u1ec1u l\u1ee3i \u00edch thi\u1ebft th\u1ef1c cho ng\u01b0\u1eddi d\u00f9ng, t\u1eeb vi\u1ec7c b\u1ea3o v\u1ec7 quy\u1ec1n ri\u00eang t\u01b0 \u0111\u1ebfn n\u00e2ng cao tr\u1ea3i nghi\u1ec7m s\u1eed d\u1ee5ng s\u1ea3n ph\u1ea9m. N\u00f3 kh\u00f4ng ch\u1ec9 gi\u00fap tr\u00e1nh c\u00e1c v\u1ea5n \u0111\u1ec1 ph\u00e1p l\u00fd m\u00e0 c\u00f2n th\u00fac \u0111\u1ea9y s\u1ef1 h\u00e0i l\u00f2ng c\u1ee7a kh\u00e1ch h\u00e0ng trong m\u00f4i tr\u01b0\u1eddng s\u1ed1 h\u00f3a.<\/span><\/p>\n<figure id=\"attachment_254\" aria-describedby=\"caption-attachment-254\" style=\"width: 800px\" class=\"wp-caption aligncenter\"><img loading=\"lazy\" decoding=\"async\" class=\"size-full wp-image-254\" src=\"https:\/\/smpn3bogor.com\/wp-content\/uploads\/2025\/10\/chinh-sach-bao-mat-4.jpg\" alt=\"L\u1ee3i \u00edch c\u1ee7a kh\u00e1ch h\u00e0ng khi ax88 c\u00f3 ch\u00ednh s\u00e1ch b\u1ea3o m\u1eadt c\u1ee5 th\u1ec3\" width=\"800\" height=\"400\" title=\"\" srcset=\"https:\/\/smpn3bogor.com\/wp-content\/uploads\/2025\/10\/chinh-sach-bao-mat-4.jpg 800w, https:\/\/smpn3bogor.com\/wp-content\/uploads\/2025\/10\/chinh-sach-bao-mat-4-300x150.jpg 300w, https:\/\/smpn3bogor.com\/wp-content\/uploads\/2025\/10\/chinh-sach-bao-mat-4-768x384.jpg 768w\" sizes=\"auto, (max-width: 800px) 100vw, 800px\" \/><figcaption id=\"caption-attachment-254\" class=\"wp-caption-text\">L\u1ee3i \u00edch c\u1ee7a kh\u00e1ch h\u00e0ng khi ax88 c\u00f3 ch\u00ednh s\u00e1ch b\u1ea3o m\u1eadt c\u1ee5 th\u1ec3<\/figcaption><\/figure>\n<h3><span class=\"ez-toc-section\" id=\"Xay_dung_cung_co_long_tin_vung_chac_voi_nguoi_dung\"><\/span><b>X\u00e2y d\u1ef1ng c\u1ee7ng c\u1ed1 l\u00f2ng tin v\u1eefng ch\u1eafc v\u1edbi ng\u01b0\u1eddi d\u00f9ng<\/b><span class=\"ez-toc-section-end\"><\/span><\/h3>\n<p><span style=\"font-weight: 400;\">M\u1ed9t ch\u00ednh s\u00e1ch b\u1ea3o m\u1eadt r\u00f5 r\u00e0ng gi\u00fap kh\u00e1ch h\u00e0ng c\u1ea3m th\u1ea5y an to\u00e0n khi s\u1eed d\u1ee5ng c\u00e1c s\u1ea3n ph\u1ea9m nh\u01b0 camera gi\u00e1m s\u00e1t. H\u1ecd bi\u1ebft r\u1eb1ng d\u1eef li\u1ec7u c\u1ee7a m\u00ecnh \u0111\u01b0\u1ee3c x\u1eed l\u00fd m\u1ed9t c\u00e1ch \u0111\u1ea1o \u0111\u1ee9c, t\u1eeb \u0111\u00f3 t\u0103ng c\u01b0\u1eddng s\u1ef1 trung th\u00e0nh v\u1edbi th\u01b0\u01a1ng hi\u1ec7u. V\u00ed d\u1ee5, v\u1edbi AX88, vi\u1ec7c minh b\u1ea1ch v\u1ec1 c\u00e1ch d\u1eef li\u1ec7u \u0111\u01b0\u1ee3c s\u1eed d\u1ee5ng \u0111\u00e3 gi\u00fap c\u00f4ng ty nh\u1eadn \u0111\u01b0\u1ee3c \u0111\u00e1nh gi\u00e1 cao t\u1eeb ng\u01b0\u1eddi d\u00f9ng Vi\u1ec7t Nam, th\u1ec3 hi\u1ec7n qua c\u00e1c \u0111\u00e1nh gi\u00e1 t\u00edch c\u1ef1c tr\u00ean c\u00e1c n\u1ec1n t\u1ea3ng x\u00e3 h\u1ed9i.<\/span><\/p>\n<p><span style=\"font-weight: 400;\">Ngo\u00e0i ra, ch\u00ednh s\u00e1ch b\u1ea3o m\u1eadt c\u00f2n g\u00f3p ph\u1ea7n v\u00e0o vi\u1ec7c ph\u00e1t tri\u1ec3n c\u1ed9ng \u0111\u1ed3ng. Khi ng\u01b0\u1eddi d\u00f9ng tin t\u01b0\u1edfng, h\u1ecd s\u1eb5n s\u00e0ng chia s\u1ebb ph\u1ea3n h\u1ed3i \u0111\u1ec3 c\u1ea3i thi\u1ec7n s\u1ea3n ph\u1ea9m, d\u1eabn \u0111\u1ebfn c\u00e1c t\u00ednh n\u0103ng m\u1edbi nh\u01b0 t\u00edch h\u1ee3p AI trong camera AX88 AX88. \u0110i\u1ec1u n\u00e0y t\u1ea1o ra m\u1ed9t v\u00f2ng l\u1eb7p t\u00edch c\u1ef1c, n\u01a1i m\u00e0 b\u1ea3o m\u1eadt kh\u00f4ng ch\u1ec9 l\u00e0 b\u1ea3o v\u1ec7 m\u00e0 c\u00f2n l\u00e0 n\u1ec1n t\u1ea3ng cho s\u1ef1 \u0111\u1ed5i m\u1edbi.<\/span><\/p>\n<h3><span class=\"ez-toc-section\" id=\"Nang_cao_muc_do_an_toan_va_dam_bao_tuan_thu_theo_cac_quy_dinh_phap_ly\"><\/span><b>N\u00e2ng cao m\u1ee9c \u0111\u1ed9 an to\u00e0n v\u00e0 \u0111\u1ea3m b\u1ea3o tu\u00e2n th\u1ee7 theo c\u00e1c quy \u0111\u1ecbnh ph\u00e1p l\u00fd<\/b><span class=\"ez-toc-section-end\"><\/span><\/h3>\n<p><span style=\"font-weight: 400;\">Ch\u00ednh s\u00e1ch b\u1ea3o m\u1eadt gi\u00fap AX88 tu\u00e2n th\u1ee7 c\u00e1c quy \u0111\u1ecbnh ph\u00e1p l\u00fd t\u1ea1i Vi\u1ec7t Nam, tr\u00e1nh c\u00e1c \u00e1n ph\u1ea1t v\u00e0 ki\u1ec7n t\u1ee5ng. \u0110\u1ed3ng th\u1eddi, n\u00f3 b\u1ea3o v\u1ec7 ng\u01b0\u1eddi d\u00f9ng kh\u1ecfi c\u00e1c r\u1ee7i ro nh\u01b0 \u0111\u00e1nh c\u1eafp danh t\u00ednh ho\u1eb7c l\u1ea1m d\u1ee5ng d\u1eef li\u1ec7u. V\u1edbi s\u1ef1 gia t\u0103ng c\u1ee7a c\u00e1c thi\u1ebft b\u1ecb k\u1ebft n\u1ed1i, l\u1ee3i \u00edch n\u00e0y c\u00e0ng tr\u1edf n\u00ean quan tr\u1ecdng, gi\u00fap ng\u01b0\u1eddi d\u00f9ng s\u1eed d\u1ee5ng c\u00f4ng ngh\u1ec7 m\u00e0 kh\u00f4ng lo l\u1eafng.<\/span><\/p>\n<p><span style=\"font-weight: 400;\">H\u01a1n n\u1eefa, ch\u00ednh s\u00e1ch b\u1ea3o m\u1eadt c\u1ee7a AX88 khuy\u1ebfn kh\u00edch gi\u00e1o d\u1ee5c ng\u01b0\u1eddi d\u00f9ng v\u1ec1 an to\u00e0n m\u1ea1ng. Th\u00f4ng qua c\u00e1c b\u00e0i vi\u1ebft v\u00e0 h\u01b0\u1edbng d\u1eabn tr\u00ean website, c\u00f4ng ty gi\u00fap kh\u00e1ch h\u00e0ng t\u1ef1 b\u1ea3o v\u1ec7 m\u00ecnh, ch\u1eb3ng h\u1ea1n nh\u01b0 s\u1eed d\u1ee5ng m\u1eadt kh\u1ea9u m\u1ea1nh ho\u1eb7c c\u1eadp nh\u1eadt ph\u1ea7n m\u1ec1m th\u01b0\u1eddng xuy\u00ean.<\/span><\/p>\n<h2><span class=\"ez-toc-section\" id=\"Ket_luan\"><\/span><b>K\u1ebft lu\u1eadn<\/b><span class=\"ez-toc-section-end\"><\/span><\/h2>\n<p><span style=\"font-weight: 400;\">T\u00f3m l\u1ea1i, ch\u00ednh s\u00e1ch b\u1ea3o m\u1eadt AX88 l\u00e0 m\u1ed9t y\u1ebfu t\u1ed1 c\u1ed1t l\u00f5i trong vi\u1ec7c \u0111\u1ea3m b\u1ea3o quy\u1ec1n ri\u00eang t\u01b0 v\u00e0 an to\u00e0n d\u1eef li\u1ec7u cho ng\u01b0\u1eddi d\u00f9ng t\u1ea1i Vi\u1ec7t Nam. T\u1eeb \u0111\u1ecbnh ngh\u0129a c\u01a1 b\u1ea3n \u0111\u1ebfn c\u00e1c bi\u1ec7n ph\u00e1p c\u1ee5 th\u1ec3, n\u00f3 kh\u00f4ng ch\u1ec9 tu\u00e2n th\u1ee7 ph\u00e1p l\u00fd m\u00e0 c\u00f2n x\u00e2y d\u1ef1ng l\u00f2ng tin v\u00e0 mang l\u1ea1i l\u1ee3i \u00edch thi\u1ebft th\u1ef1c. AX88 cam k\u1ebft ti\u1ebfp t\u1ee5c c\u1ea3i thi\u1ec7n ch\u00ednh s\u00e1ch n\u00e0y \u0111\u1ec3 \u0111\u00e1p \u1ee9ng nhu c\u1ea7u ng\u00e0y c\u00e0ng cao c\u1ee7a kh\u00e1ch h\u00e0ng, \u0111\u1ea3m b\u1ea3o r\u1eb1ng m\u1ecdi t\u01b0\u01a1ng t\u00e1c \u0111\u1ec1u \u0111\u01b0\u1ee3c b\u1ea3o v\u1ec7. N\u1ebfu b\u1ea1n c\u00f3 b\u1ea5t k\u1ef3 c\u00e2u h\u1ecfi n\u00e0o, h\u00e3y truy c\u1eadp AX88.tv \u0111\u1ec3 t\u00ecm hi\u1ec3u th\u00eam.<\/span><\/p>\n","protected":false},"excerpt":{"rendered":"<p>Ch\u00ednh s\u00e1ch b\u1ea3o m\u1eadt AX88 &#8211; \u0110\u1ea3m b\u1ea3o s\u1ef1 b\u1ea3o m\u1eadt t\u1eeb ax88.tv Trong th\u1ebf gi\u1edbi s\u1ed1 h\u00f3a ng\u00e0y nay, ch\u00ednh s\u00e1ch b\u1ea3o m\u1eadt AX88 \u0111\u00f3ng vai tr\u00f2 quan tr\u1ecdng trong vi\u1ec7c b\u1ea3o v\u1ec7 th\u00f4ng tin c\u00e1 nh\u00e2n c\u1ee7a ng\u01b0\u1eddi d\u00f9ng. L\u00e0 m\u1ed9t trong nh\u1eefng nh\u00e0 cung c\u1ea5p camera gi\u00e1m s\u00e1t h\u00e0ng \u0111\u1ea7u t\u1ea1i Vi\u1ec7t [&#8230;]\n","protected":false},"author":1,"featured_media":255,"parent":0,"menu_order":0,"comment_status":"closed","ping_status":"closed","template":"","meta":{"footnotes":""},"class_list":["post-191","page","type-page","status-publish","has-post-thumbnail","hentry"],"_links":{"self":[{"href":"https:\/\/smpn3bogor.com\/vi-vn\/wp-json\/wp\/v2\/pages\/191","targetHints":{"allow":["GET"]}}],"collection":[{"href":"https:\/\/smpn3bogor.com\/vi-vn\/wp-json\/wp\/v2\/pages"}],"about":[{"href":"https:\/\/smpn3bogor.com\/vi-vn\/wp-json\/wp\/v2\/types\/page"}],"author":[{"embeddable":true,"href":"https:\/\/smpn3bogor.com\/vi-vn\/wp-json\/wp\/v2\/users\/1"}],"replies":[{"embeddable":true,"href":"https:\/\/smpn3bogor.com\/vi-vn\/wp-json\/wp\/v2\/comments?post=191"}],"version-history":[{"count":2,"href":"https:\/\/smpn3bogor.com\/vi-vn\/wp-json\/wp\/v2\/pages\/191\/revisions"}],"predecessor-version":[{"id":257,"href":"https:\/\/smpn3bogor.com\/vi-vn\/wp-json\/wp\/v2\/pages\/191\/revisions\/257"}],"wp:featuredmedia":[{"embeddable":true,"href":"https:\/\/smpn3bogor.com\/vi-vn\/wp-json\/wp\/v2\/media\/255"}],"wp:attachment":[{"href":"https:\/\/smpn3bogor.com\/vi-vn\/wp-json\/wp\/v2\/media?parent=191"}],"curies":[{"name":"wp","href":"https:\/\/api.w.org\/{rel}","templated":true}]}}