{"id":27,"date":"2025-09-08T21:52:43","date_gmt":"2025-09-08T14:52:43","guid":{"rendered":"https:\/\/smpn3bogor.com\/?page_id=27"},"modified":"2025-09-30T15:24:47","modified_gmt":"2025-09-30T08:24:47","slug":"gia-lap-dai-duong","status":"publish","type":"page","link":"https:\/\/smpn3bogor.com\/vi-vn\/ax88-tich-hop\/gia-lap-dai-duong\/","title":{"rendered":"Tr\u1ea3i Nghi\u1ec7m Gi\u1ea3 L\u1eadp \u0110\u1ea1i D\u01b0\u01a1ng AX88"},"content":{"rendered":"<div id=\"ez-toc-container\" class=\"ez-toc-v2_0_82_2 counter-hierarchy ez-toc-counter ez-toc-grey ez-toc-container-direction\">\n<div class=\"ez-toc-title-container\">\n<p class=\"ez-toc-title\" style=\"cursor:inherit\">N\u1ed9i dung<\/p>\n<span class=\"ez-toc-title-toggle\"><a href=\"#\" class=\"ez-toc-pull-right ez-toc-btn ez-toc-btn-xs ez-toc-btn-default ez-toc-toggle\" aria-label=\"Toggle Table of Content\"><span class=\"ez-toc-js-icon-con\"><span class=\"\"><span class=\"eztoc-hide\" style=\"display:none;\">Toggle<\/span><span class=\"ez-toc-icon-toggle-span\"><svg style=\"fill: #999;color:#999\" xmlns=\"http:\/\/www.w3.org\/2000\/svg\" class=\"list-377408\" width=\"20px\" height=\"20px\" viewBox=\"0 0 24 24\" fill=\"none\"><path d=\"M6 6H4v2h2V6zm14 0H8v2h12V6zM4 11h2v2H4v-2zm16 0H8v2h12v-2zM4 16h2v2H4v-2zm16 0H8v2h12v-2z\" fill=\"currentColor\"><\/path><\/svg><svg style=\"fill: #999;color:#999\" class=\"arrow-unsorted-368013\" xmlns=\"http:\/\/www.w3.org\/2000\/svg\" width=\"10px\" height=\"10px\" viewBox=\"0 0 24 24\" version=\"1.2\" baseProfile=\"tiny\"><path d=\"M18.2 9.3l-6.2-6.3-6.2 6.3c-.2.2-.3.4-.3.7s.1.5.3.7c.2.2.4.3.7.3h11c.3 0 .5-.1.7-.3.2-.2.3-.5.3-.7s-.1-.5-.3-.7zM5.8 14.7l6.2 6.3 6.2-6.3c.2-.2.3-.5.3-.7s-.1-.5-.3-.7c-.2-.2-.4-.3-.7-.3h-11c-.3 0-.5.1-.7.3-.2.2-.3.5-.3.7s.1.5.3.7z\"\/><\/svg><\/span><\/span><\/span><\/a><\/span><\/div>\n<nav><ul class='ez-toc-list ez-toc-list-level-1 ' ><li class='ez-toc-page-1 ez-toc-heading-level-1'><a class=\"ez-toc-link ez-toc-heading-1\" href=\"https:\/\/smpn3bogor.com\/vi-vn\/ax88-tich-hop\/gia-lap-dai-duong\/#Trai_Nghiem_Gia_Lap_Dai_Duong_AX88_Thu_Gian_Choi_Vui_va_Nhan_Voucher\" >Tr\u1ea3i Nghi\u1ec7m Gi\u1ea3 L\u1eadp \u0110\u1ea1i D\u01b0\u01a1ng AX88: Th\u01b0 Gi\u00e3n, Ch\u01a1i Vui v\u00e0 Nh\u1eadn Voucher<\/a><ul class='ez-toc-list-level-2' ><li class='ez-toc-heading-level-2'><a class=\"ez-toc-link ez-toc-heading-2\" href=\"https:\/\/smpn3bogor.com\/vi-vn\/ax88-tich-hop\/gia-lap-dai-duong\/#Gioi_thieu_tinh_nang_gia_lap_dai_duong\" >Gi\u1edbi thi\u1ec7u t\u00ednh n\u0103ng gi\u1ea3 l\u1eadp \u0111\u1ea1i d\u01b0\u01a1ng<\/a><ul class='ez-toc-list-level-3' ><li class='ez-toc-heading-level-3'><a class=\"ez-toc-link ez-toc-heading-3\" href=\"https:\/\/smpn3bogor.com\/vi-vn\/ax88-tich-hop\/gia-lap-dai-duong\/#Hinh_anh_sinh_dong_va_am_thanh_song_dong_loi_cuon\" >H\u00ecnh \u1ea3nh sinh \u0111\u1ed9ng v\u00e0 \u00e2m thanh s\u1ed1ng \u0111\u1ed9ng l\u00f4i cu\u1ed1n<\/a><\/li><li class='ez-toc-page-1 ez-toc-heading-level-3'><a class=\"ez-toc-link ez-toc-heading-4\" href=\"https:\/\/smpn3bogor.com\/vi-vn\/ax88-tich-hop\/gia-lap-dai-duong\/#Cam_giac_thu_gian_giup_giam_bot_stress\" >C\u1ea3m gi\u00e1c th\u01b0 gi\u00e3n, gi\u00fap gi\u1ea3m b\u1edbt stress<\/a><\/li><li class='ez-toc-page-1 ez-toc-heading-level-3'><a class=\"ez-toc-link ez-toc-heading-5\" href=\"https:\/\/smpn3bogor.com\/vi-vn\/ax88-tich-hop\/gia-lap-dai-duong\/#Phu_hop_cho_ca_tre_nho_lan_nguoi_lon\" >Ph\u00f9 h\u1ee3p cho c\u1ea3 tr\u1ebb nh\u1ecf l\u1eabn ng\u01b0\u1eddi l\u1edbn<\/a><\/li><\/ul><\/li><li class='ez-toc-page-1 ez-toc-heading-level-2'><a class=\"ez-toc-link ez-toc-heading-6\" href=\"https:\/\/smpn3bogor.com\/vi-vn\/ax88-tich-hop\/gia-lap-dai-duong\/#Cach_truy_cap_gia_lap_dai_duong_trong_AX88_App\" >C\u00e1ch truy c\u1eadp gi\u1ea3 l\u1eadp \u0111\u1ea1i d\u01b0\u01a1ng trong AX88 App<\/a><ul class='ez-toc-list-level-3' ><li class='ez-toc-heading-level-3'><a class=\"ez-toc-link ez-toc-heading-7\" href=\"https:\/\/smpn3bogor.com\/vi-vn\/ax88-tich-hop\/gia-lap-dai-duong\/#Cac_buoc_kich_hoat\" >C\u00e1c b\u01b0\u1edbc k\u00edch ho\u1ea1t<\/a><\/li><li class='ez-toc-page-1 ez-toc-heading-level-3'><a class=\"ez-toc-link ez-toc-heading-8\" href=\"https:\/\/smpn3bogor.com\/vi-vn\/ax88-tich-hop\/gia-lap-dai-duong\/#Dieu_chinh_va_toi_uu_hoa_am_thanh_hinh_anh\" >\u0110i\u1ec1u ch\u1ec9nh v\u00e0 t\u1ed1i \u01b0u h\u00f3a \u00e2m thanh, h\u00ecnh \u1ea3nh<\/a><\/li><\/ul><\/li><li class='ez-toc-page-1 ez-toc-heading-level-2'><a class=\"ez-toc-link ez-toc-heading-9\" href=\"https:\/\/smpn3bogor.com\/vi-vn\/ax88-tich-hop\/gia-lap-dai-duong\/#FAQ_ve_gia_lap_dai_duong_AX88\" >FAQ v\u1ec1 gi\u1ea3 l\u1eadp \u0111\u1ea1i d\u01b0\u01a1ng AX88<\/a><ul class='ez-toc-list-level-3' ><li class='ez-toc-heading-level-3'><a class=\"ez-toc-link ez-toc-heading-10\" href=\"https:\/\/smpn3bogor.com\/vi-vn\/ax88-tich-hop\/gia-lap-dai-duong\/#Co_can_internet_khong\" >C\u00f3 c\u1ea7n internet kh\u00f4ng?<\/a><\/li><li class='ez-toc-page-1 ez-toc-heading-level-3'><a class=\"ez-toc-link ez-toc-heading-11\" href=\"https:\/\/smpn3bogor.com\/vi-vn\/ax88-tich-hop\/gia-lap-dai-duong\/#Co_the_tuy_chinh_canh_bien_khong\" >C\u00f3 th\u1ec3 t\u00f9y ch\u1ec9nh c\u1ea3nh bi\u1ec3n kh\u00f4ng?<\/a><\/li><\/ul><\/li><\/ul><\/li><\/ul><\/nav><\/div>\n<h1 style=\"text-align: center;\"><span class=\"ez-toc-section\" id=\"Trai_Nghiem_Gia_Lap_Dai_Duong_AX88_Thu_Gian_Choi_Vui_va_Nhan_Voucher\"><\/span><b>Tr\u1ea3i Nghi\u1ec7m Gi\u1ea3 L\u1eadp \u0110\u1ea1i D\u01b0\u01a1ng AX88: Th\u01b0 Gi\u00e3n, Ch\u01a1i Vui v\u00e0 Nh\u1eadn Voucher<\/b><span class=\"ez-toc-section-end\"><\/span><\/h1>\n<p><span style=\"font-weight: 400;\">Ch\u00e0o m\u1eebng b\u1ea1n \u0111\u1ebfn v\u1edbi h\u00e0nh tr\u00ecnh kh\u00e1m ph\u00e1 AX88 <a href=\"https:\/\/smpn3bogor.com\/ax88-tich-hop\/gia-lap-dai-duong\/\"><strong>Gi\u1ea3 l\u1eadp \u0111\u1ea1i d\u01b0\u01a1ng<\/strong><\/a>, m\u1ed9t tr\u1ea3i nghi\u1ec7m m\u1edbi m\u1ebb k\u1ebft h\u1ee3p gi\u1eefa c\u00f4ng ngh\u1ec7 cao v\u00e0 c\u1ea3m gi\u00e1c th\u01b0 gi\u00e3n t\u1ef1 nhi\u00ean. Trong cu\u1ed9c s\u1ed1ng hi\u1ec7n \u0111\u1ea1i, b\u1eadn r\u1ed9n v\u00e0 \u00e1p l\u1ef1c ng\u00e0y c\u00e0ng gia t\u0103ng, vi\u1ec7c t\u00ecm ki\u1ebfm ph\u01b0\u01a1ng ph\u00e1p th\u01b0 gi\u00e3n hi\u1ec7u qu\u1ea3 l\u00e0 y\u1ebfu t\u1ed1 quan tr\u1ecdng \u0111\u1ec3 duy tr\u00ec s\u1ee9c kh\u1ecfe tinh th\u1ea7n.<\/span><\/p>\n<p><span style=\"font-weight: 400;\">\u00a0Ch\u00ednh v\u00ec v\u1eady, h\u00ecnh th\u1ee9c gi\u1ea3 l\u1eadp \u0111\u1ea1i d\u01b0\u01a1ng trong app camera c\u1ee7a AX88 mang \u0111\u1ebfn m\u1ed9t gi\u1ea3i ph\u00e1p th\u1eadt s\u1ef1 ti\u1ec7n l\u1ee3i, d\u1ec5 d\u00e0ng ti\u1ebfp c\u1eadn v\u00e0 \u0111em l\u1ea1i c\u1ea3m gi\u00e1c y\u00ean b\u00ecnh, gi\u1ea3m stress m\u1ed7i ng\u00e0y.<\/span><\/p>\n<h2><span class=\"ez-toc-section\" id=\"Gioi_thieu_tinh_nang_gia_lap_dai_duong\"><\/span><b>Gi\u1edbi thi\u1ec7u t\u00ednh n\u0103ng gi\u1ea3 l\u1eadp \u0111\u1ea1i d\u01b0\u01a1ng<\/b><span class=\"ez-toc-section-end\"><\/span><\/h2>\n<p><span style=\"font-weight: 400;\">Trong th\u1eddi \u0111\u1ea1i c\u00f4ng ngh\u1ec7 s\u1ed1 hi\u1ec7n nay, c\u00e1c tr\u1ea3i nghi\u1ec7m \u1ea3o ng\u00e0y c\u00e0ng tr\u1edf n\u00ean ph\u1ed5 bi\u1ebfn v\u00e0 \u0111a d\u1ea1ng h\u01a1n bao gi\u1edd h\u1ebft. Thay v\u00ec ch\u1ec9 \u0111\u01a1n thu\u1ea7n s\u1eed d\u1ee5ng camera \u0111\u1ec3 quan s\u00e1t, <a href=\"https:\/\/smpn3bogor.com\/\"><strong>AX88<\/strong><\/a> \u0111\u00e3 s\u00e1ng t\u1ea1o ra m\u1ed9t t\u00ednh n\u0103ng gi\u1ea3 l\u1eadp \u0111\u1ea1i d\u01b0\u01a1ng, l\u1ea5y \u00fd t\u01b0\u1edfng t\u1eeb ch\u00ednh thi\u00ean nhi\u00ean trong l\u00e0nh, mang l\u1ea1i c\u1ea3m gi\u00e1c tho\u1ea3i m\u00e1i, d\u1ec5 ch\u1ecbu ngay t\u1ea1i ch\u1ed1n ri\u00eang t\u01b0 c\u1ee7a b\u1ea1n. \u0110\u00e2y l\u00e0 b\u01b0\u1edbc \u0111\u1ed9t ph\u00e1 gi\u00fap ng\u01b0\u1eddi d\u00f9ng kh\u00f4ng ch\u1ec9 d\u00f9ng \u0111\u1ec3 quan s\u00e1t m\u00e0 c\u00f2n c\u00f3 th\u1ec3 th\u01b0 gi\u00e3n, gi\u1ea3m b\u1edbt c\u0103ng th\u1eb3ng sau nh\u1eefng gi\u1edd l\u00e0m vi\u1ec7c c\u0103ng th\u1eb3ng.<\/span><\/p>\n<figure id=\"attachment_167\" aria-describedby=\"caption-attachment-167\" style=\"width: 800px\" class=\"wp-caption aligncenter\"><img loading=\"lazy\" decoding=\"async\" class=\"size-full wp-image-167\" src=\"https:\/\/smpn3bogor.com\/wp-content\/uploads\/2025\/09\/gioi-thieu-tinh-nang-gia-lap-dai-duong.jpg\" alt=\"Gi\u1edbi thi\u1ec7u t\u00ednh n\u0103ng gi\u1ea3 l\u1eadp \u0111\u1ea1i d\u01b0\u01a1ng AX88\" width=\"800\" height=\"400\" title=\"\" srcset=\"https:\/\/smpn3bogor.com\/wp-content\/uploads\/2025\/09\/gioi-thieu-tinh-nang-gia-lap-dai-duong.jpg 800w, https:\/\/smpn3bogor.com\/wp-content\/uploads\/2025\/09\/gioi-thieu-tinh-nang-gia-lap-dai-duong-300x150.jpg 300w, https:\/\/smpn3bogor.com\/wp-content\/uploads\/2025\/09\/gioi-thieu-tinh-nang-gia-lap-dai-duong-768x384.jpg 768w\" sizes=\"auto, (max-width: 800px) 100vw, 800px\" \/><figcaption id=\"caption-attachment-167\" class=\"wp-caption-text\">Gi\u1edbi thi\u1ec7u t\u00ednh n\u0103ng gi\u1ea3 l\u1eadp \u0111\u1ea1i d\u01b0\u01a1ng AX88<\/figcaption><\/figure>\n<h3><span class=\"ez-toc-section\" id=\"Hinh_anh_sinh_dong_va_am_thanh_song_dong_loi_cuon\"><\/span><b>H\u00ecnh \u1ea3nh sinh \u0111\u1ed9ng v\u00e0 \u00e2m thanh s\u1ed1ng \u0111\u1ed9ng l\u00f4i cu\u1ed1n<\/b><span class=\"ez-toc-section-end\"><\/span><\/h3>\n<p><span style=\"font-weight: 400;\">\u0110i\u1ec3m n\u1ed5i b\u1eadt c\u1ee7a AX88 Gi\u1ea3 l\u1eadp \u0111\u1ea1i d\u01b0\u01a1ng ch\u00ednh l\u00e0 kh\u1ea3 n\u0103ng hi\u1ec3n th\u1ecb h\u00ecnh \u1ea3nh c\u1ef1c k\u1ef3 ch\u00e2n th\u1ef1c, k\u1ebft h\u1ee3p v\u1edbi h\u1ec7 th\u1ed1ng \u00e2m thanh t\u1ef1 nhi\u00ean, t\u1ea1o c\u1ea3m gi\u00e1c nh\u01b0 th\u1eadt. V\u1edbi \u0111\u1ed9 ph\u00e2n gi\u1ea3i cao v\u00e0 c\u00f4ng ngh\u1ec7 x\u1eed l\u00fd h\u00ecnh \u1ea3nh t\u1ed1i t\u00e2n, c\u00e1c c\u1ea3nh bi\u1ec3n trong app camera lu\u00f4n s\u1eafc n\u00e9t, phong ph\u00fa v\u00e0 s\u1ed1ng \u0111\u1ed9ng, h\u1ea5p d\u1eabn \u0111\u1ebfn t\u1eebng chi ti\u1ebft nh\u1ecf nh\u1ea5t nh\u01b0 b\u00f3ng \u0111\u00e1y, b\u1ecdt bi\u1ec3n hay \u00e1nh s\u00e1ng l\u1ea5p l\u00e1nh tr\u00ean m\u1eb7t n\u01b0\u1edbc.<\/span><\/p>\n<p><span style=\"font-weight: 400;\">\u00c2m thanh c\u0169ng l\u00e0 y\u1ebfu t\u1ed1 kh\u00f4ng th\u1ec3 thi\u1ebfu \u0111\u1ec3 \u0111em l\u1ea1i tr\u1ea3i nghi\u1ec7m tr\u1ecdn v\u1eb9n. Ti\u1ebfng s\u00f3ng v\u1ed7 nh\u1eb9 nh\u00e0ng, ti\u1ebfng c\u00e1 b\u01a1i l\u1ed9i ho\u1eb7c ti\u1ebfng gi\u00f3 m\u00e1t \u0111\u1ec1u \u0111\u01b0\u1ee3c m\u00f4 ph\u1ecfng ch\u00e2n th\u1ef1c, gi\u00fap ng\u01b0\u1eddi d\u00f9ng c\u1ea3m nh\u1eadn nh\u01b0 \u0111ang th\u1ef1c s\u1ef1 h\u00f2a m\u00ecnh v\u00e0o m\u00f4i tr\u01b0\u1eddng bi\u1ec3n c\u1ea3. Nh\u1edd \u0111\u00f3, d\u00f9 b\u1ea1n \u0111ang trong kh\u00f4ng gian n\u1ed9i th\u1ea5t, gi\u1ea3 l\u1eadp \u0111\u1ea1i d\u01b0\u01a1ng v\u1eabn mang \u0111\u1ebfn c\u1ea3m gi\u00e1c nh\u01b0 \u0111ang \u0111\u1ee9ng gi\u1eefa \u0111\u1ea1i d\u01b0\u01a1ng bao la, gi\u00fap tinh th\u1ea7n tho\u1ea3i m\u00e1i h\u01a1n, gi\u1ea3m thi\u1ec3u lo \u00e2u, c\u0103ng th\u1eb3ng.<\/span><\/p>\n<h3><span class=\"ez-toc-section\" id=\"Cam_giac_thu_gian_giup_giam_bot_stress\"><\/span><b>C\u1ea3m gi\u00e1c th\u01b0 gi\u00e3n, gi\u00fap gi\u1ea3m b\u1edbt stress<\/b><span class=\"ez-toc-section-end\"><\/span><\/h3>\n<p><span style=\"font-weight: 400;\">Trong nh\u1eefng n\u0103m g\u1ea7n \u0111\u00e2y, nhi\u1ec1u nghi\u00ean c\u1ee9u \u0111\u00e3 ch\u1ee9ng minh r\u1eb1ng ti\u1ebfp x\u00fac v\u1edbi m\u00f4i tr\u01b0\u1eddng t\u1ef1 nhi\u00ean ho\u1eb7c c\u00e1c h\u00ecnh \u1ea3nh, \u00e2m thanh t\u1ef1 nhi\u00ean c\u00f3 kh\u1ea3 n\u0103ng gi\u1ea3m c\u0103ng th\u1eb3ng, lo l\u1eafng v\u00e0 th\u00fac \u0111\u1ea9y c\u1ea3m gi\u00e1c t\u00edch c\u1ef1c. Nh\u1eadn th\u1ee9c n\u00e0y \u0111\u00e3 g\u00f3p ph\u1ea7n th\u00fac \u0111\u1ea9y c\u00e1c nh\u00e0 s\u00e1ng t\u1ea1o c\u00f4ng ngh\u1ec7 ph\u00e1t tri\u1ec3n c\u00e1c gi\u1ea3i ph\u00e1p mang t\u00ednh gi\u1ea3 l\u1eadp, gi\u00fap ng\u01b0\u1eddi d\u00f9ng kh\u00f4ng c\u1ea7n r\u1eddi kh\u1ecfi nh\u00e0 v\u1eabn c\u00f3 th\u1ec3 th\u01b0\u1edfng th\u1ee9c v\u1ebb \u0111\u1eb9p thi\u00ean nhi\u00ean.<\/span><\/p>\n<figure id=\"attachment_165\" aria-describedby=\"caption-attachment-165\" style=\"width: 800px\" class=\"wp-caption aligncenter\"><img loading=\"lazy\" decoding=\"async\" class=\"size-full wp-image-165\" src=\"https:\/\/smpn3bogor.com\/wp-content\/uploads\/2025\/09\/cam-giac-thu-gian-giup-giam-bot-stress.jpg\" alt=\"C\u1ea3m gi\u00e1c s\u1ed1ng \u0111\u1ed9ng nh\u01b0 th\u1eadt\" width=\"800\" height=\"400\" title=\"\" srcset=\"https:\/\/smpn3bogor.com\/wp-content\/uploads\/2025\/09\/cam-giac-thu-gian-giup-giam-bot-stress.jpg 800w, https:\/\/smpn3bogor.com\/wp-content\/uploads\/2025\/09\/cam-giac-thu-gian-giup-giam-bot-stress-300x150.jpg 300w, https:\/\/smpn3bogor.com\/wp-content\/uploads\/2025\/09\/cam-giac-thu-gian-giup-giam-bot-stress-768x384.jpg 768w\" sizes=\"auto, (max-width: 800px) 100vw, 800px\" \/><figcaption id=\"caption-attachment-165\" class=\"wp-caption-text\">C\u1ea3m gi\u00e1c s\u1ed1ng \u0111\u1ed9ng nh\u01b0 th\u1eadt<\/figcaption><\/figure>\n<p><span style=\"font-weight: 400;\">AX88 Gi\u1ea3 l\u1eadp \u0111\u1ea1i d\u01b0\u01a1ng kh\u00f4ng ch\u1ec9 \u0111\u01a1n thu\u1ea7n l\u00e0 h\u00ecnh \u1ea3nh \u0111\u1eb9p, m\u00e0 c\u00f2n l\u00e0 ph\u01b0\u01a1ng ti\u1ec7n gi\u00fap b\u1ea1n c\u1ea3m nh\u1eadn s\u1ef1 b\u00ecnh y\u00ean. C\u00e1c \u00e2m thanh t\u1ef1 nhi\u00ean v\u00e0 h\u00ecnh \u1ea3nh bi\u1ec3n c\u1ea3 c\u00f2n gi\u00fap n\u00e3o b\u1ed9 gi\u1ea3m ho\u1ea1t \u0111\u1ed9ng qu\u00e1 m\u1ee9c, ch\u1ed1ng l\u1ea1i t\u00ecnh tr\u1ea1ng m\u1ec7t m\u1ecfi tinh th\u1ea7n, \u0111\u1ed3ng th\u1eddi t\u1ea1o ra c\u1ea3m gi\u00e1c d\u1ec5 ch\u1ecbu, t\u01b0\u01a1i m\u1edbi. \u0110\u00e2y l\u00e0 m\u1ed9t ph\u01b0\u01a1ng ph\u00e1p v\u00f4 c\u00f9ng hi\u1ec7u qu\u1ea3 \u0111\u1ec3 \u201cn\u1ea1p l\u1ea1i n\u0103ng l\u01b0\u1ee3ng\u201d sau m\u1ed9t ng\u00e0y l\u00e0m vi\u1ec7c m\u1ec7t nh\u1ecdc, ho\u1eb7c ch\u1ec9 \u0111\u01a1n gi\u1ea3n l\u00e0 d\u00e0nh th\u1eddi gian th\u01b0 gi\u00e3n, t\u1eadn h\u01b0\u1edfng cu\u1ed9c s\u1ed1ng \u0111\u1ec3 l\u1ea5y l\u1ea1i s\u1ef1 c\u00e2n b\u1eb1ng trong \u0111\u1eddi s\u1ed1ng h\u1eb1ng ng\u00e0y.<\/span><\/p>\n<h3><span class=\"ez-toc-section\" id=\"Phu_hop_cho_ca_tre_nho_lan_nguoi_lon\"><\/span><b>Ph\u00f9 h\u1ee3p cho c\u1ea3 tr\u1ebb nh\u1ecf l\u1eabn ng\u01b0\u1eddi l\u1edbn<\/b><span class=\"ez-toc-section-end\"><\/span><\/h3>\n<p><span style=\"font-weight: 400;\">C\u00f4ng n\u0103ng c\u1ee7a gi\u1ea3 l\u1eadp \u0111\u1ea1i d\u01b0\u01a1ng trong \u1ee9ng d\u1ee5ng camera kh\u00f4ng ch\u1ec9 ph\u00f9 h\u1ee3p v\u1edbi ng\u01b0\u1eddi l\u1edbn m\u00e0 c\u00f2n \u0111\u1eb7c bi\u1ec7t th\u00edch h\u1ee3p cho tr\u1ebb nh\u1ecf. Tr\u1ebb em th\u01b0\u1eddng r\u1ea5t th\u00edch c\u00e1c h\u00ecnh \u1ea3nh sinh \u0111\u1ed9ng, \u00e2m thanh vui nh\u1ed9n, v\u00e0 m\u00f4i tr\u01b0\u1eddng bi\u1ec3n c\u1ea3 m\u00f4 ph\u1ecfng mang l\u1ea1i c\u1ea3m gi\u00e1c vui v\u1ebb, nh\u1eb9 nh\u00e0ng cho c\u00e1c b\u00e9. Vi\u1ec7c th\u01b0\u1eddng xuy\u00ean cho tr\u1ebb xem ho\u1eb7c ti\u1ebfp x\u00fac v\u1edbi h\u00ecnh \u1ea3nh bi\u1ec3n trong app c\u00f3 th\u1ec3 gi\u00fap ph\u00e1t tri\u1ec3n kh\u1ea3 n\u0103ng c\u1ea3m nh\u1eadn th\u1ecb gi\u00e1c, \u0111\u1ed3ng th\u1eddi gi\u00fap tr\u1ebb c\u1ea3m th\u1ea5y tho\u1ea3i m\u00e1i, b\u00ecnh t\u0129nh h\u01a1n trong c\u00e1c t\u00ecnh hu\u1ed1ng c\u0103ng th\u1eb3ng ho\u1eb7c lo l\u1eafng.<\/span><\/p>\n<p><span style=\"font-weight: 400;\">\u0110\u1ed1i v\u1edbi ng\u01b0\u1eddi l\u1edbn, AX88 Gi\u1ea3 l\u1eadp \u0111\u1ea1i d\u01b0\u01a1ng c\u00f2n tr\u1edf th\u00e0nh m\u1ed9t ph\u01b0\u01a1ng ph\u00e1p \u0111i\u1ec1u tr\u1ecb hi\u1ec7u qu\u1ea3 cho c\u00e1c tri\u1ec7u ch\u1ee9ng c\u0103ng th\u1eb3ng, m\u1ec7t m\u1ecfi do \u00e1p l\u1ef1c c\u00f4ng vi\u1ec7c ho\u1eb7c h\u1ecdc t\u1eadp k\u00e9o d\u00e0i. S\u1ef1 h\u00f2a quy\u1ec7n c\u1ee7a h\u00ecnh \u1ea3nh, \u00e2m thanh t\u1ef1 nhi\u00ean, gi\u00fap n\u00e3o b\u1ed9 li\u00ean t\u01b0\u1edfng v\u1ec1 m\u1ed9t n\u01a1i y\u00ean b\u00ecnh, gi\u00fap c\u1ea3 tinh th\u1ea7n l\u1eabn th\u1ec3 ch\u1ea5t \u0111\u1ec1u \u0111\u01b0\u1ee3c th\u01b0 gi\u00e3n t\u1ed1i \u0111a khi s\u1eed d\u1ee5ng.<\/span><\/p>\n<h2><span class=\"ez-toc-section\" id=\"Cach_truy_cap_gia_lap_dai_duong_trong_AX88_App\"><\/span><b>C\u00e1ch truy c\u1eadp gi\u1ea3 l\u1eadp \u0111\u1ea1i d\u01b0\u01a1ng trong AX88 App<\/b><span class=\"ez-toc-section-end\"><\/span><\/h2>\n<p><span style=\"font-weight: 400;\">B\u1ea1n \u0111ang th\u1eafc m\u1eafc l\u00e0m th\u1ebf n\u00e0o \u0111\u1ec3 tr\u1ea3i nghi\u1ec7m t\u00ednh n\u0103ng gi\u1ea3 l\u1eadp \u0111\u1ea1i d\u01b0\u01a1ng n\u00e0y? R\u1ea5t \u0111\u01a1n gi\u1ea3n! Ch\u1ec9 c\u1ea7n th\u1ef1c hi\u1ec7n m\u1ed9t v\u00e0i b\u01b0\u1edbc c\u01a1 b\u1ea3n \u0111\u1ec3 k\u00edch ho\u1ea1t v\u00e0 \u0111i\u1ec1u ch\u1ec9nh ph\u00f9 h\u1ee3p v\u1edbi s\u1edf th\u00edch c\u1ee7a ri\u00eang m\u00ecnh. H\u1ec7 th\u1ed1ng \u0111i\u1ec1u khi\u1ec3n trong AX88 App v\u00f4 c\u00f9ng tr\u1ef1c quan, gi\u00fap b\u1ea1n d\u1ec5 d\u00e0ng thao t\u00e1c d\u00f9 l\u00e0 ng\u01b0\u1eddi m\u1edbi.<\/span><\/p>\n<figure id=\"attachment_168\" aria-describedby=\"caption-attachment-168\" style=\"width: 800px\" class=\"wp-caption aligncenter\"><img loading=\"lazy\" decoding=\"async\" class=\"size-full wp-image-168\" src=\"https:\/\/smpn3bogor.com\/wp-content\/uploads\/2025\/09\/cach-truy-cap-gia-lap-dai-duong-trong-ax88-app.jpg\" alt=\"C\u00e1ch truy c\u1eadp gi\u1ea3 l\u1eadp \u0111\u1ea1i d\u01b0\u01a1ng tr\u00ean app\" width=\"800\" height=\"400\" title=\"\" srcset=\"https:\/\/smpn3bogor.com\/wp-content\/uploads\/2025\/09\/cach-truy-cap-gia-lap-dai-duong-trong-ax88-app.jpg 800w, https:\/\/smpn3bogor.com\/wp-content\/uploads\/2025\/09\/cach-truy-cap-gia-lap-dai-duong-trong-ax88-app-300x150.jpg 300w, https:\/\/smpn3bogor.com\/wp-content\/uploads\/2025\/09\/cach-truy-cap-gia-lap-dai-duong-trong-ax88-app-768x384.jpg 768w\" sizes=\"auto, (max-width: 800px) 100vw, 800px\" \/><figcaption id=\"caption-attachment-168\" class=\"wp-caption-text\">C\u00e1ch truy c\u1eadp gi\u1ea3 l\u1eadp \u0111\u1ea1i d\u01b0\u01a1ng tr\u00ean app<\/figcaption><\/figure>\n<h3><span class=\"ez-toc-section\" id=\"Cac_buoc_kich_hoat\"><\/span><b>C\u00e1c b\u01b0\u1edbc k\u00edch ho\u1ea1t<\/b><span class=\"ez-toc-section-end\"><\/span><\/h3>\n<p><span style=\"font-weight: 400;\">\u0110\u1ec3 b\u1eaft \u0111\u1ea7u, b\u1ea1n ch\u1ec9 c\u1ea7n m\u1edf AX88 App \u0111\u00e3 c\u00e0i \u0111\u1eb7t tr\u00ean \u0111i\u1ec7n tho\u1ea1i ho\u1eb7c thi\u1ebft b\u1ecb c\u1ee7a m\u00ecnh. T\u00ecm t\u1edbi m\u1ee5c &#8220;Gi\u1ea3 l\u1eadp \u0111\u1ea1i d\u01b0\u01a1ng&#8221; trong menu ch\u00ednh ho\u1eb7c trong ph\u1ea7n c\u00e0i \u0111\u1eb7t ti\u1ec7n \u00edch. Sau \u0111\u00f3, ch\u1ec9 c\u1ea7n ch\u1ea1m v\u00e0o n\u00fat k\u00edch ho\u1ea1t \u0111\u1ec3 h\u1ec7 th\u1ed1ng t\u1ef1 \u0111\u1ed9ng load c\u1ea3nh bi\u1ec3n c\u00f9ng \u00e2m thanh ph\u00f9 h\u1ee3p. Qu\u00e1 tr\u00ecnh n\u00e0y th\u01b0\u1eddng di\u1ec5n ra r\u1ea5t nhanh ch\u00f3ng, th\u01b0\u1eddng ch\u1ec9 trong ch\u01b0a \u0111\u1ea7y m\u1ed9t ph\u00fat, th\u01b0\u1eddng ch\u1ec9 m\u1ea5t v\u00e0i gi\u00e2y.<\/span><\/p>\n<p><span style=\"font-weight: 400;\">Sau khi k\u00edch ho\u1ea1t, b\u1ea1n c\u00f3 th\u1ec3 ch\u1ecdn l\u1ef1a c\u00e1c lo\u1ea1i c\u1ea3nh bi\u1ec3n kh\u00e1c nhau, t\u1eeb bi\u1ec3n ho\u00e0ng h\u00f4n, b\u00ecnh minh cho \u0111\u1ebfn bi\u1ec3n \u0111\u00eam \u0111\u1ea7y sao. M\u1ed7i c\u1ea3nh \u0111\u1ec1u \u0111\u01b0\u1ee3c thi\u1ebft k\u1ebf r\u1ea5t t\u1ec9 m\u1ec9, gi\u00fap b\u1ea1n c\u00f3 nhi\u1ec1u l\u1ef1a ch\u1ecdn ph\u00f9 h\u1ee3p v\u1edbi t\u1eebng t\u00e2m tr\u1ea1ng v\u00e0 s\u1edf th\u00edch c\u00e1 nh\u00e2n. Ngo\u00e0i ra, h\u1ec7 th\u1ed1ng c\u00f2n h\u1ed7 tr\u1ee3 c\u00e1c t\u00f9y ch\u1ec9nh \u00e2m thanh, \u0111\u00e8n n\u1ec1n \u0111\u1ec3 t\u1ea1o ra tr\u1ea3i nghi\u1ec7m c\u00e1 nh\u00e2n h\u00f3a t\u1ed1i \u01b0u.<\/span><\/p>\n<h3><span class=\"ez-toc-section\" id=\"Dieu_chinh_va_toi_uu_hoa_am_thanh_hinh_anh\"><\/span><b>\u0110i\u1ec1u ch\u1ec9nh v\u00e0 t\u1ed1i \u01b0u h\u00f3a \u00e2m thanh, h\u00ecnh \u1ea3nh<\/b><span class=\"ez-toc-section-end\"><\/span><\/h3>\n<p><span style=\"font-weight: 400;\">Sau khi k\u00edch ho\u1ea1t th\u00e0nh c\u00f4ng, vi\u1ec7c t\u00f9y ch\u1ec9nh c\u1ea3nh bi\u1ec3n trong AX88 r\u1ea5t \u0111\u01a1n gi\u1ea3n. B\u1ea1n c\u00f3 th\u1ec3 t\u0103ng gi\u1ea3m \u00e2m l\u01b0\u1ee3ng c\u1ee7a ti\u1ebfng s\u00f3ng, ti\u1ebfng gi\u00f3, ho\u1eb7c ti\u1ebfng c\u00e1 b\u01a1i l\u1ed9i \u0111\u1ec3 ph\u00f9 h\u1ee3p v\u1edbi t\u00e2m tr\u1ea1ng ho\u1eb7c m\u00f4i tr\u01b0\u1eddng xung quanh. \u0110\u1ed1i v\u1edbi h\u00ecnh \u1ea3nh, b\u1ea1n c\u00f3 th\u1ec3 \u0111i\u1ec1u ch\u1ec9nh \u0111\u1ed9 s\u00e1ng, \u0111\u1ed9 t\u01b0\u01a1ng ph\u1ea3n ho\u1eb7c ch\u1ecdn c\u00e1c ch\u1ebf \u0111\u1ed9 hi\u1ec3n th\u1ecb \u0111\u1eb7c bi\u1ec7t nh\u01b0 ch\u1ebf \u0111\u1ed9 ban \u0111\u00eam ho\u1eb7c ban ng\u00e0y.<\/span><\/p>\n<h2><span class=\"ez-toc-section\" id=\"FAQ_ve_gia_lap_dai_duong_AX88\"><\/span><b>FAQ v\u1ec1 gi\u1ea3 l\u1eadp \u0111\u1ea1i d\u01b0\u01a1ng AX88<\/b><span class=\"ez-toc-section-end\"><\/span><\/h2>\n<p><span style=\"font-weight: 400;\">Trong qu\u00e1 tr\u00ecnh s\u1eed d\u1ee5ng, nhi\u1ec1u kh\u00e1ch h\u00e0ng th\u01b0\u1eddng c\u00f3 nh\u1eefng c\u00e2u h\u1ecfi v\u1ec1 c\u00e1ch th\u1ee9c ho\u1ea1t \u0111\u1ed9ng ho\u1eb7c c\u00e1c t\u00f9y ch\u1ec9nh c\u1ee7a t\u00ednh n\u0103ng gi\u1ea3 l\u1eadp \u0111\u1ea1i d\u01b0\u01a1ng. D\u01b0\u1edbi \u0111\u00e2y l\u00e0 nh\u1eefng c\u00e2u h\u1ecfi ph\u1ed5 bi\u1ebfn nh\u1ea5t v\u00e0 c\u00e1c c\u00e2u tr\u1ea3 l\u1eddi gi\u00fap b\u1ea1n d\u1ec5 d\u00e0ng tr\u1ea3i nghi\u1ec7m h\u01a1n.<\/span><\/p>\n<h3><span class=\"ez-toc-section\" id=\"Co_can_internet_khong\"><\/span><b>C\u00f3 c\u1ea7n internet kh\u00f4ng?<\/b><span class=\"ez-toc-section-end\"><\/span><\/h3>\n<p><span style=\"font-weight: 400;\">M\u1ed9t s\u1ed1 t\u00ednh n\u0103ng trong AX88 gi\u1ea3 l\u1eadp \u0111\u1ea1i d\u01b0\u01a1ng c\u00f3 th\u1ec3 y\u00eau c\u1ea7u k\u1ebft n\u1ed1i internet, \u0111\u1eb7c bi\u1ec7t l\u00e0 \u0111\u1ec3 t\u1ea3i c\u00e1c c\u1ea3nh bi\u1ec3n m\u1edbi ho\u1eb7c c\u1eadp nh\u1eadt \u00e2m thanh m\u1edbi nh\u1ea5t. Tuy nhi\u00ean, ph\u1ea7n l\u1edbn c\u00e1c t\u00ednh n\u0103ng gi\u1ea3 l\u1eadp \u0111\u00e3 \u0111\u01b0\u1ee3c t\u00edch h\u1ee3p s\u1eb5n trong app, gi\u00fap b\u1ea1n c\u00f3 th\u1ec3 s\u1eed d\u1ee5ng offline, \u0111\u1ea3m b\u1ea3o t\u00ednh ti\u1ec7n l\u1ee3i v\u00e0 kh\u00f4ng lo gi\u00e1n \u0111o\u1ea1n khi kh\u00f4ng c\u00f3 m\u1ea1ng.<\/span><\/p>\n<h3><span class=\"ez-toc-section\" id=\"Co_the_tuy_chinh_canh_bien_khong\"><\/span><b>C\u00f3 th\u1ec3 t\u00f9y ch\u1ec9nh c\u1ea3nh bi\u1ec3n kh\u00f4ng?<\/b><span class=\"ez-toc-section-end\"><\/span><\/h3>\n<p><span style=\"font-weight: 400;\">Ch\u1eafc ch\u1eafn r\u1ed3i! V\u1edbi AX88 Gi\u1ea3 l\u1eadp \u0111\u1ea1i d\u01b0\u01a1ng, b\u1ea1n ho\u00e0n to\u00e0n c\u00f3 th\u1ec3 t\u00f9y ch\u1ec9nh c\u1ea3nh bi\u1ec3n theo mong mu\u1ed1n c\u1ee7a m\u00ecnh. T\u1eeb vi\u1ec7c l\u1ef1a ch\u1ecdn gi\u1eefa nhi\u1ec1u c\u1ea3nh bi\u1ec3n kh\u00e1c nhau, \u0111i\u1ec1u ch\u1ec9nh \u00e1nh s\u00e1ng, m\u00e0u s\u1eafc \u0111\u1ebfn \u00e2m thanh, t\u1ea5t c\u1ea3 \u0111\u1ec1u c\u00f3 th\u1ec3 \u0111\u01b0\u1ee3c tinh ch\u1ec9nh m\u1ed9t c\u00e1ch d\u1ec5 d\u00e0ng.\u00a0<\/span><\/p>\n","protected":false},"excerpt":{"rendered":"<p>Tr\u1ea3i Nghi\u1ec7m Gi\u1ea3 L\u1eadp \u0110\u1ea1i D\u01b0\u01a1ng AX88: Th\u01b0 Gi\u00e3n, Ch\u01a1i Vui v\u00e0 Nh\u1eadn Voucher Ch\u00e0o m\u1eebng b\u1ea1n \u0111\u1ebfn v\u1edbi h\u00e0nh tr\u00ecnh kh\u00e1m ph\u00e1 AX88 Gi\u1ea3 l\u1eadp \u0111\u1ea1i d\u01b0\u01a1ng, m\u1ed9t tr\u1ea3i nghi\u1ec7m m\u1edbi m\u1ebb k\u1ebft h\u1ee3p gi\u1eefa c\u00f4ng ngh\u1ec7 cao v\u00e0 c\u1ea3m gi\u00e1c th\u01b0 gi\u00e3n t\u1ef1 nhi\u00ean. Trong cu\u1ed9c s\u1ed1ng hi\u1ec7n \u0111\u1ea1i, b\u1eadn r\u1ed9n v\u00e0 \u00e1p [&#8230;]\n","protected":false},"author":1,"featured_media":166,"parent":20,"menu_order":0,"comment_status":"closed","ping_status":"closed","template":"","meta":{"footnotes":""},"class_list":["post-27","page","type-page","status-publish","has-post-thumbnail","hentry"],"_links":{"self":[{"href":"https:\/\/smpn3bogor.com\/vi-vn\/wp-json\/wp\/v2\/pages\/27","targetHints":{"allow":["GET"]}}],"collection":[{"href":"https:\/\/smpn3bogor.com\/vi-vn\/wp-json\/wp\/v2\/pages"}],"about":[{"href":"https:\/\/smpn3bogor.com\/vi-vn\/wp-json\/wp\/v2\/types\/page"}],"author":[{"embeddable":true,"href":"https:\/\/smpn3bogor.com\/vi-vn\/wp-json\/wp\/v2\/users\/1"}],"replies":[{"embeddable":true,"href":"https:\/\/smpn3bogor.com\/vi-vn\/wp-json\/wp\/v2\/comments?post=27"}],"version-history":[{"count":3,"href":"https:\/\/smpn3bogor.com\/vi-vn\/wp-json\/wp\/v2\/pages\/27\/revisions"}],"predecessor-version":[{"id":169,"href":"https:\/\/smpn3bogor.com\/vi-vn\/wp-json\/wp\/v2\/pages\/27\/revisions\/169"}],"up":[{"embeddable":true,"href":"https:\/\/smpn3bogor.com\/vi-vn\/wp-json\/wp\/v2\/pages\/20"}],"wp:featuredmedia":[{"embeddable":true,"href":"https:\/\/smpn3bogor.com\/vi-vn\/wp-json\/wp\/v2\/media\/166"}],"wp:attachment":[{"href":"https:\/\/smpn3bogor.com\/vi-vn\/wp-json\/wp\/v2\/media?parent=27"}],"curies":[{"name":"wp","href":"https:\/\/api.w.org\/{rel}","templated":true}]}}