{"id":28,"date":"2025-09-08T21:52:53","date_gmt":"2025-09-08T14:52:53","guid":{"rendered":"https:\/\/smpn3bogor.com\/?page_id=28"},"modified":"2025-09-30T15:38:45","modified_gmt":"2025-09-30T08:38:45","slug":"bao-hanh-ax88","status":"publish","type":"page","link":"https:\/\/smpn3bogor.com\/vi-vn\/bao-hanh-ax88\/","title":{"rendered":"B\u1ea3o H\u00e0nh AX88 &#8211; Kh\u00f4ng Lo H\u01b0 H\u1ea1i L\u1ed7i K\u1ef9 Thu\u1eadt"},"content":{"rendered":"<div id=\"ez-toc-container\" class=\"ez-toc-v2_0_82_2 counter-hierarchy ez-toc-counter ez-toc-grey ez-toc-container-direction\">\n<div class=\"ez-toc-title-container\">\n<p class=\"ez-toc-title\" style=\"cursor:inherit\">N\u1ed9i dung<\/p>\n<span class=\"ez-toc-title-toggle\"><a href=\"#\" class=\"ez-toc-pull-right ez-toc-btn ez-toc-btn-xs ez-toc-btn-default ez-toc-toggle\" aria-label=\"Toggle Table of Content\"><span class=\"ez-toc-js-icon-con\"><span class=\"\"><span class=\"eztoc-hide\" style=\"display:none;\">Toggle<\/span><span class=\"ez-toc-icon-toggle-span\"><svg style=\"fill: #999;color:#999\" xmlns=\"http:\/\/www.w3.org\/2000\/svg\" class=\"list-377408\" width=\"20px\" height=\"20px\" viewBox=\"0 0 24 24\" fill=\"none\"><path d=\"M6 6H4v2h2V6zm14 0H8v2h12V6zM4 11h2v2H4v-2zm16 0H8v2h12v-2zM4 16h2v2H4v-2zm16 0H8v2h12v-2z\" fill=\"currentColor\"><\/path><\/svg><svg style=\"fill: #999;color:#999\" class=\"arrow-unsorted-368013\" xmlns=\"http:\/\/www.w3.org\/2000\/svg\" width=\"10px\" height=\"10px\" viewBox=\"0 0 24 24\" version=\"1.2\" baseProfile=\"tiny\"><path d=\"M18.2 9.3l-6.2-6.3-6.2 6.3c-.2.2-.3.4-.3.7s.1.5.3.7c.2.2.4.3.7.3h11c.3 0 .5-.1.7-.3.2-.2.3-.5.3-.7s-.1-.5-.3-.7zM5.8 14.7l6.2 6.3 6.2-6.3c.2-.2.3-.5.3-.7s-.1-.5-.3-.7c-.2-.2-.4-.3-.7-.3h-11c-.3 0-.5.1-.7.3-.2.2-.3.5-.3.7s.1.5.3.7z\"\/><\/svg><\/span><\/span><\/span><\/a><\/span><\/div>\n<nav><ul class='ez-toc-list ez-toc-list-level-1 ' ><li class='ez-toc-page-1 ez-toc-heading-level-1'><a class=\"ez-toc-link ez-toc-heading-1\" href=\"https:\/\/smpn3bogor.com\/vi-vn\/bao-hanh-ax88\/#Bao_Hanh_AX88_%E2%80%93_Khong_Lo_Hu_Hai_Loi_Ky_Thuat\" >B\u1ea3o H\u00e0nh AX88 &#8211; Kh\u00f4ng Lo H\u01b0 H\u1ea1i L\u1ed7i K\u1ef9 Thu\u1eadt<\/a><ul class='ez-toc-list-level-2' ><li class='ez-toc-heading-level-2'><a class=\"ez-toc-link ez-toc-heading-2\" href=\"https:\/\/smpn3bogor.com\/vi-vn\/bao-hanh-ax88\/#Dinh_nghia_va_pham_vi_bao_hanh_AX88\" >\u0110\u1ecbnh ngh\u0129a v\u00e0 ph\u1ea1m vi b\u1ea3o h\u00e0nh AX88<\/a><\/li><li class='ez-toc-page-1 ez-toc-heading-level-2'><a class=\"ez-toc-link ez-toc-heading-3\" href=\"https:\/\/smpn3bogor.com\/vi-vn\/bao-hanh-ax88\/#Cac_loai_bao_hanh_pho_bien_cua_AX88\" >C\u00e1c lo\u1ea1i b\u1ea3o h\u00e0nh ph\u1ed5 bi\u1ebfn c\u1ee7a AX88<\/a><\/li><li class='ez-toc-page-1 ez-toc-heading-level-2'><a class=\"ez-toc-link ez-toc-heading-4\" href=\"https:\/\/smpn3bogor.com\/vi-vn\/bao-hanh-ax88\/#Quy_trinh_thuc_hien_va_quy_dinh_bao_hanh\" >Quy tr\u00ecnh th\u1ef1c hi\u1ec7n v\u00e0 quy \u0111\u1ecbnh b\u1ea3o h\u00e0nh<\/a><\/li><li class='ez-toc-page-1 ez-toc-heading-level-2'><a class=\"ez-toc-link ez-toc-heading-5\" href=\"https:\/\/smpn3bogor.com\/vi-vn\/bao-hanh-ax88\/#Cac_buoc_thuc_hien_bao_hanh_chi_tiet\" >C\u00e1c b\u01b0\u1edbc th\u1ef1c hi\u1ec7n b\u1ea3o h\u00e0nh chi ti\u1ebft<\/a><\/li><li class='ez-toc-page-1 ez-toc-heading-level-2'><a class=\"ez-toc-link ez-toc-heading-6\" href=\"https:\/\/smpn3bogor.com\/vi-vn\/bao-hanh-ax88\/#Loi_ich_va_luu_y_khi_su_dung_bao_hanh_AX88\" >L\u1ee3i \u00edch v\u00e0 l\u01b0u \u00fd khi s\u1eed d\u1ee5ng b\u1ea3o h\u00e0nh AX88<\/a><\/li><li class='ez-toc-page-1 ez-toc-heading-level-2'><a class=\"ez-toc-link ez-toc-heading-7\" href=\"https:\/\/smpn3bogor.com\/vi-vn\/bao-hanh-ax88\/#Mot_so_luu_y_quan_trong_khi_thuc_hien_bao_hanh_san_pham\" >M\u1ed9t s\u1ed1 l\u01b0u \u00fd quan tr\u1ecdng khi th\u1ef1c hi\u1ec7n b\u1ea3o h\u00e0nh s\u1ea3n ph\u1ea9m<\/a><\/li><li class='ez-toc-page-1 ez-toc-heading-level-2'><a class=\"ez-toc-link ez-toc-heading-8\" href=\"https:\/\/smpn3bogor.com\/vi-vn\/bao-hanh-ax88\/#Tom_lai\" >T\u00f3m l\u1ea1i<\/a><\/li><\/ul><\/li><\/ul><\/nav><\/div>\n<h1 style=\"text-align: center;\"><span class=\"ez-toc-section\" id=\"Bao_Hanh_AX88_%E2%80%93_Khong_Lo_Hu_Hai_Loi_Ky_Thuat\"><\/span><b>B\u1ea3o H\u00e0nh AX88 &#8211; Kh\u00f4ng Lo H\u01b0 H\u1ea1i L\u1ed7i K\u1ef9 Thu\u1eadt<\/b><span class=\"ez-toc-section-end\"><\/span><\/h1>\n<p><span style=\"font-weight: 400;\"><a href=\"https:\/\/smpn3bogor.com\/bao-hanh-ax88\/\"><strong>B\u1ea3o H\u00e0nh AX88<\/strong><\/a> l\u00e0 m\u1ed9t ph\u1ea7n quan tr\u1ecdng trong d\u1ecbch v\u1ee5 h\u1eadu m\u00e3i c\u1ee7a s\u1ea3n ph\u1ea9m camera gi\u00e1m s\u00e1t AX88, \u0111\u1ea3m b\u1ea3o quy\u1ec1n l\u1ee3i cho ng\u01b0\u1eddi d\u00f9ng b\u1eb1ng c\u00e1ch cung c\u1ea5p s\u1ef1 h\u1ed7 tr\u1ee3 k\u1ef9 thu\u1eadt v\u00e0 s\u1eeda ch\u1eefa mi\u1ec5n ph\u00ed trong m\u1ed9t kho\u1ea3ng th\u1eddi gian nh\u1ea5t \u0111\u1ecbnh. V\u1edbi s\u1ef1 ph\u00e1t tri\u1ec3n m\u1ea1nh m\u1ebd c\u1ee7a c\u00f4ng ngh\u1ec7 gi\u00e1m s\u00e1t t\u1ea1i Vi\u1ec7t Nam, vi\u1ec7c hi\u1ec3u r\u00f5 v\u1ec1 ch\u1ebf \u0111\u1ed9 b\u1ea3o h\u00e0nh kh\u00f4ng ch\u1ec9 gi\u00fap ng\u01b0\u1eddi d\u00f9ng y\u00ean t\u00e2m h\u01a1n khi s\u1eed d\u1ee5ng s\u1ea3n ph\u1ea9m m\u00e0 c\u00f2n tr\u00e1nh \u0111\u01b0\u1ee3c nh\u1eefng r\u1eafc r\u1ed1i kh\u00f4ng \u0111\u00e1ng c\u00f3.<\/span><\/p>\n<p><span style=\"font-weight: 400;\">B\u00e0i vi\u1ebft n\u00e0y s\u1ebd l\u00e0m r\u00f5 \u0111\u1ecbnh ngh\u0129a, quy tr\u00ecnh, l\u1ee3i \u00edch v\u00e0 l\u01b0u \u00fd li\u00ean quan \u0111\u1ebfn b\u1ea3o h\u00e0nh AX88, d\u1ef1a tr\u00ean th\u00f4ng tin ch\u00ednh th\u1ee9c t\u1eeb nh\u00e0 ph\u00e2n ph\u1ed1i, nh\u1eb1m mang \u0111\u1ebfn c\u00e1i nh\u00ecn to\u00e0n di\u1ec7n v\u00e0 h\u1eefu \u00edch cho b\u1ea1n.<\/span><\/p>\n<h2><span class=\"ez-toc-section\" id=\"Dinh_nghia_va_pham_vi_bao_hanh_AX88\"><\/span><b>\u0110\u1ecbnh ngh\u0129a v\u00e0 ph\u1ea1m vi b\u1ea3o h\u00e0nh AX88<\/b><span class=\"ez-toc-section-end\"><\/span><\/h2>\n<p><span style=\"font-weight: 400;\">B\u1ea3o h\u00e0nh l\u00e0 cam k\u1ebft t\u1eeb nh\u00e0 s\u1ea3n xu\u1ea5t ho\u1eb7c nh\u00e0 ph\u00e2n ph\u1ed1i v\u1ec1 ch\u1ea5t l\u01b0\u1ee3ng s\u1ea3n ph\u1ea9m, gi\u00fap ng\u01b0\u1eddi d\u00f9ng \u0111\u01b0\u1ee3c h\u1ed7 tr\u1ee3 khi g\u1eb7p l\u1ed7i k\u1ef9 thu\u1eadt. \u0110\u1ed1i v\u1edbi b\u1ea3o h\u00e0nh AX88, \u0111\u00e2y l\u00e0 d\u1ecbch v\u1ee5 \u0111\u01b0\u1ee3c thi\u1ebft k\u1ebf \u0111\u1ec3 b\u1ea3o v\u1ec7 c\u00e1c s\u1ea3n ph\u1ea9m camera gi\u00e1m s\u00e1t cao c\u1ea5p, nh\u01b0 d\u00f2ng <a href=\"https:\/\/smpn3bogor.com\/\"><strong>AX88<\/strong><\/a> v\u1edbi c\u00f4ng ngh\u1ec7 ti\u00ean ti\u1ebfn.\u00a0<\/span><\/p>\n<p><span style=\"font-weight: 400;\">Th\u1eddi gian b\u1ea3o h\u00e0nh th\u01b0\u1eddng dao \u0111\u1ed9ng t\u1eeb 12 \u0111\u1ebfn 24 th\u00e1ng, t\u00f9y thu\u1ed9c v\u00e0o lo\u1ea1i s\u1ea3n ph\u1ea9m c\u1ee5 th\u1ec3 c\u0169ng nh\u01b0 c\u00e1c \u0111i\u1ec1u ki\u1ec7n mua h\u00e0ng m\u00e0 kh\u00e1ch h\u00e0ng l\u1ef1a ch\u1ecdn. Ph\u1ea1m vi b\u1ea3o h\u00e0nh bao g\u1ed3m vi\u1ec7c s\u1eeda ch\u1eefa, thay th\u1ebf linh ki\u1ec7n ho\u1eb7c ho\u00e0n ti\u1ec1n trong tr\u01b0\u1eddng h\u1ee3p s\u1ea3n ph\u1ea9m b\u1ecb h\u1ecfng do l\u1ed7i s\u1ea3n xu\u1ea5t, kh\u00f4ng ph\u1ea3i do s\u1eed d\u1ee5ng sai c\u00e1ch.<\/span><\/p>\n<h2><span class=\"ez-toc-section\" id=\"Cac_loai_bao_hanh_pho_bien_cua_AX88\"><\/span><b>C\u00e1c lo\u1ea1i b\u1ea3o h\u00e0nh ph\u1ed5 bi\u1ebfn c\u1ee7a AX88<\/b><span class=\"ez-toc-section-end\"><\/span><\/h2>\n<p><span style=\"font-weight: 400;\">Trong l\u0129nh v\u1ef1c camera gi\u00e1m s\u00e1t, b\u1ea3o h\u00e0nh AX88 th\u01b0\u1eddng \u0111\u01b0\u1ee3c ph\u00e2n lo\u1ea1i \u0111\u1ec3 ph\u00f9 h\u1ee3p v\u1edbi nhu c\u1ea7u \u0111a d\u1ea1ng c\u1ee7a ng\u01b0\u1eddi d\u00f9ng. \u0110\u1ea7u ti\u00ean, b\u1ea3o h\u00e0nh ti\u00eau chu\u1ea9n th\u01b0\u1eddng k\u00e9o d\u00e0i 12 th\u00e1ng, t\u1eadp trung v\u00e0o c\u00e1c l\u1ed7i c\u01a1 b\u1ea3n nh\u01b0 h\u1ecfng ph\u1ea7n c\u1ee9ng ho\u1eb7c ph\u1ea7n m\u1ec1m. Lo\u1ea1i n\u00e0y \u0111\u01b0\u1ee3c \u00e1p d\u1ee5ng cho h\u1ea7u h\u1ebft c\u00e1c s\u1ea3n ph\u1ea9m khi mua m\u1edbi, gi\u00fap ng\u01b0\u1eddi d\u00f9ng ti\u1ebft ki\u1ec7m chi ph\u00ed s\u1eeda ch\u1eefa ban \u0111\u1ea7u.<\/span><\/p>\n<p><span style=\"font-weight: 400;\"> Th\u1ee9 hai, b\u1ea3o h\u00e0nh m\u1edf r\u1ed9ng c\u00f3 th\u1ec3 \u0111\u01b0\u1ee3c mua th\u00eam, k\u00e9o d\u00e0i l\u00ean \u0111\u1ebfn 24 th\u00e1ng ho\u1eb7c h\u01a1n, bao g\u1ed3m d\u1ecbch v\u1ee5 h\u1ed7 tr\u1ee3 k\u1ef9 thu\u1eadt n\u00e2ng cao v\u00e0 c\u00e1c b\u1ea3n c\u1eadp nh\u1eadt ph\u1ea7n m\u1ec1m. \u0110i\u1ec1u n\u00e0y \u0111\u1eb7c bi\u1ec7t h\u1eefu \u00edch cho c\u00e1c h\u1ec7 th\u1ed1ng gi\u00e1m s\u00e1t l\u1edbn, n\u01a1i \u0111\u1ed9 tin c\u1eady l\u00e0 y\u1ebfu t\u1ed1 then ch\u1ed1t. T\u1ed5ng th\u1ec3, b\u1ea3o h\u00e0nh AX88 kh\u00f4ng ch\u1ec9 b\u1ea3o v\u1ec7 s\u1ea3n ph\u1ea9m m\u00e0 c\u00f2n th\u1ec3 hi\u1ec7n cam k\u1ebft c\u1ee7a nh\u00e0 s\u1ea3n xu\u1ea5t trong vi\u1ec7c duy tr\u00ec ch\u1ea5t l\u01b0\u1ee3ng l\u00e2u d\u00e0i.<\/span><\/p>\n<figure id=\"attachment_172\" aria-describedby=\"caption-attachment-172\" style=\"width: 800px\" class=\"wp-caption aligncenter\"><img loading=\"lazy\" decoding=\"async\" class=\"size-full wp-image-172\" src=\"https:\/\/smpn3bogor.com\/wp-content\/uploads\/2025\/09\/bao-hanh-ax88-2.jpg\" alt=\"C\u00e1c d\u1ea1ng b\u1ea3o h\u00e0nh c\u1ee7a ch\u00fang t\u00f4i\" width=\"800\" height=\"400\" title=\"\" srcset=\"https:\/\/smpn3bogor.com\/wp-content\/uploads\/2025\/09\/bao-hanh-ax88-2.jpg 800w, https:\/\/smpn3bogor.com\/wp-content\/uploads\/2025\/09\/bao-hanh-ax88-2-300x150.jpg 300w, https:\/\/smpn3bogor.com\/wp-content\/uploads\/2025\/09\/bao-hanh-ax88-2-768x384.jpg 768w\" sizes=\"auto, (max-width: 800px) 100vw, 800px\" \/><figcaption id=\"caption-attachment-172\" class=\"wp-caption-text\">C\u00e1c d\u1ea1ng b\u1ea3o h\u00e0nh c\u1ee7a ch\u00fang t\u00f4i<\/figcaption><\/figure>\n<h2><span class=\"ez-toc-section\" id=\"Quy_trinh_thuc_hien_va_quy_dinh_bao_hanh\"><\/span><b>Quy tr\u00ecnh th\u1ef1c hi\u1ec7n v\u00e0 quy \u0111\u1ecbnh b\u1ea3o h\u00e0nh<\/b><span class=\"ez-toc-section-end\"><\/span><\/h2>\n<p><span style=\"font-weight: 400;\">\u0110\u1ec3 b\u1ea3o v\u1ec7 quy\u1ec1n l\u1ee3i c\u1ee7a m\u00ecnh, ng\u01b0\u1eddi d\u00f9ng c\u1ea7n n\u1eafm r\u00f5 quy tr\u00ecnh b\u1ea3o h\u00e0nh AX88. Quy tr\u00ecnh n\u00e0y \u0111\u00e3 \u0111\u01b0\u1ee3c thi\u1ebft k\u1ebf m\u1ed9t c\u00e1ch r\u1ea5t \u0111\u01a1n gi\u1ea3n, v\u1edbi m\u1ee5c ti\u00eau l\u00e0 gi\u1ea3m thi\u1ec3u th\u1eddi gian ch\u1edd \u0111\u1ee3i c\u1ee7a ng\u01b0\u1eddi d\u00f9ng v\u00e0 \u0111\u1ea3m b\u1ea3o s\u1ef1 minh b\u1ea1ch trong m\u1ecdi kh\u00eda c\u1ea1nh.\u00a0<\/span><\/p>\n<p><span style=\"font-weight: 400;\">B\u1ea1n c\u00f3 th\u1ec3 b\u1eaft \u0111\u1ea7u b\u1eb1ng c\u00e1ch ki\u1ec3m tra th\u00f4ng tin b\u1ea3o h\u00e0nh tr\u00ean phi\u1ebfu mua h\u00e0ng ho\u1eb7c \u1ee9ng d\u1ee5ng di \u0111\u1ed9ng c\u1ee7a s\u1ea3n ph\u1ea9m. Sau \u0111\u00f3, li\u00ean h\u1ec7 tr\u1ef1c ti\u1ebfp v\u1edbi \u0111\u1ea1i l\u00fd ph\u00e2n ph\u1ed1i ch\u00ednh h\u00e3ng \u0111\u1ec3 \u0111\u01b0\u1ee3c h\u1ed7 tr\u1ee3. Vi\u1ec7c tu\u00e2n th\u1ee7 c\u00e1c b\u01b0\u1edbc n\u00e0y kh\u00f4ng ch\u1ec9 gi\u00fap gi\u1ea3i quy\u1ebft v\u1ea5n \u0111\u1ec1 nhanh ch\u00f3ng m\u00e0 c\u00f2n tr\u00e1nh c\u00e1c tranh ch\u1ea5p kh\u00f4ng \u0111\u00e1ng c\u00f3.<\/span><\/p>\n<h2><span class=\"ez-toc-section\" id=\"Cac_buoc_thuc_hien_bao_hanh_chi_tiet\"><\/span><b>C\u00e1c b\u01b0\u1edbc th\u1ef1c hi\u1ec7n b\u1ea3o h\u00e0nh chi ti\u1ebft<\/b><span class=\"ez-toc-section-end\"><\/span><\/h2>\n<p><span style=\"font-weight: 400;\">Th\u1ef1c hi\u1ec7n b\u1ea3o h\u00e0nh AX88 bao g\u1ed3m m\u1ed9t lo\u1ea1t c\u00e1c b\u01b0\u1edbc c\u1ee5 th\u1ec3, gi\u00fap ng\u01b0\u1eddi d\u00f9ng d\u1ec5 d\u00e0ng theo d\u00f5i. \u0110\u1ea7u ti\u00ean, h\u00e3y ki\u1ec3m tra v\u00e0 ghi nh\u1eadn l\u1ed7i c\u1ee7a s\u1ea3n ph\u1ea9m, ch\u1eb3ng h\u1ea1n nh\u01b0 camera kh\u00f4ng ho\u1ea1t \u0111\u1ed9ng ho\u1eb7c h\u00ecnh \u1ea3nh m\u1edd, b\u1eb1ng c\u00e1ch ch\u1ee5p \u1ea3nh ho\u1eb7c video \u0111\u1ec3 l\u00e0m b\u1eb1ng ch\u1ee9ng. Ti\u1ebfp theo, li\u00ean h\u1ec7 v\u1edbi trung t\u00e2m h\u1ed7 tr\u1ee3 kh\u00e1ch h\u00e0ng qua c\u00e1c k\u00eanh ch\u00ednh th\u1ee9c, ch\u1eb3ng h\u1ea1n nh\u01b0 website ho\u1eb7c s\u1ed1 \u0111i\u1ec7n tho\u1ea1i \u0111\u01b0\u1ee3c cung c\u1ea5p.<\/span><\/p>\n<p><span style=\"font-weight: 400;\">\u00a0V\u00ed d\u1ee5, b\u1ea1n c\u00f3 th\u1ec3 truy c\u1eadp AX88 \u0111\u1ec3 t\u00ecm th\u00f4ng tin chi ti\u1ebft v\u00e0 \u0111\u1eb7t l\u1ecbch h\u1eb9n. B\u01b0\u1edbc th\u1ee9 ba l\u00e0 chu\u1ea9n b\u1ecb t\u00e0i li\u1ec7u c\u1ea7n thi\u1ebft, bao g\u1ed3m h\u00f3a \u0111\u01a1n mua h\u00e0ng, s\u1ed1 serial c\u1ee7a s\u1ea3n ph\u1ea9m v\u00e0 m\u00f4 t\u1ea3 l\u1ed7i. Cu\u1ed1i c\u00f9ng, g\u1eedi s\u1ea3n ph\u1ea9m \u0111\u1ebfn \u0111\u1ecba ch\u1ec9 d\u1ecbch v\u1ee5 ho\u1eb7c ch\u1edd k\u1ef9 thu\u1eadt vi\u00ean \u0111\u1ebfn h\u1ed7 tr\u1ee3 t\u1ea1i ch\u1ed7 n\u1ebfu \u00e1p d\u1ee5ng. Trong qu\u00e1 tr\u00ecnh n\u00e0y, h\u00e3y gi\u1eef li\u00ean l\u1ea1c th\u01b0\u1eddng xuy\u00ean \u0111\u1ec3 c\u1eadp nh\u1eadt t\u00ecnh tr\u1ea1ng, v\u00e0 l\u01b0u \u00fd r\u1eb1ng th\u1eddi gian x\u1eed l\u00fd th\u01b0\u1eddng k\u00e9o d\u00e0i t\u1eeb 7 \u0111\u1ebfn 14 ng\u00e0y, t\u00f9y thu\u1ed9c v\u00e0o m\u1ee9c \u0111\u1ed9 ph\u1ee9c t\u1ea1p.<\/span><\/p>\n<figure id=\"attachment_173\" aria-describedby=\"caption-attachment-173\" style=\"width: 800px\" class=\"wp-caption aligncenter\"><img loading=\"lazy\" decoding=\"async\" class=\"size-full wp-image-173\" src=\"https:\/\/smpn3bogor.com\/wp-content\/uploads\/2025\/09\/bao-hanh-ax88-3.jpg\" alt=\"H\u01b0\u1edbng d\u1eabn \u0111\u1ecdc k\u1ef9 c\u00e1ch \u0111\u0103ng k\u00fd b\u1ea3o h\u00e0ng\" width=\"800\" height=\"400\" title=\"\" srcset=\"https:\/\/smpn3bogor.com\/wp-content\/uploads\/2025\/09\/bao-hanh-ax88-3.jpg 800w, https:\/\/smpn3bogor.com\/wp-content\/uploads\/2025\/09\/bao-hanh-ax88-3-300x150.jpg 300w, https:\/\/smpn3bogor.com\/wp-content\/uploads\/2025\/09\/bao-hanh-ax88-3-768x384.jpg 768w\" sizes=\"auto, (max-width: 800px) 100vw, 800px\" \/><figcaption id=\"caption-attachment-173\" class=\"wp-caption-text\">H\u01b0\u1edbng d\u1eabn \u0111\u1ecdc k\u1ef9 c\u00e1ch \u0111\u0103ng k\u00fd b\u1ea3o h\u00e0ng<\/figcaption><\/figure>\n<p><span style=\"font-weight: 400;\">N\u1ebfu g\u1eb7p v\u1ea5n \u0111\u1ec1 ph\u1ed5 bi\u1ebfn nh\u01b0 s\u1ea3n ph\u1ea9m kh\u00f4ng k\u1ebft n\u1ed1i \u0111\u01b0\u1ee3c v\u1edbi m\u1ea1ng, b\u1ea1n n\u00ean th\u1eed reset thi\u1ebft b\u1ecb tr\u01b0\u1edbc khi y\u00eau c\u1ea7u b\u1ea3o h\u00e0nh. Ngo\u00e0i ra, \u0111\u1ea3m b\u1ea3o r\u1eb1ng s\u1ea3n ph\u1ea9m v\u1eabn trong th\u1eddi h\u1ea1n b\u1ea3o h\u00e0nh \u0111\u1ec3 tr\u00e1nh t\u1eeb ch\u1ed1i d\u1ecbch v\u1ee5. Quy tr\u00ecnh n\u00e0y kh\u00f4ng ch\u1ec9 \u00e1p d\u1ee5ng cho camera m\u00e0 c\u00f2n cho c\u00e1c ph\u1ee5 ki\u1ec7n li\u00ean quan, gi\u00fap ng\u01b0\u1eddi d\u00f9ng ti\u1ebft ki\u1ec7m th\u1eddi gian v\u00e0 c\u00f4ng s\u1ee9c.<\/span><\/p>\n<h2><span class=\"ez-toc-section\" id=\"Loi_ich_va_luu_y_khi_su_dung_bao_hanh_AX88\"><\/span><b>L\u1ee3i \u00edch v\u00e0 l\u01b0u \u00fd khi s\u1eed d\u1ee5ng b\u1ea3o h\u00e0nh AX88<\/b><span class=\"ez-toc-section-end\"><\/span><\/h2>\n<p><span style=\"font-weight: 400;\">B\u1ea3o h\u00e0nh AX88 mang l\u1ea1i nhi\u1ec1u l\u1ee3i \u00edch thi\u1ebft th\u1ef1c, gi\u00fap ng\u01b0\u1eddi d\u00f9ng c\u1ea3m th\u1ea5y an t\u00e2m khi \u0111\u1ea7u t\u01b0 v\u00e0o h\u1ec7 th\u1ed1ng gi\u00e1m s\u00e1t. M\u1ed9t trong nh\u1eefng \u01b0u \u0111i\u1ec3m l\u1edbn nh\u1ea5t l\u00e0 gi\u1ea3m thi\u1ec3u chi ph\u00ed s\u1eeda ch\u1eefa, v\u00ec h\u1ea7u h\u1ebft c\u00e1c l\u1ed7i k\u1ef9 thu\u1eadt \u0111\u1ec1u \u0111\u01b0\u1ee3c x\u1eed l\u00fd mi\u1ec5n ph\u00ed trong th\u1eddi gian b\u1ea3o h\u00e0nh.\u00a0<\/span><\/p>\n<p><span style=\"font-weight: 400;\">Ngo\u00e0i ra, d\u1ecbch v\u1ee5 n\u00e0y c\u00f2n bao g\u1ed3m c\u00e1c c\u1eadp nh\u1eadt ph\u1ea7n m\u1ec1m, gi\u00fap s\u1ea3n ph\u1ea9m lu\u00f4n ho\u1ea1t \u0111\u1ed9ng t\u1ed1i \u01b0u v\u1edbi c\u00f4ng ngh\u1ec7 m\u1edbi nh\u1ea5t, nh\u01b0 t\u00edch h\u1ee3p AI cho ph\u00e1t hi\u1ec7n chuy\u1ec3n \u0111\u1ed9ng. \u0110i\u1ec1u n\u00e0y \u0111\u1eb7c bi\u1ec7t quan tr\u1ecdng trong b\u1ed1i c\u1ea3nh an ninh gia t\u0103ng, n\u01a1i camera AX88 v\u1edbi \u1ed1ng k\u00ednh fisheye 360 \u0111\u1ed9 \u0111ang \u0111\u01b0\u1ee3c \u01b0a chu\u1ed9ng.<\/span><\/p>\n<figure id=\"attachment_174\" aria-describedby=\"caption-attachment-174\" style=\"width: 800px\" class=\"wp-caption aligncenter\"><img loading=\"lazy\" decoding=\"async\" class=\"size-full wp-image-174\" src=\"https:\/\/smpn3bogor.com\/wp-content\/uploads\/2025\/09\/bao-hanh-ax88-4.jpg\" alt=\"L\u1ee3i \u00edch v\u00e0 l\u01b0u \u00fd quan tr\u1ecdng\" width=\"800\" height=\"400\" title=\"\" srcset=\"https:\/\/smpn3bogor.com\/wp-content\/uploads\/2025\/09\/bao-hanh-ax88-4.jpg 800w, https:\/\/smpn3bogor.com\/wp-content\/uploads\/2025\/09\/bao-hanh-ax88-4-300x150.jpg 300w, https:\/\/smpn3bogor.com\/wp-content\/uploads\/2025\/09\/bao-hanh-ax88-4-768x384.jpg 768w\" sizes=\"auto, (max-width: 800px) 100vw, 800px\" \/><figcaption id=\"caption-attachment-174\" class=\"wp-caption-text\">L\u1ee3i \u00edch v\u00e0 l\u01b0u \u00fd quan tr\u1ecdng<\/figcaption><\/figure>\n<h2><span class=\"ez-toc-section\" id=\"Mot_so_luu_y_quan_trong_khi_thuc_hien_bao_hanh_san_pham\"><\/span><b>M\u1ed9t s\u1ed1 l\u01b0u \u00fd quan tr\u1ecdng khi th\u1ef1c hi\u1ec7n b\u1ea3o h\u00e0nh s\u1ea3n ph\u1ea9m<\/b><span class=\"ez-toc-section-end\"><\/span><\/h2>\n<p><span style=\"font-weight: 400;\">Khi s\u1eed d\u1ee5ng b\u1ea3o h\u00e0nh AX88, ng\u01b0\u1eddi d\u00f9ng c\u1ea7n ch\u00fa \u00fd \u0111\u1ebfn m\u1ed9t s\u1ed1 y\u1ebfu t\u1ed1 \u0111\u1ec3 tr\u00e1nh m\u1ea5t quy\u1ec1n l\u1ee3i. Tr\u01b0\u1edbc h\u1ebft, lu\u00f4n ki\u1ec3m tra k\u1ef9 \u0111i\u1ec1u kho\u1ea3n b\u1ea3o h\u00e0nh tr\u01b0\u1edbc khi mua s\u1ea3n ph\u1ea9m, bao g\u1ed3m th\u1eddi h\u1ea1n v\u00e0 c\u00e1c tr\u01b0\u1eddng h\u1ee3p lo\u1ea1i tr\u1eeb.\u00a0<\/span><\/p>\n<p><span style=\"font-weight: 400;\">V\u00ed d\u1ee5, n\u1ebfu s\u1ea3n ph\u1ea9m b\u1ecb h\u1ecfng do t\u00e1c \u0111\u1ed9ng b\u00ean ngo\u00e0i nh\u01b0 ng\u1ea5m n\u01b0\u1edbc ho\u1eb7c r\u01a1i v\u1ee1, s\u1ebd kh\u00f4ng \u0111\u01b0\u1ee3c b\u1ea3o h\u00e0nh. Th\u00eam v\u00e0o \u0111\u00f3, ng\u01b0\u1eddi d\u00f9ng c\u0169ng n\u00ean gi\u1eef g\u00ecn h\u00f3a \u0111\u01a1n v\u00e0 gi\u1ea5y t\u1edd li\u00ean quan \u0111\u1ec3 d\u1ec5 d\u00e0ng ti\u1ebfn h\u00e0nh th\u1ee7 t\u1ee5c b\u1ea3o h\u00e0nh. Vi\u1ec7c tu\u00e2n th\u1ee7 c\u00e1c quy t\u1eafc n\u00e0y kh\u00f4ng ch\u1ec9 gi\u00fap ng\u01b0\u1eddi d\u00f9ng b\u1ea3o v\u1ec7 quy\u1ec1n l\u1ee3i m\u00e0 c\u00f2n n\u00e2ng cao tr\u1ea3i nghi\u1ec7m s\u1eed d\u1ee5ng s\u1ea3n ph\u1ea9m.<\/span><\/p>\n<h2><span class=\"ez-toc-section\" id=\"Tom_lai\"><\/span><b>T\u00f3m l\u1ea1i<\/b><span class=\"ez-toc-section-end\"><\/span><\/h2>\n<p><span style=\"font-weight: 400;\">B\u1ea3o h\u00e0nh AX88 l\u00e0 m\u1ed9t y\u1ebfu t\u1ed1 quan tr\u1ecdng gi\u00fap ng\u01b0\u1eddi d\u00f9ng y\u00ean t\u00e2m trong vi\u1ec7c s\u1eed d\u1ee5ng c\u00e1c s\u1ea3n ph\u1ea9m c\u00f4ng ngh\u1ec7, nh\u1ea5t l\u00e0 trong l\u0129nh v\u1ef1c camera gi\u00e1m s\u00e1t. V\u1edbi nh\u1eefng l\u1ee3i \u00edch nh\u01b0 gi\u1ea3m thi\u1ec3u chi ph\u00ed s\u1eeda ch\u1eefa v\u00e0 \u0111\u1ea3m b\u1ea3o ch\u1ea5t l\u01b0\u1ee3ng s\u1ea3n ph\u1ea9m, ch\u01b0\u01a1ng tr\u00ecnh b\u1ea3o h\u00e0nh n\u00e0y th\u1ec3 hi\u1ec7n s\u1ef1 cam k\u1ebft c\u1ee7a nh\u00e0 s\u1ea3n xu\u1ea5t \u0111\u1ed1i v\u1edbi kh\u00e1ch h\u00e0ng.\u00a0<\/span><\/p>\n<p><span style=\"font-weight: 400;\">B\u1eb1ng c\u00e1ch hi\u1ec3u r\u00f5 quy tr\u00ecnh v\u00e0 c\u00e1c \u0111i\u1ec1u ki\u1ec7n li\u00ean quan, ng\u01b0\u1eddi d\u00f9ng c\u00f3 th\u1ec3 t\u1eadn d\u1ee5ng t\u1ed1i \u0111a quy\u1ec1n l\u1ee3i c\u1ee7a m\u00ecnh t\u1eeb b\u1ea3o h\u00e0nh AX88, t\u1eeb \u0111\u00f3 b\u1ea3o v\u1ec7 \u0111\u1ea7u t\u01b0 v\u00e0 duy tr\u00ec ho\u1ea1t \u0111\u1ed9ng \u1ed5n \u0111\u1ecbnh cho h\u1ec7 th\u1ed1ng gi\u00e1m s\u00e1t c\u1ee7a m\u00ecnh.<\/span><\/p>\n","protected":false},"excerpt":{"rendered":"<p>B\u1ea3o H\u00e0nh AX88 &#8211; Kh\u00f4ng Lo H\u01b0 H\u1ea1i L\u1ed7i K\u1ef9 Thu\u1eadt B\u1ea3o H\u00e0nh AX88 l\u00e0 m\u1ed9t ph\u1ea7n quan tr\u1ecdng trong d\u1ecbch v\u1ee5 h\u1eadu m\u00e3i c\u1ee7a s\u1ea3n ph\u1ea9m camera gi\u00e1m s\u00e1t AX88, \u0111\u1ea3m b\u1ea3o quy\u1ec1n l\u1ee3i cho ng\u01b0\u1eddi d\u00f9ng b\u1eb1ng c\u00e1ch cung c\u1ea5p s\u1ef1 h\u1ed7 tr\u1ee3 k\u1ef9 thu\u1eadt v\u00e0 s\u1eeda ch\u1eefa mi\u1ec5n ph\u00ed trong m\u1ed9t kho\u1ea3ng [&#8230;]\n","protected":false},"author":1,"featured_media":175,"parent":0,"menu_order":0,"comment_status":"closed","ping_status":"closed","template":"","meta":{"footnotes":""},"class_list":["post-28","page","type-page","status-publish","has-post-thumbnail","hentry"],"_links":{"self":[{"href":"https:\/\/smpn3bogor.com\/vi-vn\/wp-json\/wp\/v2\/pages\/28","targetHints":{"allow":["GET"]}}],"collection":[{"href":"https:\/\/smpn3bogor.com\/vi-vn\/wp-json\/wp\/v2\/pages"}],"about":[{"href":"https:\/\/smpn3bogor.com\/vi-vn\/wp-json\/wp\/v2\/types\/page"}],"author":[{"embeddable":true,"href":"https:\/\/smpn3bogor.com\/vi-vn\/wp-json\/wp\/v2\/users\/1"}],"replies":[{"embeddable":true,"href":"https:\/\/smpn3bogor.com\/vi-vn\/wp-json\/wp\/v2\/comments?post=28"}],"version-history":[{"count":3,"href":"https:\/\/smpn3bogor.com\/vi-vn\/wp-json\/wp\/v2\/pages\/28\/revisions"}],"predecessor-version":[{"id":176,"href":"https:\/\/smpn3bogor.com\/vi-vn\/wp-json\/wp\/v2\/pages\/28\/revisions\/176"}],"wp:featuredmedia":[{"embeddable":true,"href":"https:\/\/smpn3bogor.com\/vi-vn\/wp-json\/wp\/v2\/media\/175"}],"wp:attachment":[{"href":"https:\/\/smpn3bogor.com\/vi-vn\/wp-json\/wp\/v2\/media?parent=28"}],"curies":[{"name":"wp","href":"https:\/\/api.w.org\/{rel}","templated":true}]}}