{"id":310,"date":"2025-10-07T00:14:18","date_gmt":"2025-10-06T17:14:18","guid":{"rendered":"https:\/\/smpn3bogor.com\/?page_id=310"},"modified":"2025-10-07T00:14:18","modified_gmt":"2025-10-06T17:14:18","slug":"dieu-khoan-va-dieu-kien","status":"publish","type":"page","link":"https:\/\/smpn3bogor.com\/vi-vn\/dieu-khoan-va-dieu-kien\/","title":{"rendered":"\u0110i\u1ec1u Kho\u1ea3n V\u00e0 \u0110i\u1ec1u Ki\u1ec7n T\u1ea1i AX88.tv &#8211; C\u1eadp Nh\u1eadt M\u1edbi 2025"},"content":{"rendered":"<div id=\"ez-toc-container\" class=\"ez-toc-v2_0_82_2 counter-hierarchy ez-toc-counter ez-toc-grey ez-toc-container-direction\">\n<div class=\"ez-toc-title-container\">\n<p class=\"ez-toc-title\" style=\"cursor:inherit\">N\u1ed9i dung<\/p>\n<span class=\"ez-toc-title-toggle\"><a href=\"#\" class=\"ez-toc-pull-right ez-toc-btn ez-toc-btn-xs ez-toc-btn-default ez-toc-toggle\" aria-label=\"Toggle Table of Content\"><span class=\"ez-toc-js-icon-con\"><span class=\"\"><span class=\"eztoc-hide\" style=\"display:none;\">Toggle<\/span><span class=\"ez-toc-icon-toggle-span\"><svg style=\"fill: #999;color:#999\" xmlns=\"http:\/\/www.w3.org\/2000\/svg\" class=\"list-377408\" width=\"20px\" height=\"20px\" viewBox=\"0 0 24 24\" fill=\"none\"><path d=\"M6 6H4v2h2V6zm14 0H8v2h12V6zM4 11h2v2H4v-2zm16 0H8v2h12v-2zM4 16h2v2H4v-2zm16 0H8v2h12v-2z\" fill=\"currentColor\"><\/path><\/svg><svg style=\"fill: #999;color:#999\" class=\"arrow-unsorted-368013\" xmlns=\"http:\/\/www.w3.org\/2000\/svg\" width=\"10px\" height=\"10px\" viewBox=\"0 0 24 24\" version=\"1.2\" baseProfile=\"tiny\"><path d=\"M18.2 9.3l-6.2-6.3-6.2 6.3c-.2.2-.3.4-.3.7s.1.5.3.7c.2.2.4.3.7.3h11c.3 0 .5-.1.7-.3.2-.2.3-.5.3-.7s-.1-.5-.3-.7zM5.8 14.7l6.2 6.3 6.2-6.3c.2-.2.3-.5.3-.7s-.1-.5-.3-.7c-.2-.2-.4-.3-.7-.3h-11c-.3 0-.5.1-.7.3-.2.2-.3.5-.3.7s.1.5.3.7z\"\/><\/svg><\/span><\/span><\/span><\/a><\/span><\/div>\n<nav><ul class='ez-toc-list ez-toc-list-level-1 ' ><li class='ez-toc-page-1 ez-toc-heading-level-1'><a class=\"ez-toc-link ez-toc-heading-1\" href=\"https:\/\/smpn3bogor.com\/vi-vn\/dieu-khoan-va-dieu-kien\/#Cac_Dieu_Khoan_Va_Dieu_Kien_Cua_AX88tv\" >C\u00e1c \u0110i\u1ec1u Kho\u1ea3n V\u00e0 \u0110i\u1ec1u Ki\u1ec7n C\u1ee7a AX88.tv<\/a><ul class='ez-toc-list-level-2' ><li class='ez-toc-heading-level-2'><a class=\"ez-toc-link ez-toc-heading-2\" href=\"https:\/\/smpn3bogor.com\/vi-vn\/dieu-khoan-va-dieu-kien\/#Y_nghia_va_su_quan_trong_cua_Dieu_khoan_va_Dieu_kien\" >\u00dd ngh\u0129a v\u00e0 s\u1ef1 quan tr\u1ecdng c\u1ee7a \u0110i\u1ec1u kho\u1ea3n v\u00e0 \u0110i\u1ec1u ki\u1ec7n<\/a><\/li><li class='ez-toc-page-1 ez-toc-heading-level-2'><a class=\"ez-toc-link ez-toc-heading-3\" href=\"https:\/\/smpn3bogor.com\/vi-vn\/dieu-khoan-va-dieu-kien\/#Cac_diem_chinh_trong_Cac_Dieu_khoan_va_Dieu_kien_cua_AX88\" >C\u00e1c \u0111i\u1ec3m ch\u00ednh trong C\u00e1c \u0110i\u1ec1u kho\u1ea3n v\u00e0 \u0110i\u1ec1u ki\u1ec7n c\u1ee7a AX88.<\/a><\/li><li class='ez-toc-page-1 ez-toc-heading-level-2'><a class=\"ez-toc-link ez-toc-heading-4\" href=\"https:\/\/smpn3bogor.com\/vi-vn\/dieu-khoan-va-dieu-kien\/#Phuong_phap_tiep_can_va_cach_thuc_ap_dung_cac_Dieu_khoan_va_Dieu_kien\" >Ph\u01b0\u01a1ng ph\u00e1p ti\u1ebfp c\u1eadn v\u00e0 c\u00e1ch th\u1ee9c \u00e1p d\u1ee5ng c\u00e1c \u0110i\u1ec1u kho\u1ea3n v\u00e0 \u0110i\u1ec1u ki\u1ec7n<\/a><\/li><li class='ez-toc-page-1 ez-toc-heading-level-2'><a class=\"ez-toc-link ez-toc-heading-5\" href=\"https:\/\/smpn3bogor.com\/vi-vn\/dieu-khoan-va-dieu-kien\/#Ket_luan\" >K\u1ebft lu\u1eadn<\/a><\/li><\/ul><\/li><\/ul><\/nav><\/div>\n<h1 style=\"text-align: center;\"><span class=\"ez-toc-section\" id=\"Cac_Dieu_Khoan_Va_Dieu_Kien_Cua_AX88tv\"><\/span><b>C\u00e1c \u0110i\u1ec1u Kho\u1ea3n V\u00e0 \u0110i\u1ec1u Ki\u1ec7n C\u1ee7a AX88.tv<\/b><span class=\"ez-toc-section-end\"><\/span><\/h1>\n<p><span style=\"font-weight: 400;\"><a href=\"https:\/\/smpn3bogor.com\/dieu-khoan-va-dieu-kien\/\"><strong>\u0110i\u1ec1u kho\u1ea3n \u0111i\u1ec1u ki\u1ec7n<\/strong><\/a> AX88 l\u00e0 m\u1ed9t ph\u1ea7n quan tr\u1ecdng trong m\u1ed1i quan h\u1ec7 gi\u1eefa ng\u01b0\u1eddi d\u00f9ng v\u00e0 nh\u00e0 cung c\u1ea5p s\u1ea3n ph\u1ea9m, \u0111\u1eb7c bi\u1ec7t trong l\u0129nh v\u1ef1c c\u00f4ng ngh\u1ec7 gi\u00e1m s\u00e1t nh\u01b0 camera AX88. \u0110\u00e2y l\u00e0 t\u1eadp h\u1ee3p c\u00e1c quy \u0111\u1ecbnh, \u0111i\u1ec1u kho\u1ea3n ph\u00e1p l\u00fd v\u00e0 h\u01b0\u1edbng d\u1eabn s\u1eed d\u1ee5ng m\u00e0 m\u1ecdi kh\u00e1ch h\u00e0ng c\u1ea7n tu\u00e2n th\u1ee7 khi mua s\u1eafm, l\u1eafp \u0111\u1eb7t ho\u1eb7c s\u1eed d\u1ee5ng s\u1ea3n ph\u1ea9m c\u1ee7a AX88.<\/span><\/p>\n<p><span style=\"font-weight: 400;\">Trong b\u00e0i vi\u1ebft n\u00e0y, ch\u00fang ta s\u1ebd kh\u00e1m ph\u00e1 chi ti\u1ebft v\u1ec1 kh\u00e1i ni\u1ec7m n\u00e0y, \u00fd ngh\u0129a c\u1ee7a n\u00f3 \u0111\u1ed1i v\u1edbi ng\u01b0\u1eddi d\u00f9ng t\u1ea1i Vi\u1ec7t Nam, v\u00e0 c\u00e1ch n\u00f3 b\u1ea3o v\u1ec7 quy\u1ec1n l\u1ee3i c\u1ee7a c\u1ea3 hai b\u00ean. AX88, v\u1edbi t\u01b0 c\u00e1ch l\u00e0 m\u1ed9t th\u01b0\u01a1ng hi\u1ec7u h\u00e0ng \u0111\u1ea7u trong l\u0129nh v\u1ef1c camera gi\u00e1m s\u00e1t, cam k\u1ebft cung c\u1ea5p s\u1ef1 minh b\u1ea1ch th\u00f4ng qua c\u00e1c <strong>\u0111i\u1ec1u kho\u1ea3n v\u00e0 \u0111i\u1ec1u ki\u1ec7n<\/strong> n\u00e0y, gi\u00fap ng\u01b0\u1eddi d\u00f9ng hi\u1ec3u r\u00f5 tr\u00e1ch nhi\u1ec7m v\u00e0 l\u1ee3i \u00edch khi s\u1eed d\u1ee5ng s\u1ea3n ph\u1ea9m c\u1ee7a h\u1ecd.<\/span><\/p>\n<h2><span class=\"ez-toc-section\" id=\"Y_nghia_va_su_quan_trong_cua_Dieu_khoan_va_Dieu_kien\"><\/span><b>\u00dd ngh\u0129a v\u00e0 s\u1ef1 quan tr\u1ecdng c\u1ee7a \u0110i\u1ec1u kho\u1ea3n v\u00e0 \u0110i\u1ec1u ki\u1ec7n<\/b><span class=\"ez-toc-section-end\"><\/span><\/h2>\n<p><span style=\"font-weight: 400;\">Vi\u1ec7c ch\u1ea5p h\u00e0nh <strong>\u0111i\u1ec1u kho\u1ea3n v\u00e0 \u0111i\u1ec1u ki\u1ec7n<\/strong> AX88 kh\u00f4ng ch\u1ec9 l\u00e0 ngh\u0129a v\u1ee5 m\u00e0 c\u00f2n l\u00e0 c\u00e1ch \u0111\u1ec3 b\u1ea3o v\u1ec7 quy\u1ec1n l\u1ee3i c\u1ee7a ng\u01b0\u1eddi d\u00f9ng. Trong th\u1ebf gi\u1edbi c\u00f4ng ngh\u1ec7 ng\u00e0y nay, n\u01a1i d\u1eef li\u1ec7u c\u00e1 nh\u00e2n v\u00e0 an ninh m\u1ea1ng l\u00e0 nh\u1eefng v\u1ea5n \u0111\u1ec1 n\u00f3ng b\u1ecfng, c\u00e1c \u0111i\u1ec1u kho\u1ea3n n\u00e0y \u0111\u00f3ng vai tr\u00f2 nh\u01b0 m\u1ed9t &#8220;h\u1ee3p \u0111\u1ed3ng ng\u1ea7m&#8221; gi\u1eefa nh\u00e0 s\u1ea3n xu\u1ea5t v\u00e0 kh\u00e1ch h\u00e0ng.\u00a0<\/span><\/p>\n<figure id=\"attachment_312\" aria-describedby=\"caption-attachment-312\" style=\"width: 800px\" class=\"wp-caption aligncenter\"><img loading=\"lazy\" decoding=\"async\" class=\"size-full wp-image-312\" src=\"https:\/\/smpn3bogor.com\/wp-content\/uploads\/2025\/10\/dieu-khoan-dieu-kien-2.jpg\" alt=\"\u0110i\u1ec1u quan tr\u1ecdng c\u1ee7a \u0111i\u1ec1u kho\u1ea3n \u0111i\u1ec1u ki\u1ec7n\" width=\"800\" height=\"400\" title=\"\" srcset=\"https:\/\/smpn3bogor.com\/wp-content\/uploads\/2025\/10\/dieu-khoan-dieu-kien-2.jpg 800w, https:\/\/smpn3bogor.com\/wp-content\/uploads\/2025\/10\/dieu-khoan-dieu-kien-2-300x150.jpg 300w, https:\/\/smpn3bogor.com\/wp-content\/uploads\/2025\/10\/dieu-khoan-dieu-kien-2-768x384.jpg 768w\" sizes=\"auto, (max-width: 800px) 100vw, 800px\" \/><figcaption id=\"caption-attachment-312\" class=\"wp-caption-text\">\u0110i\u1ec1u quan tr\u1ecdng c\u1ee7a \u0111i\u1ec1u kho\u1ea3n \u0111i\u1ec1u ki\u1ec7n<\/figcaption><\/figure>\n<p><span style=\"font-weight: 400;\">\u0110\u1ed1i v\u1edbi AX88, m\u1ed9t th\u01b0\u01a1ng hi\u1ec7u chuy\u00ean v\u1ec1 camera gi\u00e1m s\u00e1t cao c\u1ea5p, \u0111i\u1ec1u kho\u1ea3n gi\u00fap l\u00e0m r\u00f5 tr\u00e1ch nhi\u1ec7m c\u1ee7a c\u00f4ng ty trong vi\u1ec7c cung c\u1ea5p s\u1ea3n ph\u1ea9m ch\u1ea5t l\u01b0\u1ee3ng, ch\u1eb3ng h\u1ea1n nh\u01b0 cam k\u1ebft b\u1ea3o h\u00e0nh l\u00ean \u0111\u1ebfn 2 n\u0103m cho c\u00e1c l\u1ed7i k\u1ef9 thu\u1eadt. \u0110\u1ed3ng th\u1eddi, n\u00f3 c\u0169ng y\u00eau c\u1ea7u ng\u01b0\u1eddi d\u00f9ng kh\u00f4ng s\u1eed d\u1ee5ng s\u1ea3n ph\u1ea9m cho c\u00e1c m\u1ee5c \u0111\u00edch b\u1ea5t h\u1ee3p ph\u00e1p, nh\u01b0 x\u00e2m ph\u1ea1m quy\u1ec1n ri\u00eang t\u01b0.\u00a0<\/span><\/p>\n<p><span style=\"font-weight: 400;\">T\u1ea1i Vi\u1ec7t Nam, n\u01a1i th\u1ecb tr\u01b0\u1eddng camera gi\u00e1m s\u00e1t \u0111ang ph\u00e1t tri\u1ec3n m\u1ea1nh, vi\u1ec7c tu\u00e2n th\u1ee7 c\u00e1c <strong>\u0111i\u1ec1u kho\u1ea3n v\u00e0 \u0111i\u1ec1u ki\u1ec7n<\/strong> n\u00e0y gi\u00fap tr\u00e1nh c\u00e1c tranh ch\u1ea5p ph\u00e1p l\u00fd v\u00e0 x\u00e2y d\u1ef1ng l\u00f2ng tin gi\u1eefa ng\u01b0\u1eddi d\u00f9ng v\u00e0 nh\u00e0 cung c\u1ea5p. T\u1ed5ng th\u1ec3, t\u1ea7m quan tr\u1ecdng c\u1ee7a n\u00f3 n\u1eb1m \u1edf kh\u1ea3 n\u0103ng gi\u1ea3m thi\u1ec3u r\u1ee7i ro, \u0111\u1ea3m b\u1ea3o t\u00ednh minh b\u1ea1ch v\u00e0 h\u1ed7 tr\u1ee3 ng\u01b0\u1eddi d\u00f9ng trong qu\u00e1 tr\u00ecnh s\u1eed d\u1ee5ng s\u1ea3n ph\u1ea9m.<\/span><\/p>\n<h2><span class=\"ez-toc-section\" id=\"Cac_diem_chinh_trong_Cac_Dieu_khoan_va_Dieu_kien_cua_AX88\"><\/span><b>C\u00e1c \u0111i\u1ec3m ch\u00ednh trong C\u00e1c \u0110i\u1ec1u kho\u1ea3n v\u00e0 \u0110i\u1ec1u ki\u1ec7n c\u1ee7a AX88.<\/b><span class=\"ez-toc-section-end\"><\/span><\/h2>\n<p><span style=\"font-weight: 400;\">Trong <strong>\u0111i\u1ec1u kho\u1ea3n v\u00e0 \u0111i\u1ec1u ki\u1ec7n<\/strong> AX88, c\u00f3 m\u1ed9t s\u1ed1 \u0111i\u1ec3m ch\u00ednh n\u1ed5i b\u1eadt m\u00e0 ng\u01b0\u1eddi d\u00f9ng c\u1ea7n l\u01b0u \u00fd \u0111\u1ec3 s\u1eed d\u1ee5ng s\u1ea3n ph\u1ea9m an to\u00e0n v\u00e0 hi\u1ec7u qu\u1ea3. \u0110\u1ec3 tr\u00ecnh b\u00e0y r\u00f5 r\u00e0ng, d\u01b0\u1edbi \u0111\u00e2y l\u00e0 c\u00e1c y\u1ebfu t\u1ed1 c\u1ed1t l\u00f5i:<\/span><\/p>\n<ul>\n<li style=\"font-weight: 400;\" aria-level=\"1\"><span style=\"font-weight: 400;\">B\u1ea3o h\u00e0nh v\u00e0 h\u1ed7 tr\u1ee3 k\u1ef9 thu\u1eadt: Quy \u0111\u1ecbnh th\u1eddi gian b\u1ea3o h\u00e0nh, \u0111i\u1ec1u ki\u1ec7n \u0111\u1ed5i tr\u1ea3 s\u1ea3n ph\u1ea9m, v\u00e0 c\u00e1ch li\u00ean h\u1ec7 h\u1ed7 tr\u1ee3 t\u1eeb \u0111\u1ed9i ng\u0169 AX88.<\/span><\/li>\n<li style=\"font-weight: 400;\" aria-level=\"1\"><span style=\"font-weight: 400;\">Ch\u00ednh s\u00e1ch b\u1ea3o m\u1eadt d\u1eef li\u1ec7u: Cam k\u1ebft b\u1ea3o v\u1ec7 th\u00f4ng tin c\u00e1 nh\u00e2n \u0111\u01b0\u1ee3c thu th\u1eadp qua camera, tu\u00e2n th\u1ee7 c\u00e1c quy \u0111\u1ecbnh ph\u00e1p lu\u1eadt v\u1ec1 d\u1eef li\u1ec7u.<\/span><\/li>\n<li style=\"font-weight: 400;\" aria-level=\"1\"><span style=\"font-weight: 400;\">Quy\u1ec1n s\u1edf h\u1eefu v\u00e0 s\u1eed d\u1ee5ng: X\u00e1c \u0111\u1ecbnh r\u1eb1ng s\u1ea3n ph\u1ea9m thu\u1ed9c s\u1edf h\u1eefu c\u1ee7a ng\u01b0\u1eddi d\u00f9ng, nh\u01b0ng c\u00f4ng ty gi\u1eef quy\u1ec1n s\u1edf h\u1eefu tr\u00ed tu\u1ec7 \u0111\u1ed1i v\u1edbi ph\u1ea7n m\u1ec1m v\u00e0 c\u00f4ng ngh\u1ec7.<\/span><\/li>\n<li style=\"font-weight: 400;\" aria-level=\"1\"><span style=\"font-weight: 400;\">\u0110i\u1ec1u kho\u1ea3n h\u1ee7y d\u1ecbch v\u1ee5: H\u01b0\u1edbng d\u1eabn v\u1ec1 vi\u1ec7c h\u1ee7y \u0111\u0103ng k\u00fd d\u1ecbch v\u1ee5 n\u1ebfu \u00e1p d\u1ee5ng, bao g\u1ed3m ph\u00ed ph\u1ea1t v\u00e0 th\u1eddi gian th\u00f4ng b\u00e1o.<\/span><\/li>\n<li style=\"font-weight: 400;\" aria-level=\"1\"><span style=\"font-weight: 400;\">Tr\u00e1ch nhi\u1ec7m ph\u00e1p l\u00fd: L\u01b0u \u00fd v\u1ec1 c\u00e1c h\u00e0nh vi b\u1ecb c\u1ea5m, nh\u01b0 s\u1eed d\u1ee5ng s\u1ea3n ph\u1ea9m cho m\u1ee5c \u0111\u00edch gi\u00e1m s\u00e1t tr\u00e1i ph\u00e9p, v\u00e0 h\u1eadu qu\u1ea3 ph\u00e1p l\u00fd c\u00f3 th\u1ec3 x\u1ea3y ra.<\/span><\/li>\n<\/ul>\n<figure id=\"attachment_313\" aria-describedby=\"caption-attachment-313\" style=\"width: 800px\" class=\"wp-caption aligncenter\"><img loading=\"lazy\" decoding=\"async\" class=\"size-full wp-image-313\" src=\"https:\/\/smpn3bogor.com\/wp-content\/uploads\/2025\/10\/dieu-khoan-dieu-kien-3.jpg\" alt=\"C\u00e1c \u0111i\u1ec1u kho\u1ea3n v\u00e0 \u0111i\u1ec1u ki\u1ec7n ch\u00ednh\" width=\"800\" height=\"400\" title=\"\" srcset=\"https:\/\/smpn3bogor.com\/wp-content\/uploads\/2025\/10\/dieu-khoan-dieu-kien-3.jpg 800w, https:\/\/smpn3bogor.com\/wp-content\/uploads\/2025\/10\/dieu-khoan-dieu-kien-3-300x150.jpg 300w, https:\/\/smpn3bogor.com\/wp-content\/uploads\/2025\/10\/dieu-khoan-dieu-kien-3-768x384.jpg 768w\" sizes=\"auto, (max-width: 800px) 100vw, 800px\" \/><figcaption id=\"caption-attachment-313\" class=\"wp-caption-text\">C\u00e1c \u0111i\u1ec1u kho\u1ea3n v\u00e0 \u0111i\u1ec1u ki\u1ec7n ch\u00ednh<\/figcaption><\/figure>\n<p><span style=\"font-weight: 400;\">Nh\u1eefng \u0111i\u1ec3m n\u00e0y \u0111\u01b0\u1ee3c x\u00e2y d\u1ef1ng d\u1ef1a tr\u00ean ti\u00eau chu\u1ea9n qu\u1ed1c t\u1ebf v\u00e0 \u0111i\u1ec1u ch\u1ec9nh theo ng\u1eef c\u1ea3nh Vi\u1ec7t Nam, gi\u00fap ng\u01b0\u1eddi d\u00f9ng d\u1ec5 d\u00e0ng tu\u00e2n th\u1ee7.<\/span><\/p>\n<h2><span class=\"ez-toc-section\" id=\"Phuong_phap_tiep_can_va_cach_thuc_ap_dung_cac_Dieu_khoan_va_Dieu_kien\"><\/span><b>Ph\u01b0\u01a1ng ph\u00e1p ti\u1ebfp c\u1eadn v\u00e0 c\u00e1ch th\u1ee9c \u00e1p d\u1ee5ng c\u00e1c \u0110i\u1ec1u kho\u1ea3n v\u00e0 \u0110i\u1ec1u ki\u1ec7n<\/b><span class=\"ez-toc-section-end\"><\/span><\/h2>\n<p><span style=\"font-weight: 400;\">\u0110\u1ec3 \u0111\u1ea3m b\u1ea3o r\u1eb1ng ng\u01b0\u1eddi d\u00f9ng c\u00f3 th\u1ec3 d\u1ec5 d\u00e0ng truy c\u1eadp v\u00e0 hi\u1ec3u <strong>\u0111i\u1ec1u kho\u1ea3n v\u00e0 \u0111i\u1ec1u ki\u1ec7n<\/strong> AX88, c\u00f4ng ty \u0111\u00e3 t\u00edch h\u1ee3p t\u00e0i li\u1ec7u n\u00e0y tr\u1ef1c ti\u1ebfp tr\u00ean trang web ch\u00ednh th\u1ee9c. Ng\u01b0\u1eddi d\u00f9ng n\u00ean d\u00e0nh th\u1eddi gian \u0111\u1ecdc k\u1ef9 tr\u01b0\u1edbc khi mua s\u1ea3n ph\u1ea9m, v\u00ec \u0111i\u1ec1u n\u00e0y gi\u00fap tr\u00e1nh hi\u1ec3u l\u1ea7m v\u00e0 c\u00e1c v\u1ea5n \u0111\u1ec1 sau n\u00e0y.<\/span><\/p>\n<p><span style=\"font-weight: 400;\">V\u00ed d\u1ee5, khi truy c\u1eadp trang li\u00ean h\u1ec7 c\u1ee7a AX88, b\u1ea1n c\u00f3 th\u1ec3 t\u00ecm th\u1ea5y bi\u1ec3u m\u1eabu \u0111\u1ec3 h\u1ecfi th\u00eam chi ti\u1ebft v\u1ec1 c\u00e1c \u0111i\u1ec1u kho\u1ea3n c\u1ee5 th\u1ec3. Trong qu\u00e1 tr\u00ecnh s\u1eed d\u1ee5ng, n\u1ebfu g\u1eb7p v\u1ea5n \u0111\u1ec1, vi\u1ec7c tham kh\u1ea3o t\u00e0i li\u1ec7u n\u00e0y c\u00f3 th\u1ec3 cung c\u1ea5p h\u01b0\u1edbng d\u1eabn r\u00f5 r\u00e0ng, ch\u1eb3ng h\u1ea1n nh\u01b0 c\u00e1ch x\u1eed l\u00fd khi camera g\u1eb7p l\u1ed7i ho\u1eb7c c\u1ea7n c\u1eadp nh\u1eadt ph\u1ea7n m\u1ec1m.<\/span><\/p>\n<figure id=\"attachment_314\" aria-describedby=\"caption-attachment-314\" style=\"width: 800px\" class=\"wp-caption aligncenter\"><img loading=\"lazy\" decoding=\"async\" class=\"size-full wp-image-314\" src=\"https:\/\/smpn3bogor.com\/wp-content\/uploads\/2025\/10\/dieu-khoan-dieu-kien-4.jpg\" alt=\"Ph\u01b0\u01a1ng ph\u00e1p \u00e1p d\u1ee5ng c\u00e1c \u0111i\u1ec1u kho\u1ea3n \u0111i\u1ec1u ki\u1ec7n c\u1ee7a ax88.tv\" width=\"800\" height=\"400\" title=\"\" srcset=\"https:\/\/smpn3bogor.com\/wp-content\/uploads\/2025\/10\/dieu-khoan-dieu-kien-4.jpg 800w, https:\/\/smpn3bogor.com\/wp-content\/uploads\/2025\/10\/dieu-khoan-dieu-kien-4-300x150.jpg 300w, https:\/\/smpn3bogor.com\/wp-content\/uploads\/2025\/10\/dieu-khoan-dieu-kien-4-768x384.jpg 768w\" sizes=\"auto, (max-width: 800px) 100vw, 800px\" \/><figcaption id=\"caption-attachment-314\" class=\"wp-caption-text\">Ph\u01b0\u01a1ng ph\u00e1p \u00e1p d\u1ee5ng c\u00e1c \u0111i\u1ec1u kho\u1ea3n \u0111i\u1ec1u ki\u1ec7n c\u1ee7a ax88.tv<\/figcaption><\/figure>\n<p><span style=\"font-weight: 400;\">AX88 khuy\u1ebfn kh\u00edch ng\u01b0\u1eddi d\u00f9ng li\u00ean h\u1ec7 tr\u1ef1c ti\u1ebfp qua email ho\u1eb7c s\u1ed1 \u0111i\u1ec7n tho\u1ea1i \u0111\u01b0\u1ee3c cung c\u1ea5p \u0111\u1ec3 nh\u1eadn t\u01b0 v\u1ea5n, \u0111\u1ea3m b\u1ea3o r\u1eb1ng m\u1ecdi th\u1eafc m\u1eafc \u0111\u1ec1u \u0111\u01b0\u1ee3c gi\u1ea3i quy\u1ebft m\u1ed9t c\u00e1ch chuy\u00ean nghi\u1ec7p. B\u1eb1ng c\u00e1ch n\u00e0y, ng\u01b0\u1eddi d\u00f9ng kh\u00f4ng ch\u1ec9 b\u1ea3o v\u1ec7 quy\u1ec1n l\u1ee3i c\u1ee7a m\u00ecnh m\u00e0 c\u00f2n t\u1eadn h\u01b0\u1edfng tr\u1ea3i nghi\u1ec7m s\u1ea3n ph\u1ea9m t\u1ed1t h\u01a1n.<\/span><\/p>\n<h2><span class=\"ez-toc-section\" id=\"Ket_luan\"><\/span><b>K\u1ebft lu\u1eadn<\/b><span class=\"ez-toc-section-end\"><\/span><\/h2>\n<p><span style=\"font-weight: 400;\">T\u00f3m l\u1ea1i, <strong>\u0111i\u1ec1u kho\u1ea3n v\u00e0 \u0111i\u1ec1u ki\u1ec7n<\/strong> AX88 l\u00e0 m\u1ed9t y\u1ebfu t\u1ed1 thi\u1ebft y\u1ebfu gi\u00fap x\u00e2y d\u1ef1ng m\u1ed1i quan h\u1ec7 tin c\u1eady gi\u1eefa ng\u01b0\u1eddi d\u00f9ng v\u00e0 th\u01b0\u01a1ng hi\u1ec7u, \u0111\u1eb7c bi\u1ec7t trong l\u0129nh v\u1ef1c c\u00f4ng ngh\u1ec7 gi\u00e1m s\u00e1t. Th\u00f4ng qua vi\u1ec7c hi\u1ec3u r\u00f5 \u0111\u1ecbnh ngh\u0129a, t\u1ea7m quan tr\u1ecdng v\u00e0 c\u00e1c \u0111i\u1ec3m ch\u00ednh, ng\u01b0\u1eddi d\u00f9ng c\u00f3 th\u1ec3 s\u1eed d\u1ee5ng s\u1ea3n ph\u1ea9m m\u1ed9t c\u00e1ch an to\u00e0n v\u00e0 hi\u1ec7u qu\u1ea3.\u00a0<\/span><\/p>\n<p><span style=\"font-weight: 400;\"><a href=\"https:\/\/smpn3bogor.com\/\"><strong>AX88<\/strong><\/a> cam k\u1ebft cung c\u1ea5p s\u1ef1 minh b\u1ea1ch v\u00e0 h\u1ed7 tr\u1ee3, khuy\u1ebfn kh\u00edch m\u1ecdi ng\u01b0\u1eddi truy c\u1eadp trang web ch\u00ednh th\u1ee9c \u0111\u1ec3 \u0111\u1ecdc to\u00e0n b\u1ed9 t\u00e0i li\u1ec7u. Cu\u1ed1i c\u00f9ng, vi\u1ec7c tu\u00e2n th\u1ee7 c\u00e1c \u0111i\u1ec1u kho\u1ea3n n\u00e0y kh\u00f4ng ch\u1ec9 b\u1ea3o v\u1ec7 quy\u1ec1n l\u1ee3i c\u00e1 nh\u00e2n m\u00e0 c\u00f2n g\u00f3p ph\u1ea7n v\u00e0o s\u1ef1 ph\u00e1t tri\u1ec3n b\u1ec1n v\u1eefng c\u1ee7a ng\u00e0nh c\u00f4ng ngh\u1ec7 t\u1ea1i Vi\u1ec7t Nam.<\/span><\/p>\n","protected":false},"excerpt":{"rendered":"<p>C\u00e1c \u0110i\u1ec1u Kho\u1ea3n V\u00e0 \u0110i\u1ec1u Ki\u1ec7n C\u1ee7a AX88.tv \u0110i\u1ec1u kho\u1ea3n \u0111i\u1ec1u ki\u1ec7n AX88 l\u00e0 m\u1ed9t ph\u1ea7n quan tr\u1ecdng trong m\u1ed1i quan h\u1ec7 gi\u1eefa ng\u01b0\u1eddi d\u00f9ng v\u00e0 nh\u00e0 cung c\u1ea5p s\u1ea3n ph\u1ea9m, \u0111\u1eb7c bi\u1ec7t trong l\u0129nh v\u1ef1c c\u00f4ng ngh\u1ec7 gi\u00e1m s\u00e1t nh\u01b0 camera AX88. \u0110\u00e2y l\u00e0 t\u1eadp h\u1ee3p c\u00e1c quy \u0111\u1ecbnh, \u0111i\u1ec1u kho\u1ea3n ph\u00e1p l\u00fd v\u00e0 [&#8230;]\n","protected":false},"author":1,"featured_media":315,"parent":0,"menu_order":0,"comment_status":"closed","ping_status":"closed","template":"","meta":{"footnotes":""},"class_list":["post-310","page","type-page","status-publish","has-post-thumbnail","hentry"],"_links":{"self":[{"href":"https:\/\/smpn3bogor.com\/vi-vn\/wp-json\/wp\/v2\/pages\/310","targetHints":{"allow":["GET"]}}],"collection":[{"href":"https:\/\/smpn3bogor.com\/vi-vn\/wp-json\/wp\/v2\/pages"}],"about":[{"href":"https:\/\/smpn3bogor.com\/vi-vn\/wp-json\/wp\/v2\/types\/page"}],"author":[{"embeddable":true,"href":"https:\/\/smpn3bogor.com\/vi-vn\/wp-json\/wp\/v2\/users\/1"}],"replies":[{"embeddable":true,"href":"https:\/\/smpn3bogor.com\/vi-vn\/wp-json\/wp\/v2\/comments?post=310"}],"version-history":[{"count":1,"href":"https:\/\/smpn3bogor.com\/vi-vn\/wp-json\/wp\/v2\/pages\/310\/revisions"}],"predecessor-version":[{"id":320,"href":"https:\/\/smpn3bogor.com\/vi-vn\/wp-json\/wp\/v2\/pages\/310\/revisions\/320"}],"wp:featuredmedia":[{"embeddable":true,"href":"https:\/\/smpn3bogor.com\/vi-vn\/wp-json\/wp\/v2\/media\/315"}],"wp:attachment":[{"href":"https:\/\/smpn3bogor.com\/vi-vn\/wp-json\/wp\/v2\/media?parent=310"}],"curies":[{"name":"wp","href":"https:\/\/api.w.org\/{rel}","templated":true}]}}