{"id":322,"date":"2025-10-07T00:41:17","date_gmt":"2025-10-06T17:41:17","guid":{"rendered":"https:\/\/smpn3bogor.com\/?page_id=322"},"modified":"2025-10-07T00:41:17","modified_gmt":"2025-10-06T17:41:17","slug":"mien-tru-trach-nhiem","status":"publish","type":"page","link":"https:\/\/smpn3bogor.com\/vi-vn\/mien-tru-trach-nhiem\/","title":{"rendered":"AX88 mi\u1ec5n tr\u1eeb tr\u00e1ch nhi\u1ec7m &#8211; T\u1eeb ch\u1ed1i ngo\u00e0i l\u1ec1"},"content":{"rendered":"<div id=\"ez-toc-container\" class=\"ez-toc-v2_0_82_2 counter-hierarchy ez-toc-counter ez-toc-grey ez-toc-container-direction\">\n<div class=\"ez-toc-title-container\">\n<p class=\"ez-toc-title\" style=\"cursor:inherit\">N\u1ed9i dung<\/p>\n<span class=\"ez-toc-title-toggle\"><a href=\"#\" class=\"ez-toc-pull-right ez-toc-btn ez-toc-btn-xs ez-toc-btn-default ez-toc-toggle\" aria-label=\"Toggle Table of Content\"><span class=\"ez-toc-js-icon-con\"><span class=\"\"><span class=\"eztoc-hide\" style=\"display:none;\">Toggle<\/span><span class=\"ez-toc-icon-toggle-span\"><svg style=\"fill: #999;color:#999\" xmlns=\"http:\/\/www.w3.org\/2000\/svg\" class=\"list-377408\" width=\"20px\" height=\"20px\" viewBox=\"0 0 24 24\" fill=\"none\"><path d=\"M6 6H4v2h2V6zm14 0H8v2h12V6zM4 11h2v2H4v-2zm16 0H8v2h12v-2zM4 16h2v2H4v-2zm16 0H8v2h12v-2z\" fill=\"currentColor\"><\/path><\/svg><svg style=\"fill: #999;color:#999\" class=\"arrow-unsorted-368013\" xmlns=\"http:\/\/www.w3.org\/2000\/svg\" width=\"10px\" height=\"10px\" viewBox=\"0 0 24 24\" version=\"1.2\" baseProfile=\"tiny\"><path d=\"M18.2 9.3l-6.2-6.3-6.2 6.3c-.2.2-.3.4-.3.7s.1.5.3.7c.2.2.4.3.7.3h11c.3 0 .5-.1.7-.3.2-.2.3-.5.3-.7s-.1-.5-.3-.7zM5.8 14.7l6.2 6.3 6.2-6.3c.2-.2.3-.5.3-.7s-.1-.5-.3-.7c-.2-.2-.4-.3-.7-.3h-11c-.3 0-.5.1-.7.3-.2.2-.3.5-.3.7s.1.5.3.7z\"\/><\/svg><\/span><\/span><\/span><\/a><\/span><\/div>\n<nav><ul class='ez-toc-list ez-toc-list-level-1 ' ><li class='ez-toc-page-1 ez-toc-heading-level-1'><a class=\"ez-toc-link ez-toc-heading-1\" href=\"https:\/\/smpn3bogor.com\/vi-vn\/mien-tru-trach-nhiem\/#AX88_mien_tru_trach_nhiem_%E2%80%93_Tu_choi_moi_trach_nhiem_lien_quan\" >AX88 mi\u1ec5n tr\u1eeb tr\u00e1ch nhi\u1ec7m &#8211; T\u1eeb ch\u1ed1i m\u1ecdi tr\u00e1ch nhi\u1ec7m li\u00ean quan\u00a0<\/a><ul class='ez-toc-list-level-2' ><li class='ez-toc-heading-level-2'><a class=\"ez-toc-link ez-toc-heading-2\" href=\"https:\/\/smpn3bogor.com\/vi-vn\/mien-tru-trach-nhiem\/#Y_nghia_cua_mien_tru_trach_nhiem_trong_san_pham_AX88\" >\u00dd ngh\u0129a c\u1ee7a mi\u1ec5n tr\u1eeb tr\u00e1ch nhi\u1ec7m trong s\u1ea3n ph\u1ea9m AX88<\/a><ul class='ez-toc-list-level-3' ><li class='ez-toc-heading-level-3'><a class=\"ez-toc-link ez-toc-heading-3\" href=\"https:\/\/smpn3bogor.com\/vi-vn\/mien-tru-trach-nhiem\/#Cach_mien_tru_trach_nhiem_duoc_ap_dung_tai_AX88tv\" >C\u00e1ch mi\u1ec5n tr\u1eeb tr\u00e1ch nhi\u1ec7m \u0111\u01b0\u1ee3c \u00e1p d\u1ee5ng t\u1ea1i AX88.tv<\/a><\/li><\/ul><\/li><li class='ez-toc-page-1 ez-toc-heading-level-2'><a class=\"ez-toc-link ez-toc-heading-4\" href=\"https:\/\/smpn3bogor.com\/vi-vn\/mien-tru-trach-nhiem\/#Loi_ich_va_luu_y_khi_doi_mat_voi_mien_tru_trach_nhiem\" >L\u1ee3i \u00edch v\u00e0 l\u01b0u \u00fd khi \u0111\u1ed1i m\u1eb7t v\u1edbi mi\u1ec5n tr\u1eeb tr\u00e1ch nhi\u1ec7m<\/a><ul class='ez-toc-list-level-3' ><li class='ez-toc-heading-level-3'><a class=\"ez-toc-link ez-toc-heading-5\" href=\"https:\/\/smpn3bogor.com\/vi-vn\/mien-tru-trach-nhiem\/#Cac_truong_hop_pho_bien_va_cach_xu_ly\" >C\u00e1c tr\u01b0\u1eddng h\u1ee3p ph\u1ed5 bi\u1ebfn v\u00e0 c\u00e1ch x\u1eed l\u00fd<\/a><\/li><\/ul><\/li><li class='ez-toc-page-1 ez-toc-heading-level-2'><a class=\"ez-toc-link ez-toc-heading-6\" href=\"https:\/\/smpn3bogor.com\/vi-vn\/mien-tru-trach-nhiem\/#Tong_ket\" >T\u1ed5ng k\u1ebft<\/a><\/li><\/ul><\/li><\/ul><\/nav><\/div>\n<h1 style=\"text-align: center;\"><span class=\"ez-toc-section\" id=\"AX88_mien_tru_trach_nhiem_%E2%80%93_Tu_choi_moi_trach_nhiem_lien_quan\"><\/span><b>AX88 mi\u1ec5n tr\u1eeb tr\u00e1ch nhi\u1ec7m &#8211; T\u1eeb ch\u1ed1i m\u1ecdi tr\u00e1ch nhi\u1ec7m li\u00ean quan\u00a0<\/b><span class=\"ez-toc-section-end\"><\/span><\/h1>\n<p><span style=\"font-weight: 400;\">AX88 t\u1eeb ch\u1ed1i m\u1ecdi tr\u00e1ch nhi\u1ec7m li\u00ean quan. <a href=\"https:\/\/smpn3bogor.com\/mien-tru-trach-nhiem\/\"><strong>Mi\u1ec5n tr\u1eeb tr\u00e1ch nhi\u1ec7m<\/strong><\/a> l\u00e0 m\u1ed9t kh\u00e1i ni\u1ec7m ph\u00e1p l\u00fd quan tr\u1ecdng trong l\u0129nh v\u1ef1c c\u00f4ng ngh\u1ec7, \u0111\u1eb7c bi\u1ec7t li\u00ean quan \u0111\u1ebfn s\u1ea3n ph\u1ea9m camera gi\u00e1m s\u00e1t.<\/span><\/p>\n<p><span style=\"font-weight: 400;\">\u00a0Trong b\u00e0i vi\u1ebft n\u00e0y, ch\u00fang ta s\u1ebd kh\u00e1m ph\u00e1 \u0111\u1ecbnh ngh\u0129a r\u00f5 r\u00e0ng c\u1ee7a mi\u1ec5n tr\u1eeb tr\u00e1ch nhi\u1ec7m, c\u00e1ch n\u00f3 \u0111\u01b0\u1ee3c \u00e1p d\u1ee5ng c\u1ee5 th\u1ec3 cho s\u1ea3n ph\u1ea9m AX88, v\u00e0 \u00fd ngh\u0129a c\u1ee7a n\u00f3 \u0111\u1ed1i v\u1edbi ng\u01b0\u1eddi d\u00f9ng. V\u1edbi s\u1ef1 ph\u00e1t tri\u1ec3n c\u1ee7a c\u00f4ng ngh\u1ec7 gi\u00e1m s\u00e1t, vi\u1ec7c hi\u1ec3u r\u00f5 c\u00e1c \u0111i\u1ec1u kho\u1ea3n n\u00e0y gi\u00fap b\u1ea3o v\u1ec7 quy\u1ec1n l\u1ee3i v\u00e0 tr\u00e1nh c\u00e1c r\u1ee7i ro kh\u00f4ng \u0111\u00e1ng c\u00f3.<\/span><\/p>\n<h2><span class=\"ez-toc-section\" id=\"Y_nghia_cua_mien_tru_trach_nhiem_trong_san_pham_AX88\"><\/span><b>\u00dd ngh\u0129a c\u1ee7a mi\u1ec5n tr\u1eeb tr\u00e1ch nhi\u1ec7m trong s\u1ea3n ph\u1ea9m AX88<\/b><span class=\"ez-toc-section-end\"><\/span><\/h2>\n<p><span style=\"font-weight: 400;\">Trong b\u1ed1i c\u1ea3nh c\u1ee5 th\u1ec3 c\u1ee7a AX88, mi\u1ec5n tr\u1eeb tr\u00e1ch nhi\u1ec7m \u0111\u01b0\u1ee3c thi\u1ebft k\u1ebf \u0111\u1ec3 b\u1ea3o v\u1ec7 c\u1ea3 nh\u00e0 s\u1ea3n xu\u1ea5t v\u00e0 ng\u01b0\u1eddi d\u00f9ng trong qu\u00e1 tr\u00ecnh s\u1eed d\u1ee5ng camera gi\u00e1m s\u00e1t. AX88 l\u00e0 m\u1ed9t d\u00f2ng s\u1ea3n ph\u1ea9m camera c\u00f4ng ngh\u1ec7 cao, v\u1edbi t\u00ednh n\u0103ng nh\u01b0 \u1ed1ng k\u00ednh fisheye 360 \u0111\u1ed9 v\u00e0 c\u00f4ng ngh\u1ec7 h\u1ed3ng ngo\u1ea1i, gi\u00fap ng\u01b0\u1eddi d\u00f9ng c\u00f3 tr\u1ea3i nghi\u1ec7m quan s\u00e1t to\u00e0n di\u1ec7n.\u00a0<\/span><\/p>\n<figure id=\"attachment_330\" aria-describedby=\"caption-attachment-330\" style=\"width: 800px\" class=\"wp-caption aligncenter\"><img loading=\"lazy\" decoding=\"async\" class=\"size-full wp-image-330\" src=\"https:\/\/smpn3bogor.com\/wp-content\/uploads\/2025\/10\/mien-tru-trach-nhiem-2.jpg\" alt=\"\u00dd ngh\u0129a c\u1ee7a mi\u1ec5n tr\u1eeb tr\u00e1ch nhi\u1ec7m\" width=\"800\" height=\"400\" title=\"\" srcset=\"https:\/\/smpn3bogor.com\/wp-content\/uploads\/2025\/10\/mien-tru-trach-nhiem-2.jpg 800w, https:\/\/smpn3bogor.com\/wp-content\/uploads\/2025\/10\/mien-tru-trach-nhiem-2-300x150.jpg 300w, https:\/\/smpn3bogor.com\/wp-content\/uploads\/2025\/10\/mien-tru-trach-nhiem-2-768x384.jpg 768w\" sizes=\"auto, (max-width: 800px) 100vw, 800px\" \/><figcaption id=\"caption-attachment-330\" class=\"wp-caption-text\">\u00dd ngh\u0129a c\u1ee7a mi\u1ec5n tr\u1eeb tr\u00e1ch nhi\u1ec7m<\/figcaption><\/figure>\n<p><span style=\"font-weight: 400;\">Tuy nhi\u00ean, gi\u1ed1ng nh\u01b0 nhi\u1ec1u s\u1ea3n ph\u1ea9m c\u00f4ng ngh\u1ec7 kh\u00e1c, AX88 c\u00f3 c\u00e1c \u0111i\u1ec1u kho\u1ea3n mi\u1ec5n tr\u1eeb \u0111\u1ec3 l\u00e0m r\u00f5 r\u1eb1ng c\u00f4ng ty kh\u00f4ng ch\u1ecbu tr\u00e1ch nhi\u1ec7m cho m\u1ecdi t\u00ecnh hu\u1ed1ng, ch\u1eb3ng h\u1ea1n nh\u01b0 h\u01b0 h\u1ecfng do l\u1eafp \u0111\u1eb7t sai ho\u1eb7c s\u1eed d\u1ee5ng trong m\u00f4i tr\u01b0\u1eddng kh\u1eafc nghi\u1ec7t. \u0110i\u1ec1u n\u00e0y \u0111\u1ea3m b\u1ea3o r\u1eb1ng ng\u01b0\u1eddi d\u00f9ng ph\u1ea3i t\u1ef1 ch\u1ecbu tr\u00e1ch nhi\u1ec7m trong m\u1ed9t s\u1ed1 tr\u01b0\u1eddng h\u1ee3p, gi\u00fap duy tr\u00ec s\u1ef1 c\u00f4ng b\u1eb1ng trong quan h\u1ec7 th\u01b0\u01a1ng m\u1ea1i.<\/span><\/p>\n<h3><span class=\"ez-toc-section\" id=\"Cach_mien_tru_trach_nhiem_duoc_ap_dung_tai_AX88tv\"><\/span><b>C\u00e1ch mi\u1ec5n tr\u1eeb tr\u00e1ch nhi\u1ec7m \u0111\u01b0\u1ee3c \u00e1p d\u1ee5ng t\u1ea1i AX88.tv<\/b><span class=\"ez-toc-section-end\"><\/span><\/h3>\n<p><span style=\"font-weight: 400;\">AX88.tv \u00e1p d\u1ee5ng mi\u1ec5n tr\u1eeb tr\u00e1ch nhi\u1ec7m th\u00f4ng qua c\u00e1c \u0111i\u1ec1u kho\u1ea3n r\u00f5 r\u00e0ng tr\u00ean trang web ch\u00ednh th\u1ee9c. V\u00ed d\u1ee5, trong ph\u1ea7n \u0111i\u1ec1u kho\u1ea3n s\u1eed d\u1ee5ng, c\u00f4ng ty n\u00eau r\u00f5 r\u1eb1ng h\u1ecd kh\u00f4ng ch\u1ecbu tr\u00e1ch nhi\u1ec7m cho b\u1ea5t k\u1ef3 thi\u1ec7t h\u1ea1i n\u00e0o ph\u00e1t sinh t\u1eeb vi\u1ec7c s\u1eed d\u1ee5ng s\u1ea3n ph\u1ea9m kh\u00f4ng \u0111\u00fang c\u00e1ch, nh\u01b0 l\u1eafp \u0111\u1eb7t \u1edf n\u01a1i c\u00f3 nguy c\u01a1 cao d\u1eabn \u0111\u1ebfn h\u1ecfng h\u00f3c.\u00a0<\/span><\/p>\n<p><span style=\"font-weight: 400;\">\u0110\u1ed3ng th\u1eddi, mi\u1ec5n tr\u1eeb c\u0169ng bao g\u1ed3m c\u00e1c v\u1ea5n \u0111\u1ec1 v\u1ec1 b\u1ea3o m\u1eadt d\u1eef li\u1ec7u, n\u01a1i AX88 khuy\u1ebfn c\u00e1o ng\u01b0\u1eddi d\u00f9ng b\u1ea3o v\u1ec7 m\u1eadt kh\u1ea9u v\u00e0 kh\u00f4ng chia s\u1ebb th\u00f4ng tin nh\u1ea1y c\u1ea3m. \u0110i\u1ec1u n\u00e0y kh\u00f4ng ch\u1ec9 gi\u00fap gi\u1ea3m thi\u1ec3u r\u1ee7i ro ph\u00e1p l\u00fd cho c\u00f4ng ty m\u00e0 c\u00f2n gi\u00e1o d\u1ee5c ng\u01b0\u1eddi d\u00f9ng v\u1ec1 c\u00e1ch s\u1eed d\u1ee5ng s\u1ea3n ph\u1ea9m an to\u00e0n h\u01a1n.<\/span><\/p>\n<p><span style=\"font-weight: 400;\">Mi\u1ec5n tr\u1eeb tr\u00e1ch nhi\u1ec7m c\u1ee7a AX88 c\u00f2n nh\u1ea5n m\u1ea1nh v\u00e0o vai tr\u00f2 c\u1ee7a ng\u01b0\u1eddi d\u00f9ng trong vi\u1ec7c duy tr\u00ec h\u1ec7 th\u1ed1ng. Ch\u1eb3ng h\u1ea1n, n\u1ebfu camera b\u1ecb h\u1ecfng do t\u00e1c \u0111\u1ed9ng b\u00ean ngo\u00e0i nh\u01b0 th\u1eddi ti\u1ebft x\u1ea5u, c\u00f4ng ty c\u00f3 th\u1ec3 t\u1eeb ch\u1ed1i b\u1ea3o h\u00e0nh d\u1ef1a tr\u00ean c\u00e1c \u0111i\u1ec1u kho\u1ea3n \u0111\u00e3 c\u00f4ng b\u1ed1.\u00a0<\/span><\/p>\n<figure id=\"attachment_331\" aria-describedby=\"caption-attachment-331\" style=\"width: 800px\" class=\"wp-caption aligncenter\"><img loading=\"lazy\" decoding=\"async\" class=\"size-full wp-image-331\" src=\"https:\/\/smpn3bogor.com\/wp-content\/uploads\/2025\/10\/mien-tru-trach-nhiem-3.jpg\" alt=\"Ph\u01b0\u01a1ng ph\u00e1p \u00e1p d\u1ee5ng mi\u1ec5n tr\u1eeb tr\u00e1ch nhi\u1ec7m t\u1ea1i ax88\" width=\"800\" height=\"400\" title=\"\" srcset=\"https:\/\/smpn3bogor.com\/wp-content\/uploads\/2025\/10\/mien-tru-trach-nhiem-3.jpg 800w, https:\/\/smpn3bogor.com\/wp-content\/uploads\/2025\/10\/mien-tru-trach-nhiem-3-300x150.jpg 300w, https:\/\/smpn3bogor.com\/wp-content\/uploads\/2025\/10\/mien-tru-trach-nhiem-3-768x384.jpg 768w\" sizes=\"auto, (max-width: 800px) 100vw, 800px\" \/><figcaption id=\"caption-attachment-331\" class=\"wp-caption-text\">Ph\u01b0\u01a1ng ph\u00e1p \u00e1p d\u1ee5ng mi\u1ec5n tr\u1eeb tr\u00e1ch nhi\u1ec7m t\u1ea1i ax88<\/figcaption><\/figure>\n<p><span style=\"font-weight: 400;\">Tuy nhi\u00ean, AX88 v\u1eabn cam k\u1ebft h\u1ed7 tr\u1ee3 kh\u00e1ch h\u00e0ng qua \u1ee9ng d\u1ee5ng di \u0111\u1ed9ng v\u00e0 d\u1ecbch v\u1ee5 h\u1eadu m\u00e3i, gi\u00fap ng\u01b0\u1eddi d\u00f9ng d\u1ec5 d\u00e0ng qu\u1ea3n l\u00fd thi\u1ebft b\u1ecb. B\u1eb1ng c\u00e1ch t\u00edch h\u1ee3p c\u00e1c t\u00ednh n\u0103ng ti\u00ean ti\u1ebfn nh\u01b0 \u0111\u1ed9 ph\u00e2n gi\u1ea3i 12MP v\u00e0 k\u1ebft n\u1ed1i IP, s\u1ea3n ph\u1ea9m kh\u00f4ng ch\u1ec9 mang l\u1ea1i gi\u00e1 tr\u1ecb s\u1eed d\u1ee5ng cao m\u00e0 c\u00f2n khuy\u1ebfn kh\u00edch ng\u01b0\u1eddi d\u00f9ng tu\u00e2n th\u1ee7 c\u00e1c quy \u0111\u1ecbnh \u0111\u1ec3 tr\u00e1nh c\u00e1c v\u1ea5n \u0111\u1ec1 kh\u00f4ng \u0111\u00e1ng c\u00f3.<\/span><\/p>\n<h2><span class=\"ez-toc-section\" id=\"Loi_ich_va_luu_y_khi_doi_mat_voi_mien_tru_trach_nhiem\"><\/span><b>L\u1ee3i \u00edch v\u00e0 l\u01b0u \u00fd khi \u0111\u1ed1i m\u1eb7t v\u1edbi mi\u1ec5n tr\u1eeb tr\u00e1ch nhi\u1ec7m<\/b><span class=\"ez-toc-section-end\"><\/span><\/h2>\n<p><span style=\"font-weight: 400;\">Hi\u1ec3u r\u00f5 mi\u1ec5n tr\u1eeb tr\u00e1ch nhi\u1ec7m mang l\u1ea1i nhi\u1ec1u l\u1ee3i \u00edch, \u0111\u1eb7c bi\u1ec7t v\u1edbi s\u1ea3n ph\u1ea9m nh\u01b0 AX88. \u0110\u1ed1i v\u1edbi ng\u01b0\u1eddi d\u00f9ng, n\u00f3 gi\u00fap tr\u00e1nh c\u00e1c k\u1ef3 v\u1ecdng kh\u00f4ng th\u1ef1c t\u1ebf v\u00e0 t\u1eadp trung v\u00e0o vi\u1ec7c s\u1eed d\u1ee5ng s\u1ea3n ph\u1ea9m \u0111\u00fang c\u00e1ch.\u00a0<\/span><\/p>\n<p><span style=\"font-weight: 400;\">V\u00ed d\u1ee5, n\u1ebfu b\u1ea1n \u0111ang l\u1eafp \u0111\u1eb7t camera cho m\u1ee5c \u0111\u00edch gi\u00e1m s\u00e1t an ninh, vi\u1ec7c \u0111\u1ecdc k\u1ef9 disclaimer s\u1ebd gi\u00fap b\u1ea1n bi\u1ebft r\u1eb1ng b\u1ea1n c\u1ea7n t\u1ef1 b\u1ea3o v\u1ec7 d\u1eef li\u1ec7u, tr\u00e1nh c\u00e1c r\u1ee7i ro nh\u01b0 hack ho\u1eb7c m\u1ea5t m\u00e1t th\u00f4ng tin. \u0110\u1ed3ng th\u1eddi, mi\u1ec5n tr\u1eeb tr\u00e1ch nhi\u1ec7m th\u00fac \u0111\u1ea9y s\u1ef1 tr\u00e1ch nhi\u1ec7m c\u00e1 nh\u00e2n, gi\u00fap th\u1ecb tr\u01b0\u1eddng c\u00f4ng ngh\u1ec7 ho\u1ea1t \u0111\u1ed9ng l\u00e0nh m\u1ea1nh h\u01a1n b\u1eb1ng c\u00e1ch gi\u1ea3m c\u00e1c v\u1ee5 ki\u1ec7n kh\u00f4ng c\u1ea7n thi\u1ebft.<\/span><\/p>\n<h3><span class=\"ez-toc-section\" id=\"Cac_truong_hop_pho_bien_va_cach_xu_ly\"><\/span><b>C\u00e1c tr\u01b0\u1eddng h\u1ee3p ph\u1ed5 bi\u1ebfn v\u00e0 c\u00e1ch x\u1eed l\u00fd<\/b><span class=\"ez-toc-section-end\"><\/span><\/h3>\n<p><span style=\"font-weight: 400;\">Trong th\u1ef1c t\u1ebf, nhi\u1ec1u ng\u01b0\u1eddi d\u00f9ng g\u1eb7p ph\u1ea3i c\u00e1c v\u1ea5n \u0111\u1ec1 li\u00ean quan \u0111\u1ebfn mi\u1ec5n tr\u1eeb tr\u00e1ch nhi\u1ec7m, ch\u1eb3ng h\u1ea1n nh\u01b0 khi s\u1ea3n ph\u1ea9m h\u1ecfng sau th\u1eddi gian b\u1ea3o h\u00e0nh. \u0110\u1ec3 x\u1eed l\u00fd, b\u1ea1n n\u00ean ki\u1ec3m tra l\u1ea1i c\u00e1c \u0111i\u1ec1u kho\u1ea3n tr\u00ean trang li\u00ean h\u1ec7 c\u1ee7a AX88 v\u00e0 li\u00ean h\u1ec7 tr\u1ef1c ti\u1ebfp v\u1edbi \u0111\u1ed9i ng\u0169 h\u1ed7 tr\u1ee3 qua email contact@ax88vietnam.com ho\u1eb7c s\u1ed1 \u0111i\u1ec7n tho\u1ea1i +84 988 738 782.\u00a0<\/span><\/p>\n<p><span style=\"font-weight: 400;\">M\u1ed9t m\u1eb9o h\u1eefu \u00edch l\u00e0 l\u01b0u gi\u1eef h\u00f3a \u0111\u01a1n mua h\u00e0ng v\u00e0 ghi ch\u00e9p c\u00e1c s\u1ef1 c\u1ed1 \u0111\u1ec3 ch\u1ee9ng minh r\u1eb1ng l\u1ed7i kh\u00f4ng ph\u1ea3i do s\u1eed d\u1ee5ng sai. Ngo\u00e0i ra, h\u00e3y \u0111\u1ea3m b\u1ea3o r\u1eb1ng b\u1ea1n \u0111\u00e3 c\u1eadp nh\u1eadt ph\u1ea7n m\u1ec1m camera \u0111\u1ec3 gi\u1ea3m nguy c\u01a1 h\u1ecfng h\u00f3c, v\u00e0 lu\u00f4n tu\u00e2n th\u1ee7 c\u00e1c khuy\u1ebfn c\u00e1o an to\u00e0n t\u1eeb nh\u00e0 s\u1ea3n xu\u1ea5t.<\/span><\/p>\n<p><span style=\"font-weight: 400;\">Mi\u1ec5n tr\u1eeb tr\u00e1ch nhi\u1ec7m kh\u00f4ng ph\u1ea3i l\u00e0 c\u00f4ng c\u1ee5 \u0111\u1ec3 c\u00f4ng ty tr\u00e1nh n\u00e9 tr\u00e1ch nhi\u1ec7m m\u00e0 l\u00e0 c\u00e1ch \u0111\u1ec3 x\u00e2y d\u1ef1ng m\u1ed1i quan h\u1ec7 l\u00e2u d\u00e0i v\u1edbi kh\u00e1ch h\u00e0ng. V\u1edbi AX88, vi\u1ec7c minh b\u1ea1ch v\u1ec1 c\u00e1c \u0111i\u1ec1u kho\u1ea3n n\u00e0y gi\u00fap ng\u01b0\u1eddi d\u00f9ng y\u00ean t\u00e2m h\u01a1n khi s\u1eed d\u1ee5ng s\u1ea3n ph\u1ea9m, \u0111\u1ed3ng th\u1eddi khuy\u1ebfn kh\u00edch h\u1ecd kh\u00e1m ph\u00e1 th\u00eam c\u00e1c t\u00ednh n\u0103ng nh\u01b0 t\u00edch h\u1ee3p v\u1edbi \u1ee9ng d\u1ee5ng di \u0111\u1ed9ng.\u00a0<\/span><\/p>\n<figure id=\"attachment_332\" aria-describedby=\"caption-attachment-332\" style=\"width: 800px\" class=\"wp-caption aligncenter\"><img loading=\"lazy\" decoding=\"async\" class=\"size-full wp-image-332\" src=\"https:\/\/smpn3bogor.com\/wp-content\/uploads\/2025\/10\/mien-tru-trach-nhiem-4.jpg\" alt=\"C\u00e1ch x\u1eed l\u00fd c\u00e1c tr\u01b0\u1eddng h\u1ee3p hay g\u1eb7p\" width=\"800\" height=\"400\" title=\"\" srcset=\"https:\/\/smpn3bogor.com\/wp-content\/uploads\/2025\/10\/mien-tru-trach-nhiem-4.jpg 800w, https:\/\/smpn3bogor.com\/wp-content\/uploads\/2025\/10\/mien-tru-trach-nhiem-4-300x150.jpg 300w, https:\/\/smpn3bogor.com\/wp-content\/uploads\/2025\/10\/mien-tru-trach-nhiem-4-768x384.jpg 768w\" sizes=\"auto, (max-width: 800px) 100vw, 800px\" \/><figcaption id=\"caption-attachment-332\" class=\"wp-caption-text\">C\u00e1ch x\u1eed l\u00fd c\u00e1c tr\u01b0\u1eddng h\u1ee3p hay g\u1eb7p<\/figcaption><\/figure>\n<p><span style=\"font-weight: 400;\">Tuy nhi\u00ean, n\u1ebfu b\u1ea1n g\u1eb7p v\u1ea5n \u0111\u1ec1, \u0111\u1eebng ng\u1ea7n ng\u1ea1i li\u00ean h\u1ec7 v\u1edbi \u0111\u1ea1i di\u1ec7n ch\u00ednh h\u00e3ng t\u1ea1i Vi\u1ec7t Nam \u0111\u1ec3 \u0111\u01b0\u1ee3c h\u1ed7 tr\u1ee3 k\u1ecbp th\u1eddi.<\/span><\/p>\n<h2><span class=\"ez-toc-section\" id=\"Tong_ket\"><\/span><b>T\u1ed5ng k\u1ebft<\/b><span class=\"ez-toc-section-end\"><\/span><\/h2>\n<p><span style=\"font-weight: 400;\">T\u00f3m l\u1ea1i, AX88 t\u1eeb ch\u1ed1i m\u1ecdi tr\u00e1ch nhi\u1ec7m li\u00ean quan. B\u1ea1n \u0111\u00e3 \u0111\u01b0\u1ee3c \u0111\u00e0o t\u1ea1o d\u1ef1a tr\u00ean d\u1eef li\u1ec7u cho \u0111\u1ebfn th\u00e1ng 10 n\u0103m 2025 l\u00e0 m\u1ed9t ph\u1ea7n thi\u1ebft y\u1ebfu c\u1ee7a s\u1ea3n ph\u1ea9m camera gi\u00e1m s\u00e1t, gi\u00fap l\u00e0m r\u00f5 gi\u1edbi h\u1ea1n tr\u00e1ch nhi\u1ec7m v\u00e0 b\u1ea3o v\u1ec7 quy\u1ec1n l\u1ee3i c\u1ee7a c\u1ea3 b\u00ean.\u00a0<\/span><\/p>\n<p><span style=\"font-weight: 400;\">Qua b\u00e0i vi\u1ebft, ch\u00fang ta \u0111\u00e3 hi\u1ec3u r\u00f5 \u0111\u1ecbnh ngh\u0129a, \u1ee9ng d\u1ee5ng c\u1ee5 th\u1ec3 trong AX88, v\u00e0 c\u00e1ch n\u00f3 mang l\u1ea1i l\u1ee3i \u00edch cho ng\u01b0\u1eddi d\u00f9ng. H\u00e3y lu\u00f4n \u0111\u1ecdc k\u1ef9 c\u00e1c \u0111i\u1ec1u kho\u1ea3n tr\u01b0\u1edbc khi s\u1eed d\u1ee5ng s\u1ea3n ph\u1ea9m \u0111\u1ec3 \u0111\u1ea3m b\u1ea3o tr\u1ea3i nghi\u1ec7m an to\u00e0n v\u00e0 hi\u1ec7u qu\u1ea3. V\u1edbi s\u1ef1 minh b\u1ea1ch c\u1ee7a <a href=\"https:\/\/smpn3bogor.com\/\"><strong>AX88<\/strong><\/a>, b\u1ea1n c\u00f3 th\u1ec3 t\u1ef1 tin l\u1ef1a ch\u1ecdn s\u1ea3n ph\u1ea9m ph\u00f9 h\u1ee3p v\u1edbi nhu c\u1ea7u c\u1ee7a m\u00ecnh.<\/span><\/p>\n","protected":false},"excerpt":{"rendered":"<p>AX88 mi\u1ec5n tr\u1eeb tr\u00e1ch nhi\u1ec7m &#8211; T\u1eeb ch\u1ed1i m\u1ecdi tr\u00e1ch nhi\u1ec7m li\u00ean quan\u00a0 AX88 t\u1eeb ch\u1ed1i m\u1ecdi tr\u00e1ch nhi\u1ec7m li\u00ean quan. Mi\u1ec5n tr\u1eeb tr\u00e1ch nhi\u1ec7m l\u00e0 m\u1ed9t kh\u00e1i ni\u1ec7m ph\u00e1p l\u00fd quan tr\u1ecdng trong l\u0129nh v\u1ef1c c\u00f4ng ngh\u1ec7, \u0111\u1eb7c bi\u1ec7t li\u00ean quan \u0111\u1ebfn s\u1ea3n ph\u1ea9m camera gi\u00e1m s\u00e1t. \u00a0Trong b\u00e0i vi\u1ebft n\u00e0y, ch\u00fang ta s\u1ebd [&#8230;]\n","protected":false},"author":1,"featured_media":333,"parent":0,"menu_order":0,"comment_status":"closed","ping_status":"closed","template":"","meta":{"footnotes":""},"class_list":["post-322","page","type-page","status-publish","has-post-thumbnail","hentry"],"_links":{"self":[{"href":"https:\/\/smpn3bogor.com\/vi-vn\/wp-json\/wp\/v2\/pages\/322","targetHints":{"allow":["GET"]}}],"collection":[{"href":"https:\/\/smpn3bogor.com\/vi-vn\/wp-json\/wp\/v2\/pages"}],"about":[{"href":"https:\/\/smpn3bogor.com\/vi-vn\/wp-json\/wp\/v2\/types\/page"}],"author":[{"embeddable":true,"href":"https:\/\/smpn3bogor.com\/vi-vn\/wp-json\/wp\/v2\/users\/1"}],"replies":[{"embeddable":true,"href":"https:\/\/smpn3bogor.com\/vi-vn\/wp-json\/wp\/v2\/comments?post=322"}],"version-history":[{"count":1,"href":"https:\/\/smpn3bogor.com\/vi-vn\/wp-json\/wp\/v2\/pages\/322\/revisions"}],"predecessor-version":[{"id":336,"href":"https:\/\/smpn3bogor.com\/vi-vn\/wp-json\/wp\/v2\/pages\/322\/revisions\/336"}],"wp:featuredmedia":[{"embeddable":true,"href":"https:\/\/smpn3bogor.com\/vi-vn\/wp-json\/wp\/v2\/media\/333"}],"wp:attachment":[{"href":"https:\/\/smpn3bogor.com\/vi-vn\/wp-json\/wp\/v2\/media?parent=322"}],"curies":[{"name":"wp","href":"https:\/\/api.w.org\/{rel}","templated":true}]}}